{"id":102,"date":"2017-03-09T23:56:23","date_gmt":"2017-03-09T23:56:23","guid":{"rendered":"http:\/\/noblleconsultoria.com.br\/?page_id=102"},"modified":"2017-04-03T18:51:22","modified_gmt":"2017-04-03T18:51:22","slug":"sub-prefeitura","status":"publish","type":"page","link":"https:\/\/noblleconsultoria.com.br\/index.php\/sub-prefeitura\/","title":{"rendered":"Sub &#8211; Prefeitura"},"content":{"rendered":"<h2><span style=\"color: #000000;\"><u><img decoding=\"async\" loading=\"lazy\" class=\"size-full wp-image-289 aligncenter\" src=\"http:\/\/noblleconsultoria.com.br\/wp-content\/uploads\/2017\/03\/SUB-PREF-Aprova\u00e7\u00e3o-de.jpg\" alt=\"\" width=\"542\" height=\"138\" srcset=\"https:\/\/noblleconsultoria.com.br\/wp-content\/uploads\/2017\/03\/SUB-PREF-Aprova\u00e7\u00e3o-de.jpg 542w, https:\/\/noblleconsultoria.com.br\/wp-content\/uploads\/2017\/03\/SUB-PREF-Aprova\u00e7\u00e3o-de-300x76.jpg 300w\" sizes=\"(max-width: 542px) 100vw, 542px\" \/>APROVA\u00c7\u00d4ES E ALVAR\u00c1S<\/u><\/span><\/h2>\n<h3><span style=\"color: #000000;\">Alvar\u00e1 de pequenas Reformas<\/span><\/h3>\n<p><span style=\"color: #000000;\">Fazemos o seu Alvar\u00e1 de Aprova\u00e7\u00e3o de reformas de acordo com a Coordenadoria de Planejamento<\/span><\/p>\n<p><span style=\"color: #000000;\"> e Desenvolvimento Urbano eSupervis\u00e3o de Uso do Solo e Licenciamentos &#8211;<\/span><\/p>\n<p><span style=\"color: #000000;\"> Divis\u00e3o de Aprova\u00e7\u00e3o de Projetos, Autorizando sua \u00c1rea edificada.<\/span><\/p>\n<h3><span style=\"color: #000000;\">Alvar\u00e1 de execu\u00e7\u00e3o<\/span><span style=\"color: #000000;\"><strong><br \/>\n<\/strong><\/span><\/h3>\n<p><span style=\"color: #000000;\">Aprovamos o projeto e o in\u00edcio da execu\u00e7\u00e3o de uma obra tendo prazos legais para prescrever ap\u00f3s a sua emiss\u00e3o.<\/span><\/p>\n<p><span style=\"color: #000000;\"> Sempre cumprindo sempre com nossos prazos.<\/span><\/p>\n<h3><span style=\"color: #000000;\">Alvar\u00e1 de Movimenta\u00e7\u00e3o de Terra<\/span><\/h3>\n<p><span style=\"color: #000000;\">Aprovamos seu projeto de nivelamento de lote dentro das condi\u00e7\u00f5es legais, e fora de problemas burocr\u00e1ticos.<\/span><\/p>\n<h3><span style=\"color: #000000;\">Aprova\u00e7\u00e3o de Projetos<\/span><\/h3>\n<p><span style=\"color: #000000;\">Aprovamos seu projeto de acordo com o Guia Para Aprova\u00e7\u00e3o de Projeto,\u00a0 que apresenta e explica os principais aspectos envolvidos na aprova\u00e7\u00e3o de projetos,<\/span><\/p>\n<p><span style=\"color: #000000;\"> desde as verifica\u00e7\u00f5es preliminares, passando pelas mais comuns interfer\u00eancias existente sobre o im\u00f3vel, <\/span><\/p>\n<p><span style=\"color: #000000;\">incluindo as principais interfaces com outros setores da Prefeitura envolvidos no licenciamento.<\/span><\/p>\n<h3><span style=\"color: #000000;\">Alvar\u00e1 de Demoli\u00e7\u00e3o <\/span><\/h3>\n<p><span style=\"color: #000000;\">Autorizamos\u00a0 a execu\u00e7\u00e3o de uma demoli\u00e7\u00e3o tendo prazos legais. <\/span><\/p>\n<p><span style=\"color: #000000;\">De acordo com os Org\u00e3os Superiores respons\u00e1veis para melhor atende-los.<\/span><\/p>\n<h3><span style=\"color: #000000;\">Habite-se<\/span><\/h3>\n<p><span style=\"color: #000000;\">Im\u00f3veis que n\u00e3o t\u00eam a certid\u00e3o do habite-se perdem o valor na hora da venda, pois est\u00e3o na <\/span><\/p>\n<p><span style=\"color: #000000;\">condi\u00e7\u00e3o de irregulares perante a prefeitura. <\/span><\/p>\n<p><span style=\"color: #000000;\">Elaboramos toda prepara\u00e7\u00e3o do habite-se de seu im\u00f3vel constru\u00eddo seguindo-se as exig\u00eancias <\/span><\/p>\n<p><span style=\"color: #000000;\">legisla\u00e7\u00e3o local) estabelecidas pela prefeitura para a aprova\u00e7\u00e3o de projetos.<br \/>\n<\/span><\/p>\n<h3><span style=\"color: #000000;\">Licen\u00e7a de Funcionamento <\/span><\/h3>\n<p><span style=\"color: #000000;\">Fazemos a Licen\u00e7a e o Alvar\u00e1 de funcionamento de atividades comerciais, industriais, <\/span><\/p>\n<p><span style=\"color: #000000;\">institucionais, de presta\u00e7\u00e3o de servi\u00e7os e similares pretendidas pelo interessado. <\/span><\/p>\n<p><span style=\"color: #000000;\">De acordo com as normas da prefeitura facilitando seu trabalho.<\/span><\/p>\n","protected":false},"excerpt":{"rendered":"<p>APROVA\u00c7\u00d4ES E ALVAR\u00c1S Alvar\u00e1 de pequenas Reformas Fazemos o seu Alvar\u00e1 de Aprova\u00e7\u00e3o de reformas de acordo com a Coordenadoria de Planejamento e Desenvolvimento Urbano eSupervis\u00e3o de Uso do Solo e Licenciamentos &#8211; Divis\u00e3o de Aprova\u00e7\u00e3o de Projetos, Autorizando sua \u00c1rea edificada. Alvar\u00e1 de execu\u00e7\u00e3o Aprovamos o projeto e o in\u00edcio da execu\u00e7\u00e3o de uma<\/p>\n","protected":false},"author":1,"featured_media":0,"parent":0,"menu_order":0,"comment_status":"closed","ping_status":"closed","template":"","meta":[],"yoast_head":"<!-- This site is optimized with the Yoast SEO plugin v19.11 - https:\/\/yoast.com\/wordpress\/plugins\/seo\/ -->\n<title>Sub - Prefeitura - Noblle consultoria<\/title>\n<meta name=\"robots\" content=\"index, follow, max-snippet:-1, max-image-preview:large, max-video-preview:-1\" \/>\n<link rel=\"canonical\" href=\"http:\/\/noblleconsultoria.com.br\/index.php\/sub-prefeitura\/\" \/>\n<meta property=\"og:locale\" content=\"pt_BR\" \/>\n<meta property=\"og:type\" content=\"article\" \/>\n<meta property=\"og:title\" content=\"Sub - Prefeitura - Noblle consultoria\" \/>\n<meta property=\"og:description\" content=\"APROVA\u00c7\u00d4ES E ALVAR\u00c1S Alvar\u00e1 de pequenas Reformas Fazemos o seu Alvar\u00e1 de Aprova\u00e7\u00e3o de reformas de acordo com a Coordenadoria de Planejamento e Desenvolvimento Urbano eSupervis\u00e3o de Uso do Solo e Licenciamentos &#8211; Divis\u00e3o de Aprova\u00e7\u00e3o de Projetos, Autorizando sua \u00c1rea edificada. Alvar\u00e1 de execu\u00e7\u00e3o Aprovamos o projeto e o in\u00edcio da execu\u00e7\u00e3o de uma\" \/>\n<meta property=\"og:url\" content=\"http:\/\/noblleconsultoria.com.br\/index.php\/sub-prefeitura\/\" \/>\n<meta property=\"og:site_name\" content=\"Noblle consultoria\" \/>\n<meta property=\"article:modified_time\" content=\"2017-04-03T18:51:22+00:00\" \/>\n<meta name=\"twitter:card\" content=\"summary_large_image\" \/>\n<meta name=\"twitter:label1\" content=\"Est. tempo de leitura\" \/>\n\t<meta name=\"twitter:data1\" content=\"1 minuto\" \/>\n<script type=\"application\/ld+json\" class=\"yoast-schema-graph\">{\"@context\":\"https:\/\/schema.org\",\"@graph\":[{\"@type\":\"WebPage\",\"@id\":\"http:\/\/noblleconsultoria.com.br\/index.php\/sub-prefeitura\/\",\"url\":\"http:\/\/noblleconsultoria.com.br\/index.php\/sub-prefeitura\/\",\"name\":\"Sub - Prefeitura - Noblle consultoria\",\"isPartOf\":{\"@id\":\"https:\/\/noblleconsultoria.com.br\/#website\"},\"datePublished\":\"2017-03-09T23:56:23+00:00\",\"dateModified\":\"2017-04-03T18:51:22+00:00\",\"breadcrumb\":{\"@id\":\"http:\/\/noblleconsultoria.com.br\/index.php\/sub-prefeitura\/#breadcrumb\"},\"inLanguage\":\"pt-BR\",\"potentialAction\":[{\"@type\":\"ReadAction\",\"target\":[\"http:\/\/noblleconsultoria.com.br\/index.php\/sub-prefeitura\/\"]}]},{\"@type\":\"BreadcrumbList\",\"@id\":\"http:\/\/noblleconsultoria.com.br\/index.php\/sub-prefeitura\/#breadcrumb\",\"itemListElement\":[{\"@type\":\"ListItem\",\"position\":1,\"name\":\"In\u00edcio\",\"item\":\"https:\/\/noblleconsultoria.com.br\/\"},{\"@type\":\"ListItem\",\"position\":2,\"name\":\"Sub &#8211; Prefeitura\"}]},{\"@type\":\"WebSite\",\"@id\":\"https:\/\/noblleconsultoria.com.br\/#website\",\"url\":\"https:\/\/noblleconsultoria.com.br\/\",\"name\":\"Noblle consultoria\",\"description\":\"Regulariza\u00e7\u00e3o de im\u00f3vel\",\"publisher\":{\"@id\":\"https:\/\/noblleconsultoria.com.br\/#organization\"},\"potentialAction\":[{\"@type\":\"SearchAction\",\"target\":{\"@type\":\"EntryPoint\",\"urlTemplate\":\"https:\/\/noblleconsultoria.com.br\/?s={search_term_string}\"},\"query-input\":\"required name=search_term_string\"}],\"inLanguage\":\"pt-BR\"},{\"@type\":\"Organization\",\"@id\":\"https:\/\/noblleconsultoria.com.br\/#organization\",\"name\":\"Noblle consultoria\",\"url\":\"https:\/\/noblleconsultoria.com.br\/\",\"logo\":{\"@type\":\"ImageObject\",\"inLanguage\":\"pt-BR\",\"@id\":\"https:\/\/noblleconsultoria.com.br\/#\/schema\/logo\/image\/\",\"url\":\"https:\/\/noblleconsultoria.com.br\/wp-content\/uploads\/2017\/02\/noblle-consultoria.jpg\",\"contentUrl\":\"https:\/\/noblleconsultoria.com.br\/wp-content\/uploads\/2017\/02\/noblle-consultoria.jpg\",\"width\":215,\"height\":121,\"caption\":\"Noblle consultoria\"},\"image\":{\"@id\":\"https:\/\/noblleconsultoria.com.br\/#\/schema\/logo\/image\/\"}}]}<\/script>\n<!-- \/ Yoast SEO plugin. -->","yoast_head_json":{"title":"Sub - Prefeitura - Noblle consultoria","robots":{"index":"index","follow":"follow","max-snippet":"max-snippet:-1","max-image-preview":"max-image-preview:large","max-video-preview":"max-video-preview:-1"},"canonical":"http:\/\/noblleconsultoria.com.br\/index.php\/sub-prefeitura\/","og_locale":"pt_BR","og_type":"article","og_title":"Sub - Prefeitura - Noblle consultoria","og_description":"APROVA\u00c7\u00d4ES E ALVAR\u00c1S Alvar\u00e1 de pequenas Reformas Fazemos o seu Alvar\u00e1 de Aprova\u00e7\u00e3o de reformas de acordo com a Coordenadoria de Planejamento e Desenvolvimento Urbano eSupervis\u00e3o de Uso do Solo e Licenciamentos &#8211; Divis\u00e3o de Aprova\u00e7\u00e3o de Projetos, Autorizando sua \u00c1rea edificada. Alvar\u00e1 de execu\u00e7\u00e3o Aprovamos o projeto e o in\u00edcio da execu\u00e7\u00e3o de uma","og_url":"http:\/\/noblleconsultoria.com.br\/index.php\/sub-prefeitura\/","og_site_name":"Noblle consultoria","article_modified_time":"2017-04-03T18:51:22+00:00","twitter_card":"summary_large_image","twitter_misc":{"Est. tempo de leitura":"1 minuto"},"schema":{"@context":"https:\/\/schema.org","@graph":[{"@type":"WebPage","@id":"http:\/\/noblleconsultoria.com.br\/index.php\/sub-prefeitura\/","url":"http:\/\/noblleconsultoria.com.br\/index.php\/sub-prefeitura\/","name":"Sub - Prefeitura - Noblle consultoria","isPartOf":{"@id":"https:\/\/noblleconsultoria.com.br\/#website"},"datePublished":"2017-03-09T23:56:23+00:00","dateModified":"2017-04-03T18:51:22+00:00","breadcrumb":{"@id":"http:\/\/noblleconsultoria.com.br\/index.php\/sub-prefeitura\/#breadcrumb"},"inLanguage":"pt-BR","potentialAction":[{"@type":"ReadAction","target":["http:\/\/noblleconsultoria.com.br\/index.php\/sub-prefeitura\/"]}]},{"@type":"BreadcrumbList","@id":"http:\/\/noblleconsultoria.com.br\/index.php\/sub-prefeitura\/#breadcrumb","itemListElement":[{"@type":"ListItem","position":1,"name":"In\u00edcio","item":"https:\/\/noblleconsultoria.com.br\/"},{"@type":"ListItem","position":2,"name":"Sub &#8211; Prefeitura"}]},{"@type":"WebSite","@id":"https:\/\/noblleconsultoria.com.br\/#website","url":"https:\/\/noblleconsultoria.com.br\/","name":"Noblle consultoria","description":"Regulariza\u00e7\u00e3o de im\u00f3vel","publisher":{"@id":"https:\/\/noblleconsultoria.com.br\/#organization"},"potentialAction":[{"@type":"SearchAction","target":{"@type":"EntryPoint","urlTemplate":"https:\/\/noblleconsultoria.com.br\/?s={search_term_string}"},"query-input":"required name=search_term_string"}],"inLanguage":"pt-BR"},{"@type":"Organization","@id":"https:\/\/noblleconsultoria.com.br\/#organization","name":"Noblle consultoria","url":"https:\/\/noblleconsultoria.com.br\/","logo":{"@type":"ImageObject","inLanguage":"pt-BR","@id":"https:\/\/noblleconsultoria.com.br\/#\/schema\/logo\/image\/","url":"https:\/\/noblleconsultoria.com.br\/wp-content\/uploads\/2017\/02\/noblle-consultoria.jpg","contentUrl":"https:\/\/noblleconsultoria.com.br\/wp-content\/uploads\/2017\/02\/noblle-consultoria.jpg","width":215,"height":121,"caption":"Noblle consultoria"},"image":{"@id":"https:\/\/noblleconsultoria.com.br\/#\/schema\/logo\/image\/"}}]}},"_links":{"self":[{"href":"https:\/\/noblleconsultoria.com.br\/index.php\/wp-json\/wp\/v2\/pages\/102"}],"collection":[{"href":"https:\/\/noblleconsultoria.com.br\/index.php\/wp-json\/wp\/v2\/pages"}],"about":[{"href":"https:\/\/noblleconsultoria.com.br\/index.php\/wp-json\/wp\/v2\/types\/page"}],"author":[{"embeddable":true,"href":"https:\/\/noblleconsultoria.com.br\/index.php\/wp-json\/wp\/v2\/users\/1"}],"replies":[{"embeddable":true,"href":"https:\/\/noblleconsultoria.com.br\/index.php\/wp-json\/wp\/v2\/comments?post=102"}],"version-history":[{"count":5,"href":"https:\/\/noblleconsultoria.com.br\/index.php\/wp-json\/wp\/v2\/pages\/102\/revisions"}],"predecessor-version":[{"id":290,"href":"https:\/\/noblleconsultoria.com.br\/index.php\/wp-json\/wp\/v2\/pages\/102\/revisions\/290"}],"wp:attachment":[{"href":"https:\/\/noblleconsultoria.com.br\/index.php\/wp-json\/wp\/v2\/media?parent=102"}],"curies":[{"name":"wp","href":"https:\/\/api.w.org\/{rel}","templated":true}]}}