{"id":108,"date":"2017-03-10T00:00:48","date_gmt":"2017-03-10T00:00:48","guid":{"rendered":"http:\/\/noblleconsultoria.com.br\/?page_id=108"},"modified":"2017-04-03T18:44:26","modified_gmt":"2017-04-03T18:44:26","slug":"consulta-preliminar","status":"publish","type":"page","link":"https:\/\/noblleconsultoria.com.br\/index.php\/consulta-preliminar\/","title":{"rendered":"Consulta preliminar"},"content":{"rendered":"<h2><span style=\"color: #000000;\"><u><img decoding=\"async\" loading=\"lazy\" class=\"wp-image-283 aligncenter\" src=\"http:\/\/noblleconsultoria.com.br\/wp-content\/uploads\/2017\/03\/CONLSULTA-PRELIMINAR_900x349.jpg\" alt=\"\" width=\"645\" height=\"250\" srcset=\"https:\/\/noblleconsultoria.com.br\/wp-content\/uploads\/2017\/03\/CONLSULTA-PRELIMINAR_900x349.jpg 900w, https:\/\/noblleconsultoria.com.br\/wp-content\/uploads\/2017\/03\/CONLSULTA-PRELIMINAR_900x349-300x116.jpg 300w, https:\/\/noblleconsultoria.com.br\/wp-content\/uploads\/2017\/03\/CONLSULTA-PRELIMINAR_900x349-768x298.jpg 768w\" sizes=\"(max-width: 645px) 100vw, 645px\" \/>1 &#8211; AN\u00c1LISES PRELIMINARES<\/u><\/span><\/h2>\n<h3><span style=\"color: #000000;\">Consultoria<\/span><\/h3>\n<p><span style=\"color: #000000;\">Propomos\u00a0 o servi\u00e7o de apoio aos gestores ou propriet\u00e1rios de im\u00f3veis, para auxiliar nas tomadas de <\/span><\/p>\n<p><span style=\"color: #000000;\">decis\u00f5es estrat\u00e9gicas, com grande impacto sobre os resultados atuais e futuros da organiza\u00e7\u00e3o.<\/span><\/p>\n<p><span style=\"color: #000000;\">O foco da consultoria \u00e9 definir a melhor alternativa de a\u00e7\u00e3o num ambiente de neg\u00f3cios repleto de <\/span><\/p>\n<p><span style=\"color: #000000;\">incertezas, riscos, competi\u00e7\u00e3o e possibilidades desconhecidas, que representam para os gestores da <\/span><\/p>\n<p><span style=\"color: #000000;\">empresa um problema complexo e de grande import\u00e2ncia.<\/span><\/p>\n<p><span style=\"color: #000000;\"><strong>Diagn\u00f3stico do Projeto<\/strong><\/span><\/p>\n<p><span style=\"color: #000000;\">Muitos dos problemas relacionados \u00e0 inadequa\u00e7\u00f5es t\u00e9cnicas, mercadol\u00f3gicas e financeiras de <\/span><\/p>\n<p><span style=\"color: #000000;\">empreendimentos, t\u00eam como causa principal a inefici\u00eancia do processo de projeto. Este importante <\/span><\/p>\n<p><span style=\"color: #000000;\">processo, como pode ser observado por diversos pesquisadores, ocorre de maneira informal, <\/span><\/p>\n<p><span style=\"color: #000000;\">normalmente desenvolvido de forma n\u00e3o planejada, fragmentada, sem uma vis\u00e3o global e integrada <\/span><\/p>\n<p><span style=\"color: #000000;\">entre projeto e produ\u00e7\u00e3o. Por este motivo\u00a0 damos a maior aten\u00e7\u00e3o e assist\u00eancia ao diagn\u00f3stico de <\/span><\/p>\n<p><span style=\"color: #000000;\">seu projeto.<\/span><\/p>\n<h3><span style=\"color: #000000;\">Estudo de Viabilidade e Implanta\u00e7\u00e3o<\/span><span style=\"color: #000000;\"><strong><br \/>\n<\/strong><\/span><\/h3>\n<p><span style=\"color: #000000;\">Fazemos um estudo de viabilidade para implanta\u00e7\u00e3o de empreendimentos imobili\u00e1rios comerciais, baseado em dados obtidos de an\u00e1lises t\u00e9cnicas do mercado imobili\u00e1rio de S\u00e3o Paulo, que insere conceitos de viabilidade e risco econ\u00f4mico-financeiro. Fazendo com que seu projeto seja feito longe de riscos burocr\u00e1ticos e fora de normas legais.<\/span><\/p>\n<h3><span style=\"color: #000000;\">Levantamento F\u00edsico do Im\u00f3vel<\/span><\/h3>\n<p><span style=\"color: #000000;\">Nesta etapa s\u00e3o realizadas todas as atividades de levantamento f\u00edsico dos espa\u00e7os <\/span><\/p>\n<p><span style=\"color: #000000;\">com fotos, medi\u00e7\u00f5es, inspe\u00e7\u00f5es, etc. <\/span><\/p>\n<p><span style=\"color: #000000;\">A partir da coleta e an\u00e1lise dos dados, \u00e9 tra\u00e7ado junto com o cliente o programa de <\/span><\/p>\n<p><span style=\"color: #000000;\">necessidades, defini\u00e7\u00e3o de prazos, verba dispon\u00edvel e as metas a serem atingidas.<\/span><\/p>\n<h3><\/h3>\n<h3><strong><span style=\"color: #000000;\">Levantamento Planialtim\u00e9trico e cadastral<\/span><\/strong><\/h3>\n<p><span style=\"color: #000000;\"><strong>\u00a0<\/strong><\/span><\/p>\n<p><span style=\"color: #000000;\">Determinamos dimens\u00e3o, contorno e a posi\u00e7\u00e3o relativa de uma por\u00e7\u00e3o limitada da superf\u00edcie terrestre \u00e9 a base de qualquer projeto ou qualquer obra a ser realizada. Portanto, \u00e9 fundamental o conhecimento pormenorizado deste terreno; e os levantamentos realizados com apoio de equipamentos GPS de precis\u00e3o ou de equipamentos topogr\u00e1ficos ou geod\u00e9sicos, fornecem os m\u00e9todos e os instrumentos que permitem este conhecimento do terreno e asseguram uma correta implanta\u00e7\u00e3o das obras ou servi\u00e7os. <\/span><\/p>\n<p>&nbsp;<\/p>\n<h3><span style=\"color: #000000;\"><strong>Pesquisa junto aos \u00d3rg\u00e3os P\u00fablicos <\/strong><\/span><\/h3>\n<p>&nbsp;<\/p>\n<p><span style=\"color: #000000;\">Nossas pesquisas s\u00e3o rigorosamente feitas bom base nos Org\u00e3os P\u00fablicos para <\/span><\/p>\n<p><span style=\"color: #000000;\">melhor atende-los e assim realizar com efic\u00e1cia e prontid\u00e3o detalhadamente cada <\/span><\/p>\n<p><span style=\"color: #000000;\">projeto e para bem melhor atende-los.<\/span><\/p>\n","protected":false},"excerpt":{"rendered":"<p>1 &#8211; AN\u00c1LISES PRELIMINARES Consultoria Propomos\u00a0 o servi\u00e7o de apoio aos gestores ou propriet\u00e1rios de im\u00f3veis, para auxiliar nas tomadas de decis\u00f5es estrat\u00e9gicas, com grande impacto sobre os resultados atuais e futuros da organiza\u00e7\u00e3o. O foco da consultoria \u00e9 definir a melhor alternativa de a\u00e7\u00e3o num ambiente de neg\u00f3cios repleto de incertezas, riscos, competi\u00e7\u00e3o e<\/p>\n","protected":false},"author":1,"featured_media":0,"parent":0,"menu_order":0,"comment_status":"closed","ping_status":"closed","template":"","meta":[],"yoast_head":"<!-- This site is optimized with the Yoast SEO plugin v19.11 - https:\/\/yoast.com\/wordpress\/plugins\/seo\/ -->\n<title>Consulta preliminar - Noblle consultoria<\/title>\n<meta name=\"robots\" content=\"index, follow, max-snippet:-1, max-image-preview:large, max-video-preview:-1\" \/>\n<link rel=\"canonical\" href=\"http:\/\/noblleconsultoria.com.br\/index.php\/consulta-preliminar\/\" \/>\n<meta property=\"og:locale\" content=\"pt_BR\" \/>\n<meta property=\"og:type\" content=\"article\" \/>\n<meta property=\"og:title\" content=\"Consulta preliminar - Noblle consultoria\" \/>\n<meta property=\"og:description\" content=\"1 &#8211; AN\u00c1LISES PRELIMINARES Consultoria Propomos\u00a0 o servi\u00e7o de apoio aos gestores ou propriet\u00e1rios de im\u00f3veis, para auxiliar nas tomadas de decis\u00f5es estrat\u00e9gicas, com grande impacto sobre os resultados atuais e futuros da organiza\u00e7\u00e3o. O foco da consultoria \u00e9 definir a melhor alternativa de a\u00e7\u00e3o num ambiente de neg\u00f3cios repleto de incertezas, riscos, competi\u00e7\u00e3o e\" \/>\n<meta property=\"og:url\" content=\"http:\/\/noblleconsultoria.com.br\/index.php\/consulta-preliminar\/\" \/>\n<meta property=\"og:site_name\" content=\"Noblle consultoria\" \/>\n<meta property=\"article:modified_time\" content=\"2017-04-03T18:44:26+00:00\" \/>\n<meta property=\"og:image\" content=\"http:\/\/noblleconsultoria.com.br\/wp-content\/uploads\/2017\/03\/CONLSULTA-PRELIMINAR_900x349.jpg\" \/>\n<meta name=\"twitter:card\" content=\"summary_large_image\" \/>\n<meta name=\"twitter:label1\" content=\"Est. tempo de leitura\" \/>\n\t<meta name=\"twitter:data1\" content=\"2 minutos\" \/>\n<script type=\"application\/ld+json\" class=\"yoast-schema-graph\">{\"@context\":\"https:\/\/schema.org\",\"@graph\":[{\"@type\":\"WebPage\",\"@id\":\"http:\/\/noblleconsultoria.com.br\/index.php\/consulta-preliminar\/\",\"url\":\"http:\/\/noblleconsultoria.com.br\/index.php\/consulta-preliminar\/\",\"name\":\"Consulta preliminar - Noblle consultoria\",\"isPartOf\":{\"@id\":\"https:\/\/noblleconsultoria.com.br\/#website\"},\"datePublished\":\"2017-03-10T00:00:48+00:00\",\"dateModified\":\"2017-04-03T18:44:26+00:00\",\"breadcrumb\":{\"@id\":\"http:\/\/noblleconsultoria.com.br\/index.php\/consulta-preliminar\/#breadcrumb\"},\"inLanguage\":\"pt-BR\",\"potentialAction\":[{\"@type\":\"ReadAction\",\"target\":[\"http:\/\/noblleconsultoria.com.br\/index.php\/consulta-preliminar\/\"]}]},{\"@type\":\"BreadcrumbList\",\"@id\":\"http:\/\/noblleconsultoria.com.br\/index.php\/consulta-preliminar\/#breadcrumb\",\"itemListElement\":[{\"@type\":\"ListItem\",\"position\":1,\"name\":\"In\u00edcio\",\"item\":\"https:\/\/noblleconsultoria.com.br\/\"},{\"@type\":\"ListItem\",\"position\":2,\"name\":\"Consulta preliminar\"}]},{\"@type\":\"WebSite\",\"@id\":\"https:\/\/noblleconsultoria.com.br\/#website\",\"url\":\"https:\/\/noblleconsultoria.com.br\/\",\"name\":\"Noblle consultoria\",\"description\":\"Regulariza\u00e7\u00e3o de im\u00f3vel\",\"publisher\":{\"@id\":\"https:\/\/noblleconsultoria.com.br\/#organization\"},\"potentialAction\":[{\"@type\":\"SearchAction\",\"target\":{\"@type\":\"EntryPoint\",\"urlTemplate\":\"https:\/\/noblleconsultoria.com.br\/?s={search_term_string}\"},\"query-input\":\"required name=search_term_string\"}],\"inLanguage\":\"pt-BR\"},{\"@type\":\"Organization\",\"@id\":\"https:\/\/noblleconsultoria.com.br\/#organization\",\"name\":\"Noblle consultoria\",\"url\":\"https:\/\/noblleconsultoria.com.br\/\",\"logo\":{\"@type\":\"ImageObject\",\"inLanguage\":\"pt-BR\",\"@id\":\"https:\/\/noblleconsultoria.com.br\/#\/schema\/logo\/image\/\",\"url\":\"https:\/\/noblleconsultoria.com.br\/wp-content\/uploads\/2017\/02\/noblle-consultoria.jpg\",\"contentUrl\":\"https:\/\/noblleconsultoria.com.br\/wp-content\/uploads\/2017\/02\/noblle-consultoria.jpg\",\"width\":215,\"height\":121,\"caption\":\"Noblle consultoria\"},\"image\":{\"@id\":\"https:\/\/noblleconsultoria.com.br\/#\/schema\/logo\/image\/\"}}]}<\/script>\n<!-- \/ Yoast SEO plugin. -->","yoast_head_json":{"title":"Consulta preliminar - Noblle consultoria","robots":{"index":"index","follow":"follow","max-snippet":"max-snippet:-1","max-image-preview":"max-image-preview:large","max-video-preview":"max-video-preview:-1"},"canonical":"http:\/\/noblleconsultoria.com.br\/index.php\/consulta-preliminar\/","og_locale":"pt_BR","og_type":"article","og_title":"Consulta preliminar - Noblle consultoria","og_description":"1 &#8211; AN\u00c1LISES PRELIMINARES Consultoria Propomos\u00a0 o servi\u00e7o de apoio aos gestores ou propriet\u00e1rios de im\u00f3veis, para auxiliar nas tomadas de decis\u00f5es estrat\u00e9gicas, com grande impacto sobre os resultados atuais e futuros da organiza\u00e7\u00e3o. O foco da consultoria \u00e9 definir a melhor alternativa de a\u00e7\u00e3o num ambiente de neg\u00f3cios repleto de incertezas, riscos, competi\u00e7\u00e3o e","og_url":"http:\/\/noblleconsultoria.com.br\/index.php\/consulta-preliminar\/","og_site_name":"Noblle consultoria","article_modified_time":"2017-04-03T18:44:26+00:00","og_image":[{"url":"http:\/\/noblleconsultoria.com.br\/wp-content\/uploads\/2017\/03\/CONLSULTA-PRELIMINAR_900x349.jpg"}],"twitter_card":"summary_large_image","twitter_misc":{"Est. tempo de leitura":"2 minutos"},"schema":{"@context":"https:\/\/schema.org","@graph":[{"@type":"WebPage","@id":"http:\/\/noblleconsultoria.com.br\/index.php\/consulta-preliminar\/","url":"http:\/\/noblleconsultoria.com.br\/index.php\/consulta-preliminar\/","name":"Consulta preliminar - Noblle consultoria","isPartOf":{"@id":"https:\/\/noblleconsultoria.com.br\/#website"},"datePublished":"2017-03-10T00:00:48+00:00","dateModified":"2017-04-03T18:44:26+00:00","breadcrumb":{"@id":"http:\/\/noblleconsultoria.com.br\/index.php\/consulta-preliminar\/#breadcrumb"},"inLanguage":"pt-BR","potentialAction":[{"@type":"ReadAction","target":["http:\/\/noblleconsultoria.com.br\/index.php\/consulta-preliminar\/"]}]},{"@type":"BreadcrumbList","@id":"http:\/\/noblleconsultoria.com.br\/index.php\/consulta-preliminar\/#breadcrumb","itemListElement":[{"@type":"ListItem","position":1,"name":"In\u00edcio","item":"https:\/\/noblleconsultoria.com.br\/"},{"@type":"ListItem","position":2,"name":"Consulta preliminar"}]},{"@type":"WebSite","@id":"https:\/\/noblleconsultoria.com.br\/#website","url":"https:\/\/noblleconsultoria.com.br\/","name":"Noblle consultoria","description":"Regulariza\u00e7\u00e3o de im\u00f3vel","publisher":{"@id":"https:\/\/noblleconsultoria.com.br\/#organization"},"potentialAction":[{"@type":"SearchAction","target":{"@type":"EntryPoint","urlTemplate":"https:\/\/noblleconsultoria.com.br\/?s={search_term_string}"},"query-input":"required name=search_term_string"}],"inLanguage":"pt-BR"},{"@type":"Organization","@id":"https:\/\/noblleconsultoria.com.br\/#organization","name":"Noblle consultoria","url":"https:\/\/noblleconsultoria.com.br\/","logo":{"@type":"ImageObject","inLanguage":"pt-BR","@id":"https:\/\/noblleconsultoria.com.br\/#\/schema\/logo\/image\/","url":"https:\/\/noblleconsultoria.com.br\/wp-content\/uploads\/2017\/02\/noblle-consultoria.jpg","contentUrl":"https:\/\/noblleconsultoria.com.br\/wp-content\/uploads\/2017\/02\/noblle-consultoria.jpg","width":215,"height":121,"caption":"Noblle consultoria"},"image":{"@id":"https:\/\/noblleconsultoria.com.br\/#\/schema\/logo\/image\/"}}]}},"_links":{"self":[{"href":"https:\/\/noblleconsultoria.com.br\/index.php\/wp-json\/wp\/v2\/pages\/108"}],"collection":[{"href":"https:\/\/noblleconsultoria.com.br\/index.php\/wp-json\/wp\/v2\/pages"}],"about":[{"href":"https:\/\/noblleconsultoria.com.br\/index.php\/wp-json\/wp\/v2\/types\/page"}],"author":[{"embeddable":true,"href":"https:\/\/noblleconsultoria.com.br\/index.php\/wp-json\/wp\/v2\/users\/1"}],"replies":[{"embeddable":true,"href":"https:\/\/noblleconsultoria.com.br\/index.php\/wp-json\/wp\/v2\/comments?post=108"}],"version-history":[{"count":2,"href":"https:\/\/noblleconsultoria.com.br\/index.php\/wp-json\/wp\/v2\/pages\/108\/revisions"}],"predecessor-version":[{"id":284,"href":"https:\/\/noblleconsultoria.com.br\/index.php\/wp-json\/wp\/v2\/pages\/108\/revisions\/284"}],"wp:attachment":[{"href":"https:\/\/noblleconsultoria.com.br\/index.php\/wp-json\/wp\/v2\/media?parent=108"}],"curies":[{"name":"wp","href":"https:\/\/api.w.org\/{rel}","templated":true}]}}