{"id":111,"date":"2017-03-10T00:04:57","date_gmt":"2017-03-10T00:04:57","guid":{"rendered":"http:\/\/noblleconsultoria.com.br\/?page_id=111"},"modified":"2017-03-27T13:29:48","modified_gmt":"2017-03-27T13:29:48","slug":"projetos-de-arquitetura-e-outros","status":"publish","type":"page","link":"https:\/\/noblleconsultoria.com.br\/index.php\/projetos-de-arquitetura-e-outros\/","title":{"rendered":"Projetos de Arquitetura e Outros"},"content":{"rendered":"<h2 style=\"text-align: center;\"><strong><span style=\"color: #000000;\"><img decoding=\"async\" loading=\"lazy\" class=\"wp-image-273 aligncenter\" src=\"http:\/\/noblleconsultoria.com.br\/wp-content\/uploads\/2017\/03\/Projeto-DE-ARQUITETURA.jpg\" alt=\"\" width=\"598\" height=\"269\" srcset=\"https:\/\/noblleconsultoria.com.br\/wp-content\/uploads\/2017\/03\/Projeto-DE-ARQUITETURA.jpg 900w, https:\/\/noblleconsultoria.com.br\/wp-content\/uploads\/2017\/03\/Projeto-DE-ARQUITETURA-300x135.jpg 300w, https:\/\/noblleconsultoria.com.br\/wp-content\/uploads\/2017\/03\/Projeto-DE-ARQUITETURA-768x346.jpg 768w\" sizes=\"(max-width: 598px) 100vw, 598px\" \/>\u00a0 Acessibilidade<\/span><\/strong><\/h2>\n<p><span style=\"color: #000000;\">Fazemos projetos personalizados\u00a0 com toda a seguran\u00e7a e conforme nossas normas, seguimos a<\/span><\/p>\n<p><span style=\"color: #000000;\">id\u00e9ia da Comiss\u00e3o Permanente de Acessibilidade (CPA) que \u00e9 um \u00f3rg\u00e3o colegiado da Prefeitura do<\/span><\/p>\n<p><span style=\"color: #000000;\">Munic\u00edpio de S\u00e3o Paulo vinculado \u00e0 SMPED e composto por representantes de diversas secretarias,<\/span><\/p>\n<p><span style=\"color: #000000;\">\u00f3rg\u00e3os municipais e sociedade civil.<\/span><\/p>\n<p><span style=\"color: #000000;\">Foi institu\u00edda originalmente pelo Decreto 36.072\/96 e alterada<\/span><\/p>\n<p><span style=\"color: #000000;\">pelos Decretos 39.651\/2000, 50.519\/2009 e 51.733\/2010. Tem papel consultivo e deliberativo nos<\/span><\/p>\n<p><span style=\"color: #000000;\">assuntos que incluem acessibilidade em edifica\u00e7\u00f5es, logradouros, mobili\u00e1rio urbano, transporte e<\/span><\/p>\n<p><span style=\"color: #000000;\">comunica\u00e7\u00e3o.<\/span><\/p>\n<p><span style=\"color: #000000;\">Contando com engenheiros e arquitetos entre seus membros, realiza vistorias e<\/span><\/p>\n<p><span style=\"color: #000000;\">an\u00e1lise de projetos e coordena a\u00e7\u00f5es integradas nas diversas secretarias da administra\u00e7\u00e3o<\/span><\/p>\n<p><span style=\"color: #000000;\">municipal para a elimina\u00e7\u00e3o de barreiras arquitet\u00f4nicas e de comunica\u00e7\u00e3o na cidade.<\/span><\/p>\n<p><span style=\"color: #000000;\"><strong>\u00a0\u00a0\u00a0\u00a0\u00a0\u00a0\u00a0\u00a0\u00a0\u00a0\u00a0\u00a0\u00a0\u00a0\u00a0\u00a0\u00a0\u00a0\u00a0<\/strong><br \/>\n<\/span><\/p>\n<h2><span style=\"color: #000000;\">\u00a0\u00a0\u00a0\u00a0\u00a0\u00a0\u00a0\u00a0\u00a0\u00a0\u00a0\u00a0\u00a0 Design de interiores<\/span><\/h2>\n<p><span style=\"color: #000000;\">Temos o papel profissional para exercer as fun\u00e7\u00f5es de Designer de Interiores, atuando no <\/span><\/p>\n<p><span style=\"color: #000000;\">planejamento e desenvolvimento de projetos residenciais, comerciais e espa\u00e7os p\u00fablicos, como<\/span><\/p>\n<p><span style=\"color: #000000;\">Casas, Apartamentos, Lojas, Escrit\u00f3rios, Restaurantes, Cl\u00ednicas, Estandes, Hot\u00e9is, etc.<\/span><\/p>\n<h3><span style=\"color: #000000;\">Arquitet\u00f4nicos<\/span><\/h3>\n<p><span style=\"color: #000000;\">Fazemos seu projeto com os principais aspectos envolvidos na aprova\u00e7\u00e3o de projetos, das verifica\u00e7\u00f5es <\/span><\/p>\n<p><span style=\"color: #000000;\">preliminares, passando pelas mais comuns interfer\u00eancias existente sobre o im\u00f3vel, at\u00e9 as principais<\/span><\/p>\n<p><span style=\"color: #000000;\">interfaces com outros setores da Prefeitura envolvidos no licenciamento.<\/span><\/p>\n<h3><span style=\"color: #000000;\">Projeto de bombeiro<\/span><\/h3>\n<p><span style=\"color: #000000;\">Fazemos seu AVCB (Auto de Vistoria do Corpo de Bombeiros) de acordo com o decreto<\/span><\/p>\n<p><span style=\"color: #000000;\">que regulamenta os procedimentos\u00a0 de seguran\u00e7a contra inc\u00eandio . Decreto N\u00ba 46.076<\/span><\/p>\n<p><span style=\"color: #000000;\">Auto de Vistoria do Corpo de Bombeiros \u00e9 documento que certifica que a edifica\u00e7\u00e3o<\/span><\/p>\n<p><span style=\"color: #000000;\">atende as exig\u00eancias \u00a0ao decreto 46.076 quanto a prote\u00e7\u00e3o contra inc\u00eandios.\u00a0<\/span><\/p>\n<p><span style=\"color: #000000;\">O projeto de bombeiro \u00e9 composto por:<\/span><\/p>\n<ol>\n<li><span style=\"color: #000000;\">a) cart\u00e3o de identifica\u00e7\u00e3o;<\/span><\/li>\n<\/ol>\n<p><span style=\"color: #000000;\">b )pasta do Projeto t\u00e9cnico;<\/span><\/p>\n<ol>\n<li><span style=\"color: #000000;\">c) formul\u00e1rio de seguran\u00e7a contra inc\u00eandio;<\/span><\/li>\n<li><span style=\"color: #000000;\">d) procura\u00e7\u00e3o do propriet\u00e1rio, quando este transferir seu poder de signat\u00e1rio;<\/span><\/li>\n<li><span style=\"color: #000000;\">e) anota\u00e7\u00e3o de responsabilidade t\u00e9cnica (ART) do respons\u00e1vel t\u00e9cnico pela elabora\u00e7\u00e3o do Projeto T\u00e9cnico, que deve ser<\/span><\/li>\n<\/ol>\n<p><span style=\"color: #000000;\">juntada na via que fica no Corpo de Bombeiros;<\/span><\/p>\n<ol>\n<li><span style=\"color: #000000;\">f) documentos complementares \u00a0solicitados, quando necess\u00e1rio;<\/span><\/li>\n<li><span style=\"color: #000000;\">g) planta de risco de inc\u00eandio (implanta\u00e7\u00e3o), em duas vias, onde houver exig\u00eancia;<\/span><\/li>\n<li><span style=\"color: #000000;\">h) planta das medidas de seguran\u00e7a contra inc\u00eandio (planta de bombeiro)<\/span><span style=\"color: #000000;\"><br \/>\n<\/span><\/li>\n<\/ol>\n<h3><strong><span style=\"color: #000000;\">Nossos Servi\u00e7o<\/span><\/strong><span style=\"color: #000000;\"><br \/>\n<\/span><\/h3>\n<ul>\n<li><span style=\"color: #000000;\">Assessoria para Obten\u00e7\u00e3o do AVCB<\/span><\/li>\n<li><span style=\"color: #000000;\">Elabora\u00e7\u00e3o de Projetos de Sistema de Combate a Inc\u00eandio<\/span><\/li>\n<li><span style=\"color: #000000;\">Execu\u00e7\u00e3o de Projetos de Sistema de Combate a Inc\u00eandio<\/span><\/li>\n<li><span style=\"color: #000000;\">Instala\u00e7\u00e3o de Sistemas de Combate a Inc\u00eandios<\/span><\/li>\n<li><span style=\"color: #000000;\">Laudos e Atestados<\/span><\/li>\n<li><span style=\"color: #000000;\">Treinamento de Brigada de Inc\u00eandio<\/span><\/li>\n<li><span style=\"color: #000000;\">Treinamento de Primeiros Socorros<\/span><\/li>\n<\/ul>\n<ul>\n<li><span style=\"color: #000000;\">\u00a0 Treinamento de Abandono<\/span><\/li>\n<\/ul>\n<h3><span style=\"color: #000000;\">Projetos de seguran\u00e7a<\/span><\/h3>\n<p><span style=\"color: #000000;\"><strong>Al\u00e9m da est\u00e9tica, legisla\u00e7\u00e3o e uso dos edif\u00edcios \u00e9 necess\u00e1rio o enfoque na seguran\u00e7a empresarial em aspectos como: \u2028\u2028<\/strong><\/span><\/p>\n<p><span style=\"color: #000000;\"> <strong>\u2022 Prote\u00e7\u00e3o a vida e integridade f\u00edsica das pessoas<\/strong><\/span><\/p>\n<p><span style=\"color: #000000;\"> <strong>\u2022 Prote\u00e7\u00e3o \u00e0 propriedade \u2028<\/strong><\/span><\/p>\n<p><span style=\"color: #000000;\"> <strong>\u2022 Restaura\u00e7\u00e3o das atividades normais em caso de sinistro \u2022 Seguran\u00e7a das informa\u00e7\u00f5es da empresa, ou seja, bancos de<\/strong><\/span><\/p>\n<p>dados e sistemas informatizados<\/p>\n<p><span style=\"color: #000000;\"> <strong>\u2022 Cuidado com os documentos, pensando na parte legal e no sigilo industrial \u2028<\/strong><\/span><\/p>\n<p><span style=\"color: #000000;\"> <strong>\u00c9 muito importante que a \u00e1rea de seguran\u00e7a participe do projeto desde desde o in\u00edcio<\/strong><\/span><\/p>\n<p><span style=\"color: #000000;\"> <strong>at\u00e9 a elabora\u00e7\u00e3o das plantas em papel, a seguran\u00e7a deve ser pensada previamente e<\/strong><\/span><\/p>\n<p><span style=\"color: #000000;\"> <strong>n\u00e3o apenas depois da coisa pronta. Alguns profissionais, em especial, devem ser<\/strong><\/span><\/p>\n<p><span style=\"color: #000000;\"> <strong>consultados e participar da elabora\u00e7\u00e3o dos planos, entre estes os respons\u00e1veis pela<\/strong><\/span><\/p>\n<p><span style=\"color: #000000;\"> <strong>distribui\u00e7\u00e3o f\u00edsica e ocupacional, bem como os encarregados das \u00e1reas cr\u00edticas como<\/strong><\/span><\/p>\n<p><span style=\"color: #000000;\"> <strong>recep\u00e7\u00e3o, RH, almoxarifado, inform\u00e1tica e correio \u2028<\/strong><\/span><\/p>\n<p><span style=\"color: #000000;\"> <strong>A id\u00e9ia \u00e9 determinar a metragem, equipamentos e instala\u00e7\u00f5es necess\u00e1rias para abrigar<\/strong><\/span><\/p>\n<p><span style=\"color: #000000;\"> <strong>a estrutura de seguran\u00e7a pensando em itens como, por exemplo, paredes, janelas e<\/strong><\/span><\/p>\n<p><span style=\"color: #000000;\"> <strong>portas com blindagem bal\u00edstica e resistentes ao fogo al\u00e9m de sanit\u00e1rio, bebedouro e<\/strong><\/span><\/p>\n<p><span style=\"color: #000000;\"> <strong>copa para os vigilantes, sem falar da parafern\u00e1lia de eletr\u00f4nica e inform\u00e1tica.<\/strong><\/span><br \/>\n<span style=\"color: #000000;\">Projeto executivo<\/span><\/p>\n<p><span style=\"color: #000000;\"><strong>\u00a0<\/strong><\/span><\/p>\n<p><span style=\"color: #000000;\">Faremos o projeto com um conjunto de elementos necess\u00e1rios e suficientes \u00e0 execu\u00e7\u00e3o completa da <\/span><\/p>\n<p><span style=\"color: #000000;\">obra, de acordo com as normas pertinentes da Associa\u00e7\u00e3o Brasileira de Normas T\u00e9cnicas \u2013 ABNT&#8221;. Lei <\/span><\/p>\n<p><span style=\"color: #000000;\">n.\u00b0 8.666\/93, art. 6.\u00b0. IX, X. \u2028\u2028O Manual de Obras P\u00fablicas \u2013 Edifica\u00e7\u00f5es, editado em 1997, pela <\/span><\/p>\n<p><span style=\"color: #000000;\">Secretaria de Estado da Administra\u00e7\u00e3o e Patrim\u00f4nio \u2013 Minist\u00e9rio do Planejamento, definiu de forma <\/span><\/p>\n<p><span style=\"color: #000000;\">mais ampla o projeto executivo: \u2028\u2028&#8221;\u00c9 o conjunto de informa\u00e7\u00f5es t\u00e9cnicas necess\u00e1rias e suficientes para a <\/span><\/p>\n<p><span style=\"color: #000000;\">realiza\u00e7\u00e3o do empreendimento, contendo de forma clara, precisa e completa todas as indica\u00e7\u00f5es e <\/span><\/p>\n<p><span style=\"color: #000000;\">detalhes construtivos para a perfeita instala\u00e7\u00e3o, montagem e execu\u00e7\u00e3o dos servi\u00e7os e obras objeto do <\/span><\/p>\n<p><span style=\"color: #000000;\">contrato.<\/span><\/p>\n<h3><span style=\"color: #000000;\">Projeto Prefeitura<\/span><\/h3>\n<p><span style=\"color: #000000;\">Fazemos o servi\u00e7o de Alvar\u00e1 de Execu\u00e7\u00e3o de Edifica\u00e7\u00e3o Nova, trabalhando junto com os \u00f3rg\u00e3os <\/span><\/p>\n<p><span style=\"color: #000000;\">superiores respons\u00e1veis que s\u00e3o Coordenadoria de Planejamento e Desenvolvimento Urbano, <\/span><\/p>\n<p><span style=\"color: #000000;\">Supervis\u00e3o de Uso do Solo e Licenciamentos e a Divis\u00e3o de Aprova\u00e7\u00e3o de Projetos, que autorizam o <\/span><\/p>\n<p><span style=\"color: #000000;\">in\u00edcio da execu\u00e7\u00e3o de uma obra nova, tendo prazos legais para prescrever ap\u00f3s a sua emiss\u00e3o.<\/span><\/p>\n<p><span style=\"color: #000000;\">Na Base Legal Se\u00e7\u00e3o 3 H do Decreto 32.329\/92 e 3.7 da lei 11.228\/92.<\/span><\/p>\n<p>&nbsp;<\/p>\n<p>&nbsp;<\/p>\n","protected":false},"excerpt":{"rendered":"<p>\u00a0 Acessibilidade Fazemos projetos personalizados\u00a0 com toda a seguran\u00e7a e conforme nossas normas, seguimos a id\u00e9ia da Comiss\u00e3o Permanente de Acessibilidade (CPA) que \u00e9 um \u00f3rg\u00e3o colegiado da Prefeitura do Munic\u00edpio de S\u00e3o Paulo vinculado \u00e0 SMPED e composto por representantes de diversas secretarias, \u00f3rg\u00e3os municipais e sociedade civil. Foi institu\u00edda originalmente pelo Decreto 36.072\/96<\/p>\n","protected":false},"author":1,"featured_media":0,"parent":0,"menu_order":0,"comment_status":"closed","ping_status":"closed","template":"","meta":[],"yoast_head":"<!-- This site is optimized with the Yoast SEO plugin v19.11 - https:\/\/yoast.com\/wordpress\/plugins\/seo\/ -->\n<title>Projetos de Arquitetura e Outros - Noblle consultoria<\/title>\n<meta name=\"robots\" content=\"index, follow, max-snippet:-1, max-image-preview:large, max-video-preview:-1\" \/>\n<link rel=\"canonical\" href=\"https:\/\/noblleconsultoria.com.br\/index.php\/projetos-de-arquitetura-e-outros\/\" \/>\n<meta property=\"og:locale\" content=\"pt_BR\" \/>\n<meta property=\"og:type\" content=\"article\" \/>\n<meta property=\"og:title\" content=\"Projetos de Arquitetura e Outros - Noblle consultoria\" \/>\n<meta property=\"og:description\" content=\"\u00a0 Acessibilidade Fazemos projetos personalizados\u00a0 com toda a seguran\u00e7a e conforme nossas normas, seguimos a id\u00e9ia da Comiss\u00e3o Permanente de Acessibilidade (CPA) que \u00e9 um \u00f3rg\u00e3o colegiado da Prefeitura do Munic\u00edpio de S\u00e3o Paulo vinculado \u00e0 SMPED e composto por representantes de diversas secretarias, \u00f3rg\u00e3os municipais e sociedade civil. Foi institu\u00edda originalmente pelo Decreto 36.072\/96\" \/>\n<meta property=\"og:url\" content=\"https:\/\/noblleconsultoria.com.br\/index.php\/projetos-de-arquitetura-e-outros\/\" \/>\n<meta property=\"og:site_name\" content=\"Noblle consultoria\" \/>\n<meta property=\"article:modified_time\" content=\"2017-03-27T13:29:48+00:00\" \/>\n<meta property=\"og:image\" content=\"http:\/\/noblleconsultoria.com.br\/wp-content\/uploads\/2017\/03\/Projeto-DE-ARQUITETURA.jpg\" \/>\n<meta name=\"twitter:card\" content=\"summary_large_image\" \/>\n<meta name=\"twitter:label1\" content=\"Est. tempo de leitura\" \/>\n\t<meta name=\"twitter:data1\" content=\"4 minutos\" \/>\n<script type=\"application\/ld+json\" class=\"yoast-schema-graph\">{\"@context\":\"https:\/\/schema.org\",\"@graph\":[{\"@type\":\"WebPage\",\"@id\":\"https:\/\/noblleconsultoria.com.br\/index.php\/projetos-de-arquitetura-e-outros\/\",\"url\":\"https:\/\/noblleconsultoria.com.br\/index.php\/projetos-de-arquitetura-e-outros\/\",\"name\":\"Projetos de Arquitetura e Outros - Noblle consultoria\",\"isPartOf\":{\"@id\":\"https:\/\/noblleconsultoria.com.br\/#website\"},\"datePublished\":\"2017-03-10T00:04:57+00:00\",\"dateModified\":\"2017-03-27T13:29:48+00:00\",\"breadcrumb\":{\"@id\":\"https:\/\/noblleconsultoria.com.br\/index.php\/projetos-de-arquitetura-e-outros\/#breadcrumb\"},\"inLanguage\":\"pt-BR\",\"potentialAction\":[{\"@type\":\"ReadAction\",\"target\":[\"https:\/\/noblleconsultoria.com.br\/index.php\/projetos-de-arquitetura-e-outros\/\"]}]},{\"@type\":\"BreadcrumbList\",\"@id\":\"https:\/\/noblleconsultoria.com.br\/index.php\/projetos-de-arquitetura-e-outros\/#breadcrumb\",\"itemListElement\":[{\"@type\":\"ListItem\",\"position\":1,\"name\":\"In\u00edcio\",\"item\":\"https:\/\/noblleconsultoria.com.br\/\"},{\"@type\":\"ListItem\",\"position\":2,\"name\":\"Projetos de Arquitetura e Outros\"}]},{\"@type\":\"WebSite\",\"@id\":\"https:\/\/noblleconsultoria.com.br\/#website\",\"url\":\"https:\/\/noblleconsultoria.com.br\/\",\"name\":\"Noblle consultoria\",\"description\":\"Regulariza\u00e7\u00e3o de im\u00f3vel\",\"publisher\":{\"@id\":\"https:\/\/noblleconsultoria.com.br\/#organization\"},\"potentialAction\":[{\"@type\":\"SearchAction\",\"target\":{\"@type\":\"EntryPoint\",\"urlTemplate\":\"https:\/\/noblleconsultoria.com.br\/?s={search_term_string}\"},\"query-input\":\"required name=search_term_string\"}],\"inLanguage\":\"pt-BR\"},{\"@type\":\"Organization\",\"@id\":\"https:\/\/noblleconsultoria.com.br\/#organization\",\"name\":\"Noblle consultoria\",\"url\":\"https:\/\/noblleconsultoria.com.br\/\",\"logo\":{\"@type\":\"ImageObject\",\"inLanguage\":\"pt-BR\",\"@id\":\"https:\/\/noblleconsultoria.com.br\/#\/schema\/logo\/image\/\",\"url\":\"https:\/\/noblleconsultoria.com.br\/wp-content\/uploads\/2017\/02\/noblle-consultoria.jpg\",\"contentUrl\":\"https:\/\/noblleconsultoria.com.br\/wp-content\/uploads\/2017\/02\/noblle-consultoria.jpg\",\"width\":215,\"height\":121,\"caption\":\"Noblle consultoria\"},\"image\":{\"@id\":\"https:\/\/noblleconsultoria.com.br\/#\/schema\/logo\/image\/\"}}]}<\/script>\n<!-- \/ Yoast SEO plugin. -->","yoast_head_json":{"title":"Projetos de Arquitetura e Outros - Noblle consultoria","robots":{"index":"index","follow":"follow","max-snippet":"max-snippet:-1","max-image-preview":"max-image-preview:large","max-video-preview":"max-video-preview:-1"},"canonical":"https:\/\/noblleconsultoria.com.br\/index.php\/projetos-de-arquitetura-e-outros\/","og_locale":"pt_BR","og_type":"article","og_title":"Projetos de Arquitetura e Outros - Noblle consultoria","og_description":"\u00a0 Acessibilidade Fazemos projetos personalizados\u00a0 com toda a seguran\u00e7a e conforme nossas normas, seguimos a id\u00e9ia da Comiss\u00e3o Permanente de Acessibilidade (CPA) que \u00e9 um \u00f3rg\u00e3o colegiado da Prefeitura do Munic\u00edpio de S\u00e3o Paulo vinculado \u00e0 SMPED e composto por representantes de diversas secretarias, \u00f3rg\u00e3os municipais e sociedade civil. Foi institu\u00edda originalmente pelo Decreto 36.072\/96","og_url":"https:\/\/noblleconsultoria.com.br\/index.php\/projetos-de-arquitetura-e-outros\/","og_site_name":"Noblle consultoria","article_modified_time":"2017-03-27T13:29:48+00:00","og_image":[{"url":"http:\/\/noblleconsultoria.com.br\/wp-content\/uploads\/2017\/03\/Projeto-DE-ARQUITETURA.jpg"}],"twitter_card":"summary_large_image","twitter_misc":{"Est. tempo de leitura":"4 minutos"},"schema":{"@context":"https:\/\/schema.org","@graph":[{"@type":"WebPage","@id":"https:\/\/noblleconsultoria.com.br\/index.php\/projetos-de-arquitetura-e-outros\/","url":"https:\/\/noblleconsultoria.com.br\/index.php\/projetos-de-arquitetura-e-outros\/","name":"Projetos de Arquitetura e Outros - Noblle consultoria","isPartOf":{"@id":"https:\/\/noblleconsultoria.com.br\/#website"},"datePublished":"2017-03-10T00:04:57+00:00","dateModified":"2017-03-27T13:29:48+00:00","breadcrumb":{"@id":"https:\/\/noblleconsultoria.com.br\/index.php\/projetos-de-arquitetura-e-outros\/#breadcrumb"},"inLanguage":"pt-BR","potentialAction":[{"@type":"ReadAction","target":["https:\/\/noblleconsultoria.com.br\/index.php\/projetos-de-arquitetura-e-outros\/"]}]},{"@type":"BreadcrumbList","@id":"https:\/\/noblleconsultoria.com.br\/index.php\/projetos-de-arquitetura-e-outros\/#breadcrumb","itemListElement":[{"@type":"ListItem","position":1,"name":"In\u00edcio","item":"https:\/\/noblleconsultoria.com.br\/"},{"@type":"ListItem","position":2,"name":"Projetos de Arquitetura e Outros"}]},{"@type":"WebSite","@id":"https:\/\/noblleconsultoria.com.br\/#website","url":"https:\/\/noblleconsultoria.com.br\/","name":"Noblle consultoria","description":"Regulariza\u00e7\u00e3o de im\u00f3vel","publisher":{"@id":"https:\/\/noblleconsultoria.com.br\/#organization"},"potentialAction":[{"@type":"SearchAction","target":{"@type":"EntryPoint","urlTemplate":"https:\/\/noblleconsultoria.com.br\/?s={search_term_string}"},"query-input":"required name=search_term_string"}],"inLanguage":"pt-BR"},{"@type":"Organization","@id":"https:\/\/noblleconsultoria.com.br\/#organization","name":"Noblle consultoria","url":"https:\/\/noblleconsultoria.com.br\/","logo":{"@type":"ImageObject","inLanguage":"pt-BR","@id":"https:\/\/noblleconsultoria.com.br\/#\/schema\/logo\/image\/","url":"https:\/\/noblleconsultoria.com.br\/wp-content\/uploads\/2017\/02\/noblle-consultoria.jpg","contentUrl":"https:\/\/noblleconsultoria.com.br\/wp-content\/uploads\/2017\/02\/noblle-consultoria.jpg","width":215,"height":121,"caption":"Noblle consultoria"},"image":{"@id":"https:\/\/noblleconsultoria.com.br\/#\/schema\/logo\/image\/"}}]}},"_links":{"self":[{"href":"https:\/\/noblleconsultoria.com.br\/index.php\/wp-json\/wp\/v2\/pages\/111"}],"collection":[{"href":"https:\/\/noblleconsultoria.com.br\/index.php\/wp-json\/wp\/v2\/pages"}],"about":[{"href":"https:\/\/noblleconsultoria.com.br\/index.php\/wp-json\/wp\/v2\/types\/page"}],"author":[{"embeddable":true,"href":"https:\/\/noblleconsultoria.com.br\/index.php\/wp-json\/wp\/v2\/users\/1"}],"replies":[{"embeddable":true,"href":"https:\/\/noblleconsultoria.com.br\/index.php\/wp-json\/wp\/v2\/comments?post=111"}],"version-history":[{"count":6,"href":"https:\/\/noblleconsultoria.com.br\/index.php\/wp-json\/wp\/v2\/pages\/111\/revisions"}],"predecessor-version":[{"id":275,"href":"https:\/\/noblleconsultoria.com.br\/index.php\/wp-json\/wp\/v2\/pages\/111\/revisions\/275"}],"wp:attachment":[{"href":"https:\/\/noblleconsultoria.com.br\/index.php\/wp-json\/wp\/v2\/media?parent=111"}],"curies":[{"name":"wp","href":"https:\/\/api.w.org\/{rel}","templated":true}]}}