{"id":172,"date":"2017-03-20T22:48:33","date_gmt":"2017-03-20T22:48:33","guid":{"rendered":"http:\/\/noblleconsultoria.com.br\/?page_id=172"},"modified":"2017-03-21T19:02:53","modified_gmt":"2017-03-21T19:02:53","slug":"condephaat","status":"publish","type":"page","link":"https:\/\/noblleconsultoria.com.br\/index.php\/condephaat\/","title":{"rendered":"Condephaat"},"content":{"rendered":"<p><img decoding=\"async\" loading=\"lazy\" class=\"size-full wp-image-243 aligncenter\" src=\"http:\/\/noblleconsultoria.com.br\/wp-content\/uploads\/2017\/03\/conde.jpg\" alt=\"\" width=\"570\" height=\"172\" srcset=\"https:\/\/noblleconsultoria.com.br\/wp-content\/uploads\/2017\/03\/conde.jpg 570w, https:\/\/noblleconsultoria.com.br\/wp-content\/uploads\/2017\/03\/conde-300x91.jpg 300w\" sizes=\"(max-width: 570px) 100vw, 570px\" \/><\/p>\n<p>&nbsp;<\/p>\n<h3><span style=\"color: #000000;\">A Noblle aprova o seu projeto no CONDEPHAAT, atendemos em toda cidade de S\u00e3oPaulo<\/span><\/h3>\n<ul>\n<li><span style=\"color: #000000;\"><strong>O CONDEPHAAT<\/strong> \u00e9 um Conselho formado por representantes de diversas entidades (entre as quais secretarias estaduais, entidades de classe e universidades), que se re\u00fanem semanalmente ou quinzenalmente para deliberar sobre os processos que lhe s\u00e3o apresentados, relativos ao patrim\u00f4nio cultural do Estado de S\u00e3o Paulo.<\/span><br \/>\n<span style=\"color: #000000;\"> O bra\u00e7o t\u00e9cnico e executivo do CONDEPHAAT \u00e9 a Unidade de Preserva\u00e7\u00e3o do Patrim\u00f4nio Hist\u00f3rico (UPPH), uma das Coordenadorias da Secretaria de Estado da Cultura. Para prestar os devidos servi\u00e7os de apoio ao CONDEPHAAT, a UPPH conta com dois Grupos T\u00e9cnicos. Um deles \u00e9 o Grupo de Estudos de Invent\u00e1rio e Reconhecimento do Patrim\u00f4nio Cultural e Natural. O outro \u00e9 o Grupo de Conserva\u00e7\u00e3o e Restaura\u00e7\u00e3o de Bens Tombados. Nos dois grupos trabalham profissionais das \u00e1reas de \u00a0arquitetura, hist\u00f3ria e sociologia. Al\u00e9m disso, a UPPH tem um N\u00facleo de Apoio Administrativo e uma Assist\u00eancia T\u00e9cnica de apoio direto \u00e0 Coordenadoria da Unidade.<\/span><\/li>\n<\/ul>\n<ul>\n<li><span style=\"color: #000000;\">patrim\u00f4nio cultural:<strong><br \/>\n<\/strong>De acordo com a Constitui\u00e7\u00e3o Federal, em seu artigo 216, &#8220;constituem patrim\u00f4nio cultural brasileiro os bens de natureza material e imaterial tombados individualmente ou em conjunto, portadores de refer\u00eancia \u00e0 identidade, \u00e0 a\u00e7\u00e3o, \u00e0 mem\u00f3ria dos diferentes grupos formadores da sociedade brasileira&#8221;.<\/span><\/li>\n<\/ul>\n<ul>\n<li><span style=\"color: #000000;\">\u00e1rea envolt\u00f3ria de um bem tombado:<strong><br \/>\n<\/strong>Trata-se de uma \u00e1rea em volta do bem tombado, sujeita a restri\u00e7\u00f5es de ocupa\u00e7\u00e3o e interven\u00e7\u00e3o. Para os tombamentos realizados at\u00e9 outubro de 2003, essa \u00e1rea \u00e9 de 300 metros (Decreto Estadual 13.426, de 16\/03\/79, artigo 137). Nos tombamentos posteriores a essa data, a \u00e1rea envolt\u00f3ria \u00e9 regulamentada caso a caso (Decreto 48.137, de 07\/10\/03).<\/span><br \/>\n<span style=\"color: #000000;\"> Os projetos a serem executados nas \u00e1reas envolt\u00f3rias de bens tombados obrigatoriamente precisam de aprova\u00e7\u00e3o pr\u00e9via do CONDEPHAAT.<br \/>\n<\/span><\/li>\n<\/ul>\n<ul>\n<li><span style=\"color: #000000;\"><strong>realiza\u00e7\u00e3o de interven\u00e7\u00f5es em im\u00f3veis tombados, ou situados nas \u00e1reas envolt\u00f3rias de bens tombados:<\/strong><\/span><\/li>\n<\/ul>\n<p><span style=\"color: #000000;\">Desde que haja aprova\u00e7\u00e3o pr\u00e9via do Conselho do CONDEPHAAT , atrav\u00e9s de um pedido de autoriza\u00e7\u00e3o para reforma de im\u00f3vel situado em \u00e1rea envolt\u00f3ria de bem tombado<\/span><\/p>\n","protected":false},"excerpt":{"rendered":"<p>&nbsp; A Noblle aprova o seu projeto no CONDEPHAAT, atendemos em toda cidade de S\u00e3oPaulo O CONDEPHAAT \u00e9 um Conselho formado por representantes de diversas entidades (entre as quais secretarias estaduais, entidades de classe e universidades), que se re\u00fanem semanalmente ou quinzenalmente para deliberar sobre os processos que lhe s\u00e3o apresentados, relativos ao patrim\u00f4nio cultural<\/p>\n","protected":false},"author":1,"featured_media":0,"parent":0,"menu_order":0,"comment_status":"closed","ping_status":"closed","template":"","meta":[],"yoast_head":"<!-- This site is optimized with the Yoast SEO plugin v19.11 - https:\/\/yoast.com\/wordpress\/plugins\/seo\/ -->\n<title>Condephaat - Noblle consultoria<\/title>\n<meta name=\"robots\" content=\"index, follow, max-snippet:-1, max-image-preview:large, max-video-preview:-1\" \/>\n<link rel=\"canonical\" href=\"https:\/\/noblleconsultoria.com.br\/index.php\/condephaat\/\" \/>\n<meta property=\"og:locale\" content=\"pt_BR\" \/>\n<meta property=\"og:type\" content=\"article\" \/>\n<meta property=\"og:title\" content=\"Condephaat - Noblle consultoria\" \/>\n<meta property=\"og:description\" content=\"&nbsp; A Noblle aprova o seu projeto no CONDEPHAAT, atendemos em toda cidade de S\u00e3oPaulo O CONDEPHAAT \u00e9 um Conselho formado por representantes de diversas entidades (entre as quais secretarias estaduais, entidades de classe e universidades), que se re\u00fanem semanalmente ou quinzenalmente para deliberar sobre os processos que lhe s\u00e3o apresentados, relativos ao patrim\u00f4nio cultural\" \/>\n<meta property=\"og:url\" content=\"https:\/\/noblleconsultoria.com.br\/index.php\/condephaat\/\" \/>\n<meta property=\"og:site_name\" content=\"Noblle consultoria\" \/>\n<meta property=\"article:modified_time\" content=\"2017-03-21T19:02:53+00:00\" \/>\n<meta property=\"og:image\" content=\"http:\/\/noblleconsultoria.com.br\/wp-content\/uploads\/2017\/03\/conde.jpg\" \/>\n<meta name=\"twitter:card\" content=\"summary_large_image\" \/>\n<meta name=\"twitter:label1\" content=\"Est. tempo de leitura\" \/>\n\t<meta name=\"twitter:data1\" content=\"2 minutos\" \/>\n<script type=\"application\/ld+json\" class=\"yoast-schema-graph\">{\"@context\":\"https:\/\/schema.org\",\"@graph\":[{\"@type\":\"WebPage\",\"@id\":\"https:\/\/noblleconsultoria.com.br\/index.php\/condephaat\/\",\"url\":\"https:\/\/noblleconsultoria.com.br\/index.php\/condephaat\/\",\"name\":\"Condephaat - Noblle consultoria\",\"isPartOf\":{\"@id\":\"https:\/\/noblleconsultoria.com.br\/#website\"},\"datePublished\":\"2017-03-20T22:48:33+00:00\",\"dateModified\":\"2017-03-21T19:02:53+00:00\",\"breadcrumb\":{\"@id\":\"https:\/\/noblleconsultoria.com.br\/index.php\/condephaat\/#breadcrumb\"},\"inLanguage\":\"pt-BR\",\"potentialAction\":[{\"@type\":\"ReadAction\",\"target\":[\"https:\/\/noblleconsultoria.com.br\/index.php\/condephaat\/\"]}]},{\"@type\":\"BreadcrumbList\",\"@id\":\"https:\/\/noblleconsultoria.com.br\/index.php\/condephaat\/#breadcrumb\",\"itemListElement\":[{\"@type\":\"ListItem\",\"position\":1,\"name\":\"In\u00edcio\",\"item\":\"https:\/\/noblleconsultoria.com.br\/\"},{\"@type\":\"ListItem\",\"position\":2,\"name\":\"Condephaat\"}]},{\"@type\":\"WebSite\",\"@id\":\"https:\/\/noblleconsultoria.com.br\/#website\",\"url\":\"https:\/\/noblleconsultoria.com.br\/\",\"name\":\"Noblle consultoria\",\"description\":\"Regulariza\u00e7\u00e3o de im\u00f3vel\",\"publisher\":{\"@id\":\"https:\/\/noblleconsultoria.com.br\/#organization\"},\"potentialAction\":[{\"@type\":\"SearchAction\",\"target\":{\"@type\":\"EntryPoint\",\"urlTemplate\":\"https:\/\/noblleconsultoria.com.br\/?s={search_term_string}\"},\"query-input\":\"required name=search_term_string\"}],\"inLanguage\":\"pt-BR\"},{\"@type\":\"Organization\",\"@id\":\"https:\/\/noblleconsultoria.com.br\/#organization\",\"name\":\"Noblle consultoria\",\"url\":\"https:\/\/noblleconsultoria.com.br\/\",\"logo\":{\"@type\":\"ImageObject\",\"inLanguage\":\"pt-BR\",\"@id\":\"https:\/\/noblleconsultoria.com.br\/#\/schema\/logo\/image\/\",\"url\":\"https:\/\/noblleconsultoria.com.br\/wp-content\/uploads\/2017\/02\/noblle-consultoria.jpg\",\"contentUrl\":\"https:\/\/noblleconsultoria.com.br\/wp-content\/uploads\/2017\/02\/noblle-consultoria.jpg\",\"width\":215,\"height\":121,\"caption\":\"Noblle consultoria\"},\"image\":{\"@id\":\"https:\/\/noblleconsultoria.com.br\/#\/schema\/logo\/image\/\"}}]}<\/script>\n<!-- \/ Yoast SEO plugin. -->","yoast_head_json":{"title":"Condephaat - Noblle consultoria","robots":{"index":"index","follow":"follow","max-snippet":"max-snippet:-1","max-image-preview":"max-image-preview:large","max-video-preview":"max-video-preview:-1"},"canonical":"https:\/\/noblleconsultoria.com.br\/index.php\/condephaat\/","og_locale":"pt_BR","og_type":"article","og_title":"Condephaat - Noblle consultoria","og_description":"&nbsp; A Noblle aprova o seu projeto no CONDEPHAAT, atendemos em toda cidade de S\u00e3oPaulo O CONDEPHAAT \u00e9 um Conselho formado por representantes de diversas entidades (entre as quais secretarias estaduais, entidades de classe e universidades), que se re\u00fanem semanalmente ou quinzenalmente para deliberar sobre os processos que lhe s\u00e3o apresentados, relativos ao patrim\u00f4nio cultural","og_url":"https:\/\/noblleconsultoria.com.br\/index.php\/condephaat\/","og_site_name":"Noblle consultoria","article_modified_time":"2017-03-21T19:02:53+00:00","og_image":[{"url":"http:\/\/noblleconsultoria.com.br\/wp-content\/uploads\/2017\/03\/conde.jpg"}],"twitter_card":"summary_large_image","twitter_misc":{"Est. tempo de leitura":"2 minutos"},"schema":{"@context":"https:\/\/schema.org","@graph":[{"@type":"WebPage","@id":"https:\/\/noblleconsultoria.com.br\/index.php\/condephaat\/","url":"https:\/\/noblleconsultoria.com.br\/index.php\/condephaat\/","name":"Condephaat - Noblle consultoria","isPartOf":{"@id":"https:\/\/noblleconsultoria.com.br\/#website"},"datePublished":"2017-03-20T22:48:33+00:00","dateModified":"2017-03-21T19:02:53+00:00","breadcrumb":{"@id":"https:\/\/noblleconsultoria.com.br\/index.php\/condephaat\/#breadcrumb"},"inLanguage":"pt-BR","potentialAction":[{"@type":"ReadAction","target":["https:\/\/noblleconsultoria.com.br\/index.php\/condephaat\/"]}]},{"@type":"BreadcrumbList","@id":"https:\/\/noblleconsultoria.com.br\/index.php\/condephaat\/#breadcrumb","itemListElement":[{"@type":"ListItem","position":1,"name":"In\u00edcio","item":"https:\/\/noblleconsultoria.com.br\/"},{"@type":"ListItem","position":2,"name":"Condephaat"}]},{"@type":"WebSite","@id":"https:\/\/noblleconsultoria.com.br\/#website","url":"https:\/\/noblleconsultoria.com.br\/","name":"Noblle consultoria","description":"Regulariza\u00e7\u00e3o de im\u00f3vel","publisher":{"@id":"https:\/\/noblleconsultoria.com.br\/#organization"},"potentialAction":[{"@type":"SearchAction","target":{"@type":"EntryPoint","urlTemplate":"https:\/\/noblleconsultoria.com.br\/?s={search_term_string}"},"query-input":"required name=search_term_string"}],"inLanguage":"pt-BR"},{"@type":"Organization","@id":"https:\/\/noblleconsultoria.com.br\/#organization","name":"Noblle consultoria","url":"https:\/\/noblleconsultoria.com.br\/","logo":{"@type":"ImageObject","inLanguage":"pt-BR","@id":"https:\/\/noblleconsultoria.com.br\/#\/schema\/logo\/image\/","url":"https:\/\/noblleconsultoria.com.br\/wp-content\/uploads\/2017\/02\/noblle-consultoria.jpg","contentUrl":"https:\/\/noblleconsultoria.com.br\/wp-content\/uploads\/2017\/02\/noblle-consultoria.jpg","width":215,"height":121,"caption":"Noblle consultoria"},"image":{"@id":"https:\/\/noblleconsultoria.com.br\/#\/schema\/logo\/image\/"}}]}},"_links":{"self":[{"href":"https:\/\/noblleconsultoria.com.br\/index.php\/wp-json\/wp\/v2\/pages\/172"}],"collection":[{"href":"https:\/\/noblleconsultoria.com.br\/index.php\/wp-json\/wp\/v2\/pages"}],"about":[{"href":"https:\/\/noblleconsultoria.com.br\/index.php\/wp-json\/wp\/v2\/types\/page"}],"author":[{"embeddable":true,"href":"https:\/\/noblleconsultoria.com.br\/index.php\/wp-json\/wp\/v2\/users\/1"}],"replies":[{"embeddable":true,"href":"https:\/\/noblleconsultoria.com.br\/index.php\/wp-json\/wp\/v2\/comments?post=172"}],"version-history":[{"count":10,"href":"https:\/\/noblleconsultoria.com.br\/index.php\/wp-json\/wp\/v2\/pages\/172\/revisions"}],"predecessor-version":[{"id":245,"href":"https:\/\/noblleconsultoria.com.br\/index.php\/wp-json\/wp\/v2\/pages\/172\/revisions\/245"}],"wp:attachment":[{"href":"https:\/\/noblleconsultoria.com.br\/index.php\/wp-json\/wp\/v2\/media?parent=172"}],"curies":[{"name":"wp","href":"https:\/\/api.w.org\/{rel}","templated":true}]}}