{"id":185,"date":"2017-03-20T23:22:34","date_gmt":"2017-03-20T23:22:34","guid":{"rendered":"http:\/\/noblleconsultoria.com.br\/?page_id=185"},"modified":"2017-04-12T20:53:46","modified_gmt":"2017-04-12T20:53:46","slug":"regularizacao-de-imoveis","status":"publish","type":"page","link":"https:\/\/noblleconsultoria.com.br\/index.php\/regularizacao-de-imoveis\/","title":{"rendered":"Regulariza\u00e7\u00e3o de Im\u00f3veis"},"content":{"rendered":"<h3><img decoding=\"async\" loading=\"lazy\" class=\"size-full wp-image-186 aligncenter\" src=\"http:\/\/noblleconsultoria.com.br\/wp-content\/uploads\/2017\/03\/regulariza\u00e7\u00e3o-de-imoveis.jpg\" alt=\"\" width=\"692\" height=\"224\" srcset=\"https:\/\/noblleconsultoria.com.br\/wp-content\/uploads\/2017\/03\/regulariza\u00e7\u00e3o-de-imoveis.jpg 692w, https:\/\/noblleconsultoria.com.br\/wp-content\/uploads\/2017\/03\/regulariza\u00e7\u00e3o-de-imoveis-300x97.jpg 300w\" sizes=\"(max-width: 692px) 100vw, 692px\" \/><\/h3>\n<h2><span style=\"color: #000000;\">Regulariza\u00e7\u00e3o de im\u00f3veis em S\u00e3o Paulo , anistia 2017 em breve , antecipe o seu contato:<\/span><\/h2>\n<p><a href=\"tel:(11) 9 9897-4181 \"><span style=\"color: #000000;\">(11) 9 9897-4181<\/span>\u00a0 <img decoding=\"async\" loading=\"lazy\" class=\"alignnone wp-image-299\" src=\"http:\/\/noblleconsultoria.com.br\/wp-content\/uploads\/2017\/03\/whats.png\" alt=\"\" width=\"20\" height=\"20\" srcset=\"https:\/\/noblleconsultoria.com.br\/wp-content\/uploads\/2017\/03\/whats.png 155w, https:\/\/noblleconsultoria.com.br\/wp-content\/uploads\/2017\/03\/whats-150x150.png 150w\" sizes=\"(max-width: 20px) 100vw, 20px\" \/><\/a><\/p>\n<h3><strong><span style=\"color: #000000;\">O que \u00e9 Regulariza\u00e7\u00e3o de Im\u00f3veis?<\/span><\/strong><\/h3>\n<p><span style=\"color: #000000;\"><strong>A\u00a0REGULARIZA\u00c7\u00c3O DE IM\u00d3VEIS<\/strong> &#8211; \u00a0irregulares tem como objetivo legalizar\u00a0qualquer tipo de im\u00f3vel que esteja com problema de documenta\u00e7\u00e3o, pode ter como origem v\u00e1rios motivos:<\/span><\/p>\n<p><span style=\"color: #000000;\">\u00a0\u00a0\u00a0\u00a0\u00a0\u00a0\u00a0\u00a0\u00a0\u00a0\u00a0\u00a0\u00a0\u00a0\u00a0\u00a0\u00a0\u00a0\u00a0\u00a0\u00a0 . documental &#8211;\u00a0 contratos antigos ou diverg\u00eancias, etc.<\/span><\/p>\n<p><span style=\"color: #000000;\">\u00a0\u00a0\u00a0\u00a0\u00a0\u00a0\u00a0\u00a0\u00a0\u00a0\u00a0\u00a0\u00a0\u00a0\u00a0\u00a0\u00a0\u00a0\u00a0\u00a0\u00a0 .\u00a0 falta de certid\u00f5es\u00a0 para finalizar Registros<\/span><\/p>\n<p><span style=\"color: #000000;\">\u00a0\u00a0\u00a0\u00a0\u00a0\u00a0\u00a0\u00a0\u00a0\u00a0\u00a0\u00a0\u00a0\u00a0\u00a0\u00a0\u00a0\u00a0\u00a0\u00a0\u00a0 . diverg\u00eancias de \u00e1reas de terreno ou constru\u00e7\u00f5es<\/span><\/p>\n<p><span style=\"color: #000000;\">\u00a0\u00a0\u00a0\u00a0\u00a0\u00a0\u00a0\u00a0\u00a0\u00a0\u00a0\u00a0\u00a0\u00a0\u00a0\u00a0\u00a0\u00a0\u00a0\u00a0\u00a0 . problemas com a comprova\u00e7\u00e3o de propriedade<\/span><\/p>\n<p><span style=\"color: #000000;\">\u00a0\u00a0\u00a0\u00a0\u00a0\u00a0\u00a0\u00a0\u00a0\u00a0 \u00a0\u00a0\u00a0\u00a0\u00a0\u00a0\u00a0\u00a0\u00a0\u00a0\u00a0.\u00a0 caso de usucapi\u00e3o \u2013 posse , etc\u00a0\u00a0\u00a0\u00a0\u00a0\u00a0\u00a0\u00a0\u00a0\u00a0\u00a0\u00a0\u00a0\u00a0\u00a0 <\/span><\/p>\n<p><span style=\"color: #000000;\"><strong>A\u00a0REGULARIZA\u00c7\u00c3O DAS EDIFICA\u00c7\u00d5ES\u00a0IRREGULARES<\/strong> tem como objetivo legalizar\u00a0constru\u00e7\u00f5es erguidas sem pr\u00e9via licen\u00e7a e \u00e0 revelia da lei de zoneamento e do C\u00f3digo de Obras e Edifica\u00e7\u00f5es. As situa\u00e7\u00f5es mais comuns de irregularidade s\u00e3o infra\u00e7\u00f5es em rela\u00e7\u00e3o aos recuos e ao uso do im\u00f3vel, desde que permitidos na zona em que estiver localizado, e falta de Alvar\u00e1s como o de funcionamento, acessibilidade, avcb, etc.<\/span><\/p>\n<h4><span style=\"color: #000000;\">Porque Regularizar?<\/span><\/h4>\n<p><span style=\"color: #000000;\">Uma vez regularizada a edifica\u00e7\u00e3o ou o uso instalado, o propriet\u00e1rio pode registrar sua casa, ter legalizado o funcionamento da atividade comercial, ter acesso a financiamentos para reformar o im\u00f3vel ou comercializ\u00e1-lo. Se estiver irregular, n\u00e3o \u00e9 poss\u00edvel registr\u00e1-lo no Cart\u00f3rio de Registro de Im\u00f3veis. A\u00a0regulariza\u00e7\u00e3o\u00a0resolve definitivamente o problema de clandestinidade. Se o im\u00f3vel estiver irregular, pode sofrer a\u00e7\u00e3o da fiscaliza\u00e7\u00e3o a qualquer momento e ser multado pela infra\u00e7\u00e3o que est\u00e1 cometendo ou se for im\u00f3vel comercial poder\u00e1 ainda ter o seu neg\u00f3cio fechado.<\/span><\/p>\n<h4><strong><span style=\"color: #000000;\">Como \u00e9 um processo para a regulariza\u00e7\u00e3o<br \/>\n<\/span><\/strong><\/h4>\n<p><span style=\"color: #000000;\">\u00a0\u00a0\u00a0\u00a0 Depende da causa da irregularidade, fato esse que ir\u00e1 direcionar, o processo para se obter a\u00a0regulariza\u00e7\u00e3o de um im\u00f3vel\u00a0junto a\u00a0Prefeitura do Munic\u00edpio, ou \u00f3rg\u00e3o competente\u00a0 onde se reconhece o fato\u00a0 da irregularidade.<\/span><\/p>\n<p><span style=\"color: #000000;\">\u00a0\u00a0\u00a0\u00a0 Para regularizar a sua edifica\u00e7\u00e3o procure um arquiteto devidamente registrado no seu \u00f3rg\u00e3o de classe e cadastrado pela\u00a0Prefeitura Municipal\u00a0e CAU\u00a0&#8211; Conselho Regional de Arquitetura de S\u00e3o Paulo.<\/span><\/p>\n<p><span style=\"color: #000000;\">\u00a0\u00a0\u00a0\u00a0<strong><span style=\"color: #33cccc;\"> Protocolo do processo&gt; acompanhamento&gt;aprova\u00e7\u00e3o&gt;regulariza\u00e7\u00e3o<\/span><\/strong><\/span><\/p>\n<p><span style=\"color: #000000;\">\u00a0\u00a0\u00a0\u00a0 Quanto ao andamento do processo burocr\u00e1tico, haver\u00e1 mais agilidade na aprova\u00e7\u00e3o do\u00a0\u201cAuto de Regularidade\u201d\u00a0. Estes documentos n\u00e3o s\u00e3o s\u00f3 importantes para a regulariza\u00e7\u00e3o do im\u00f3vel junto \u00e0 Prefeitura, mas tamb\u00e9m para a seq\u00fc\u00eancia da Previd\u00eancia Social e seu registro no Cart\u00f3rio de Registro de Im\u00f3veis.<\/span><br \/>\n<span style=\"color: #000000;\">\u00a0\u00a0 A arquiteta\u00a0Sonia Pacheco , diretora t\u00e9cnica da Noblle Arquitetura e Consultoria, explica que n\u00e3o procedendo da maneira correta voc\u00ea poder\u00e1 ter problemas quando da venda do im\u00f3vel, tirar um Alvar\u00e1 de Funcionamento ou quando necessitar de empr\u00e9stimos; ficando sujeito, no caso de empresa, a autua\u00e7\u00f5es ou at\u00e9 mesmo o seu<\/span><\/p>\n<p><span style=\"color: #000000;\">fechamento\u00a0 administrativo.<\/span><\/p>\n<p><span style=\"color: #000000;\">A Noblle est\u00e1 preparada para estudar caso a caso e lhe proporcionar seguran\u00e7a na solu\u00e7\u00e3o definitiva de sua regulariza\u00e7\u00e3o, pare de se preocupar e venha nos procurar, estaremos prontos para lhe atender.<\/span><\/p>\n<p>&nbsp;<\/p>\n","protected":false},"excerpt":{"rendered":"<p>Regulariza\u00e7\u00e3o de im\u00f3veis em S\u00e3o Paulo , anistia 2017 em breve , antecipe o seu contato: (11) 9 9897-4181\u00a0 O que \u00e9 Regulariza\u00e7\u00e3o de Im\u00f3veis? A\u00a0REGULARIZA\u00c7\u00c3O DE IM\u00d3VEIS &#8211; \u00a0irregulares tem como objetivo legalizar\u00a0qualquer tipo de im\u00f3vel que esteja com problema de documenta\u00e7\u00e3o, pode ter como origem v\u00e1rios motivos: \u00a0\u00a0\u00a0\u00a0\u00a0\u00a0\u00a0\u00a0\u00a0\u00a0\u00a0\u00a0\u00a0\u00a0\u00a0\u00a0\u00a0\u00a0\u00a0\u00a0\u00a0 . documental &#8211;\u00a0 contratos antigos<\/p>\n","protected":false},"author":1,"featured_media":0,"parent":0,"menu_order":0,"comment_status":"closed","ping_status":"closed","template":"","meta":[],"yoast_head":"<!-- This site is optimized with the Yoast SEO plugin v19.11 - https:\/\/yoast.com\/wordpress\/plugins\/seo\/ -->\n<title>Regulariza\u00e7\u00e3o de Im\u00f3veis - Noblle consultoria<\/title>\n<meta name=\"description\" content=\"Regulariza\u00e7\u00e3o de im\u00f3veis 2017, na cidade de S\u00e3o Paulo, contate a Noblle Consultoria, empresa especializada em regulariza\u00e7\u00e3o de im\u00f3vel, ligue e confira.\" \/>\n<meta name=\"robots\" content=\"index, follow, max-snippet:-1, max-image-preview:large, max-video-preview:-1\" \/>\n<link rel=\"canonical\" href=\"http:\/\/noblleconsultoria.com.br\/index.php\/regularizacao-de-imoveis\/\" \/>\n<meta property=\"og:locale\" content=\"pt_BR\" \/>\n<meta property=\"og:type\" content=\"article\" \/>\n<meta property=\"og:title\" content=\"Regulariza\u00e7\u00e3o de Im\u00f3veis - Noblle consultoria\" \/>\n<meta property=\"og:description\" content=\"Regulariza\u00e7\u00e3o de im\u00f3veis 2017, na cidade de S\u00e3o Paulo, contate a Noblle Consultoria, empresa especializada em regulariza\u00e7\u00e3o de im\u00f3vel, ligue e confira.\" \/>\n<meta property=\"og:url\" content=\"http:\/\/noblleconsultoria.com.br\/index.php\/regularizacao-de-imoveis\/\" \/>\n<meta property=\"og:site_name\" content=\"Noblle consultoria\" \/>\n<meta property=\"article:modified_time\" content=\"2017-04-12T20:53:46+00:00\" \/>\n<meta property=\"og:image\" content=\"http:\/\/noblleconsultoria.com.br\/wp-content\/uploads\/2017\/03\/whats.png\" \/>\n<meta name=\"twitter:card\" content=\"summary_large_image\" \/>\n<meta name=\"twitter:label1\" content=\"Est. tempo de leitura\" \/>\n\t<meta name=\"twitter:data1\" content=\"3 minutos\" \/>\n<script type=\"application\/ld+json\" class=\"yoast-schema-graph\">{\"@context\":\"https:\/\/schema.org\",\"@graph\":[{\"@type\":\"WebPage\",\"@id\":\"http:\/\/noblleconsultoria.com.br\/index.php\/regularizacao-de-imoveis\/\",\"url\":\"http:\/\/noblleconsultoria.com.br\/index.php\/regularizacao-de-imoveis\/\",\"name\":\"Regulariza\u00e7\u00e3o de Im\u00f3veis - Noblle consultoria\",\"isPartOf\":{\"@id\":\"https:\/\/noblleconsultoria.com.br\/#website\"},\"datePublished\":\"2017-03-20T23:22:34+00:00\",\"dateModified\":\"2017-04-12T20:53:46+00:00\",\"description\":\"Regulariza\u00e7\u00e3o de im\u00f3veis 2017, na cidade de S\u00e3o Paulo, contate a Noblle Consultoria, empresa especializada em regulariza\u00e7\u00e3o de im\u00f3vel, ligue e confira.\",\"breadcrumb\":{\"@id\":\"http:\/\/noblleconsultoria.com.br\/index.php\/regularizacao-de-imoveis\/#breadcrumb\"},\"inLanguage\":\"pt-BR\",\"potentialAction\":[{\"@type\":\"ReadAction\",\"target\":[\"http:\/\/noblleconsultoria.com.br\/index.php\/regularizacao-de-imoveis\/\"]}]},{\"@type\":\"BreadcrumbList\",\"@id\":\"http:\/\/noblleconsultoria.com.br\/index.php\/regularizacao-de-imoveis\/#breadcrumb\",\"itemListElement\":[{\"@type\":\"ListItem\",\"position\":1,\"name\":\"In\u00edcio\",\"item\":\"https:\/\/noblleconsultoria.com.br\/\"},{\"@type\":\"ListItem\",\"position\":2,\"name\":\"Regulariza\u00e7\u00e3o de Im\u00f3veis\"}]},{\"@type\":\"WebSite\",\"@id\":\"https:\/\/noblleconsultoria.com.br\/#website\",\"url\":\"https:\/\/noblleconsultoria.com.br\/\",\"name\":\"Noblle consultoria\",\"description\":\"Regulariza\u00e7\u00e3o de im\u00f3vel\",\"publisher\":{\"@id\":\"https:\/\/noblleconsultoria.com.br\/#organization\"},\"potentialAction\":[{\"@type\":\"SearchAction\",\"target\":{\"@type\":\"EntryPoint\",\"urlTemplate\":\"https:\/\/noblleconsultoria.com.br\/?s={search_term_string}\"},\"query-input\":\"required name=search_term_string\"}],\"inLanguage\":\"pt-BR\"},{\"@type\":\"Organization\",\"@id\":\"https:\/\/noblleconsultoria.com.br\/#organization\",\"name\":\"Noblle consultoria\",\"url\":\"https:\/\/noblleconsultoria.com.br\/\",\"logo\":{\"@type\":\"ImageObject\",\"inLanguage\":\"pt-BR\",\"@id\":\"https:\/\/noblleconsultoria.com.br\/#\/schema\/logo\/image\/\",\"url\":\"https:\/\/noblleconsultoria.com.br\/wp-content\/uploads\/2017\/02\/noblle-consultoria.jpg\",\"contentUrl\":\"https:\/\/noblleconsultoria.com.br\/wp-content\/uploads\/2017\/02\/noblle-consultoria.jpg\",\"width\":215,\"height\":121,\"caption\":\"Noblle consultoria\"},\"image\":{\"@id\":\"https:\/\/noblleconsultoria.com.br\/#\/schema\/logo\/image\/\"}}]}<\/script>\n<!-- \/ Yoast SEO plugin. -->","yoast_head_json":{"title":"Regulariza\u00e7\u00e3o de Im\u00f3veis - Noblle consultoria","description":"Regulariza\u00e7\u00e3o de im\u00f3veis 2017, na cidade de S\u00e3o Paulo, contate a Noblle Consultoria, empresa especializada em regulariza\u00e7\u00e3o de im\u00f3vel, ligue e confira.","robots":{"index":"index","follow":"follow","max-snippet":"max-snippet:-1","max-image-preview":"max-image-preview:large","max-video-preview":"max-video-preview:-1"},"canonical":"http:\/\/noblleconsultoria.com.br\/index.php\/regularizacao-de-imoveis\/","og_locale":"pt_BR","og_type":"article","og_title":"Regulariza\u00e7\u00e3o de Im\u00f3veis - Noblle consultoria","og_description":"Regulariza\u00e7\u00e3o de im\u00f3veis 2017, na cidade de S\u00e3o Paulo, contate a Noblle Consultoria, empresa especializada em regulariza\u00e7\u00e3o de im\u00f3vel, ligue e confira.","og_url":"http:\/\/noblleconsultoria.com.br\/index.php\/regularizacao-de-imoveis\/","og_site_name":"Noblle consultoria","article_modified_time":"2017-04-12T20:53:46+00:00","og_image":[{"url":"http:\/\/noblleconsultoria.com.br\/wp-content\/uploads\/2017\/03\/whats.png"}],"twitter_card":"summary_large_image","twitter_misc":{"Est. tempo de leitura":"3 minutos"},"schema":{"@context":"https:\/\/schema.org","@graph":[{"@type":"WebPage","@id":"http:\/\/noblleconsultoria.com.br\/index.php\/regularizacao-de-imoveis\/","url":"http:\/\/noblleconsultoria.com.br\/index.php\/regularizacao-de-imoveis\/","name":"Regulariza\u00e7\u00e3o de Im\u00f3veis - Noblle consultoria","isPartOf":{"@id":"https:\/\/noblleconsultoria.com.br\/#website"},"datePublished":"2017-03-20T23:22:34+00:00","dateModified":"2017-04-12T20:53:46+00:00","description":"Regulariza\u00e7\u00e3o de im\u00f3veis 2017, na cidade de S\u00e3o Paulo, contate a Noblle Consultoria, empresa especializada em regulariza\u00e7\u00e3o de im\u00f3vel, ligue e confira.","breadcrumb":{"@id":"http:\/\/noblleconsultoria.com.br\/index.php\/regularizacao-de-imoveis\/#breadcrumb"},"inLanguage":"pt-BR","potentialAction":[{"@type":"ReadAction","target":["http:\/\/noblleconsultoria.com.br\/index.php\/regularizacao-de-imoveis\/"]}]},{"@type":"BreadcrumbList","@id":"http:\/\/noblleconsultoria.com.br\/index.php\/regularizacao-de-imoveis\/#breadcrumb","itemListElement":[{"@type":"ListItem","position":1,"name":"In\u00edcio","item":"https:\/\/noblleconsultoria.com.br\/"},{"@type":"ListItem","position":2,"name":"Regulariza\u00e7\u00e3o de Im\u00f3veis"}]},{"@type":"WebSite","@id":"https:\/\/noblleconsultoria.com.br\/#website","url":"https:\/\/noblleconsultoria.com.br\/","name":"Noblle consultoria","description":"Regulariza\u00e7\u00e3o de im\u00f3vel","publisher":{"@id":"https:\/\/noblleconsultoria.com.br\/#organization"},"potentialAction":[{"@type":"SearchAction","target":{"@type":"EntryPoint","urlTemplate":"https:\/\/noblleconsultoria.com.br\/?s={search_term_string}"},"query-input":"required name=search_term_string"}],"inLanguage":"pt-BR"},{"@type":"Organization","@id":"https:\/\/noblleconsultoria.com.br\/#organization","name":"Noblle consultoria","url":"https:\/\/noblleconsultoria.com.br\/","logo":{"@type":"ImageObject","inLanguage":"pt-BR","@id":"https:\/\/noblleconsultoria.com.br\/#\/schema\/logo\/image\/","url":"https:\/\/noblleconsultoria.com.br\/wp-content\/uploads\/2017\/02\/noblle-consultoria.jpg","contentUrl":"https:\/\/noblleconsultoria.com.br\/wp-content\/uploads\/2017\/02\/noblle-consultoria.jpg","width":215,"height":121,"caption":"Noblle consultoria"},"image":{"@id":"https:\/\/noblleconsultoria.com.br\/#\/schema\/logo\/image\/"}}]}},"_links":{"self":[{"href":"https:\/\/noblleconsultoria.com.br\/index.php\/wp-json\/wp\/v2\/pages\/185"}],"collection":[{"href":"https:\/\/noblleconsultoria.com.br\/index.php\/wp-json\/wp\/v2\/pages"}],"about":[{"href":"https:\/\/noblleconsultoria.com.br\/index.php\/wp-json\/wp\/v2\/types\/page"}],"author":[{"embeddable":true,"href":"https:\/\/noblleconsultoria.com.br\/index.php\/wp-json\/wp\/v2\/users\/1"}],"replies":[{"embeddable":true,"href":"https:\/\/noblleconsultoria.com.br\/index.php\/wp-json\/wp\/v2\/comments?post=185"}],"version-history":[{"count":7,"href":"https:\/\/noblleconsultoria.com.br\/index.php\/wp-json\/wp\/v2\/pages\/185\/revisions"}],"predecessor-version":[{"id":307,"href":"https:\/\/noblleconsultoria.com.br\/index.php\/wp-json\/wp\/v2\/pages\/185\/revisions\/307"}],"wp:attachment":[{"href":"https:\/\/noblleconsultoria.com.br\/index.php\/wp-json\/wp\/v2\/media?parent=185"}],"curies":[{"name":"wp","href":"https:\/\/api.w.org\/{rel}","templated":true}]}}