{"id":191,"date":"2017-03-20T23:25:43","date_gmt":"2017-03-20T23:25:43","guid":{"rendered":"http:\/\/noblleconsultoria.com.br\/?page_id=191"},"modified":"2017-03-20T23:28:35","modified_gmt":"2017-03-20T23:28:35","slug":"licenciamento-ambiental-e-depave","status":"publish","type":"page","link":"https:\/\/noblleconsultoria.com.br\/index.php\/licenciamento-ambiental-e-depave\/","title":{"rendered":"Licenciamento ambiental e Depave"},"content":{"rendered":"<p><img decoding=\"async\" loading=\"lazy\" class=\"size-full wp-image-192 aligncenter\" src=\"http:\/\/noblleconsultoria.com.br\/wp-content\/uploads\/2017\/03\/depave.jpg\" alt=\"\" width=\"797\" height=\"208\" srcset=\"https:\/\/noblleconsultoria.com.br\/wp-content\/uploads\/2017\/03\/depave.jpg 797w, https:\/\/noblleconsultoria.com.br\/wp-content\/uploads\/2017\/03\/depave-300x78.jpg 300w, https:\/\/noblleconsultoria.com.br\/wp-content\/uploads\/2017\/03\/depave-768x200.jpg 768w\" sizes=\"(max-width: 797px) 100vw, 797px\" \/><span style=\"color: #000000;\"><strong>DEPAVE &#8211; PMSP e demais .<\/strong><\/span><\/p>\n<p><span style=\"color: #000000;\">\u2022 APROVAMOS seu LICENCIAMENTO para corte, remanejamento, <\/span><\/p>\n<p><span style=\"color: #000000;\"> supress\u00e3o e compensa\u00e7\u00e3o de \u00e1rvores em S\u00e3o Paulo, no Depave, e <\/span><\/p>\n<p><span style=\"color: #000000;\"> demais \u00f3rg\u00e3os de gest\u00e3o ambiental dentro e fora da capital de S\u00e3o Paulo.<\/span><\/p>\n<p><span style=\"color: #000000;\"> \u2022 APROVAMOS NO DEPAVE &#8211; sempre que houver \u00e1rvores no terreno, e o projeto <\/span><\/p>\n<p><span style=\"color: #000000;\"> exigir a interven\u00e7\u00e3o nas \u00e1rvores locais, ser\u00e1 necess\u00e1rio um Levantamento <\/span><\/p>\n<p><span style=\"color: #000000;\"> Cadastral Arb\u00f3reo, e apresenta\u00e7\u00e3o de um PCA \u2013 Projeto de <\/span><\/p>\n<p><span style=\"color: #000000;\"> Compensa\u00e7\u00e3o Ambiental.<\/span><\/p>\n<p><span style=\"color: #000000;\"> \u2022 APROVAMOS seu LICENCIAMENTO corte e remanejamento e compensa\u00e7\u00e3o <\/span><\/p>\n<p><span style=\"color: #000000;\"> de \u00e1rvores em S\u00e3o Paulo, no Depave, e demais \u00f3rg\u00e3os de gest\u00e3o <\/span><\/p>\n<p><span style=\"color: #000000;\"> ambiental dentro e fora da capital de S\u00e3o Paulo.<\/span><\/p>\n<p><span style=\"color: #000000;\"> \u2022 loca\u00e7\u00e3o de \u00e1rvores existentes no im\u00f3vel, com indica\u00e7\u00e3o completa e <\/span><\/p>\n<p><span style=\"color: #000000;\"> inventariado t\u00e9cnico das mesmas e plaqueamento.<\/span><\/p>\n<p><span style=\"color: #000000;\"> \u2022 Se for necess\u00e1rio o corte ou transplante de \u00e1rvores para implanta\u00e7\u00e3o <\/span><\/p>\n<p><span style=\"color: #000000;\"> do empreendimento, dever\u00e1 ser solicitada autoriza\u00e7\u00e3o junto ao\u00a0 <\/span><\/p>\n<p><span style=\"color: #000000;\"> Departamento de \u00c1reas Verdes \u2013 Depave da\u00a0 Secretaria do Vede e <\/span><\/p>\n<p><span style=\"color: #000000;\"> Meio Ambiente &#8211; SVMA<\/span><\/p>\n<p><strong><span style=\"color: #33cccc;\">A Noblle est\u00e1 preparada para estudar caso a caso e lhe proporcionar seguran\u00e7a na solu\u00e7\u00e3o definitiva de sua necessidade.<\/span><\/strong><\/p>\n<p>&nbsp;<\/p>\n","protected":false},"excerpt":{"rendered":"<p>DEPAVE &#8211; PMSP e demais . \u2022 APROVAMOS seu LICENCIAMENTO para corte, remanejamento, supress\u00e3o e compensa\u00e7\u00e3o de \u00e1rvores em S\u00e3o Paulo, no Depave, e demais \u00f3rg\u00e3os de gest\u00e3o ambiental dentro e fora da capital de S\u00e3o Paulo. \u2022 APROVAMOS NO DEPAVE &#8211; sempre que houver \u00e1rvores no terreno, e o projeto exigir a interven\u00e7\u00e3o nas<\/p>\n","protected":false},"author":1,"featured_media":0,"parent":0,"menu_order":0,"comment_status":"closed","ping_status":"closed","template":"","meta":[],"yoast_head":"<!-- This site is optimized with the Yoast SEO plugin v19.11 - https:\/\/yoast.com\/wordpress\/plugins\/seo\/ -->\n<title>Licenciamento ambiental e Depave - Noblle consultoria<\/title>\n<meta name=\"robots\" content=\"index, follow, max-snippet:-1, max-image-preview:large, max-video-preview:-1\" \/>\n<link rel=\"canonical\" href=\"http:\/\/noblleconsultoria.com.br\/index.php\/licenciamento-ambiental-e-depave\/\" \/>\n<meta property=\"og:locale\" content=\"pt_BR\" \/>\n<meta property=\"og:type\" content=\"article\" \/>\n<meta property=\"og:title\" content=\"Licenciamento ambiental e Depave - Noblle consultoria\" \/>\n<meta property=\"og:description\" content=\"DEPAVE &#8211; PMSP e demais . \u2022 APROVAMOS seu LICENCIAMENTO para corte, remanejamento, supress\u00e3o e compensa\u00e7\u00e3o de \u00e1rvores em S\u00e3o Paulo, no Depave, e demais \u00f3rg\u00e3os de gest\u00e3o ambiental dentro e fora da capital de S\u00e3o Paulo. \u2022 APROVAMOS NO DEPAVE &#8211; sempre que houver \u00e1rvores no terreno, e o projeto exigir a interven\u00e7\u00e3o nas\" \/>\n<meta property=\"og:url\" content=\"http:\/\/noblleconsultoria.com.br\/index.php\/licenciamento-ambiental-e-depave\/\" \/>\n<meta property=\"og:site_name\" content=\"Noblle consultoria\" \/>\n<meta property=\"article:modified_time\" content=\"2017-03-20T23:28:35+00:00\" \/>\n<meta property=\"og:image\" content=\"http:\/\/noblleconsultoria.com.br\/wp-content\/uploads\/2017\/03\/depave.jpg\" \/>\n<meta name=\"twitter:card\" content=\"summary_large_image\" \/>\n<meta name=\"twitter:label1\" content=\"Est. tempo de leitura\" \/>\n\t<meta name=\"twitter:data1\" content=\"1 minuto\" \/>\n<script type=\"application\/ld+json\" class=\"yoast-schema-graph\">{\"@context\":\"https:\/\/schema.org\",\"@graph\":[{\"@type\":\"WebPage\",\"@id\":\"http:\/\/noblleconsultoria.com.br\/index.php\/licenciamento-ambiental-e-depave\/\",\"url\":\"http:\/\/noblleconsultoria.com.br\/index.php\/licenciamento-ambiental-e-depave\/\",\"name\":\"Licenciamento ambiental e Depave - Noblle consultoria\",\"isPartOf\":{\"@id\":\"https:\/\/noblleconsultoria.com.br\/#website\"},\"datePublished\":\"2017-03-20T23:25:43+00:00\",\"dateModified\":\"2017-03-20T23:28:35+00:00\",\"breadcrumb\":{\"@id\":\"http:\/\/noblleconsultoria.com.br\/index.php\/licenciamento-ambiental-e-depave\/#breadcrumb\"},\"inLanguage\":\"pt-BR\",\"potentialAction\":[{\"@type\":\"ReadAction\",\"target\":[\"http:\/\/noblleconsultoria.com.br\/index.php\/licenciamento-ambiental-e-depave\/\"]}]},{\"@type\":\"BreadcrumbList\",\"@id\":\"http:\/\/noblleconsultoria.com.br\/index.php\/licenciamento-ambiental-e-depave\/#breadcrumb\",\"itemListElement\":[{\"@type\":\"ListItem\",\"position\":1,\"name\":\"In\u00edcio\",\"item\":\"https:\/\/noblleconsultoria.com.br\/\"},{\"@type\":\"ListItem\",\"position\":2,\"name\":\"Licenciamento ambiental e Depave\"}]},{\"@type\":\"WebSite\",\"@id\":\"https:\/\/noblleconsultoria.com.br\/#website\",\"url\":\"https:\/\/noblleconsultoria.com.br\/\",\"name\":\"Noblle consultoria\",\"description\":\"Regulariza\u00e7\u00e3o de im\u00f3vel\",\"publisher\":{\"@id\":\"https:\/\/noblleconsultoria.com.br\/#organization\"},\"potentialAction\":[{\"@type\":\"SearchAction\",\"target\":{\"@type\":\"EntryPoint\",\"urlTemplate\":\"https:\/\/noblleconsultoria.com.br\/?s={search_term_string}\"},\"query-input\":\"required name=search_term_string\"}],\"inLanguage\":\"pt-BR\"},{\"@type\":\"Organization\",\"@id\":\"https:\/\/noblleconsultoria.com.br\/#organization\",\"name\":\"Noblle consultoria\",\"url\":\"https:\/\/noblleconsultoria.com.br\/\",\"logo\":{\"@type\":\"ImageObject\",\"inLanguage\":\"pt-BR\",\"@id\":\"https:\/\/noblleconsultoria.com.br\/#\/schema\/logo\/image\/\",\"url\":\"https:\/\/noblleconsultoria.com.br\/wp-content\/uploads\/2017\/02\/noblle-consultoria.jpg\",\"contentUrl\":\"https:\/\/noblleconsultoria.com.br\/wp-content\/uploads\/2017\/02\/noblle-consultoria.jpg\",\"width\":215,\"height\":121,\"caption\":\"Noblle consultoria\"},\"image\":{\"@id\":\"https:\/\/noblleconsultoria.com.br\/#\/schema\/logo\/image\/\"}}]}<\/script>\n<!-- \/ Yoast SEO plugin. -->","yoast_head_json":{"title":"Licenciamento ambiental e Depave - Noblle consultoria","robots":{"index":"index","follow":"follow","max-snippet":"max-snippet:-1","max-image-preview":"max-image-preview:large","max-video-preview":"max-video-preview:-1"},"canonical":"http:\/\/noblleconsultoria.com.br\/index.php\/licenciamento-ambiental-e-depave\/","og_locale":"pt_BR","og_type":"article","og_title":"Licenciamento ambiental e Depave - Noblle consultoria","og_description":"DEPAVE &#8211; PMSP e demais . \u2022 APROVAMOS seu LICENCIAMENTO para corte, remanejamento, supress\u00e3o e compensa\u00e7\u00e3o de \u00e1rvores em S\u00e3o Paulo, no Depave, e demais \u00f3rg\u00e3os de gest\u00e3o ambiental dentro e fora da capital de S\u00e3o Paulo. \u2022 APROVAMOS NO DEPAVE &#8211; sempre que houver \u00e1rvores no terreno, e o projeto exigir a interven\u00e7\u00e3o nas","og_url":"http:\/\/noblleconsultoria.com.br\/index.php\/licenciamento-ambiental-e-depave\/","og_site_name":"Noblle consultoria","article_modified_time":"2017-03-20T23:28:35+00:00","og_image":[{"url":"http:\/\/noblleconsultoria.com.br\/wp-content\/uploads\/2017\/03\/depave.jpg"}],"twitter_card":"summary_large_image","twitter_misc":{"Est. tempo de leitura":"1 minuto"},"schema":{"@context":"https:\/\/schema.org","@graph":[{"@type":"WebPage","@id":"http:\/\/noblleconsultoria.com.br\/index.php\/licenciamento-ambiental-e-depave\/","url":"http:\/\/noblleconsultoria.com.br\/index.php\/licenciamento-ambiental-e-depave\/","name":"Licenciamento ambiental e Depave - Noblle consultoria","isPartOf":{"@id":"https:\/\/noblleconsultoria.com.br\/#website"},"datePublished":"2017-03-20T23:25:43+00:00","dateModified":"2017-03-20T23:28:35+00:00","breadcrumb":{"@id":"http:\/\/noblleconsultoria.com.br\/index.php\/licenciamento-ambiental-e-depave\/#breadcrumb"},"inLanguage":"pt-BR","potentialAction":[{"@type":"ReadAction","target":["http:\/\/noblleconsultoria.com.br\/index.php\/licenciamento-ambiental-e-depave\/"]}]},{"@type":"BreadcrumbList","@id":"http:\/\/noblleconsultoria.com.br\/index.php\/licenciamento-ambiental-e-depave\/#breadcrumb","itemListElement":[{"@type":"ListItem","position":1,"name":"In\u00edcio","item":"https:\/\/noblleconsultoria.com.br\/"},{"@type":"ListItem","position":2,"name":"Licenciamento ambiental e Depave"}]},{"@type":"WebSite","@id":"https:\/\/noblleconsultoria.com.br\/#website","url":"https:\/\/noblleconsultoria.com.br\/","name":"Noblle consultoria","description":"Regulariza\u00e7\u00e3o de im\u00f3vel","publisher":{"@id":"https:\/\/noblleconsultoria.com.br\/#organization"},"potentialAction":[{"@type":"SearchAction","target":{"@type":"EntryPoint","urlTemplate":"https:\/\/noblleconsultoria.com.br\/?s={search_term_string}"},"query-input":"required name=search_term_string"}],"inLanguage":"pt-BR"},{"@type":"Organization","@id":"https:\/\/noblleconsultoria.com.br\/#organization","name":"Noblle consultoria","url":"https:\/\/noblleconsultoria.com.br\/","logo":{"@type":"ImageObject","inLanguage":"pt-BR","@id":"https:\/\/noblleconsultoria.com.br\/#\/schema\/logo\/image\/","url":"https:\/\/noblleconsultoria.com.br\/wp-content\/uploads\/2017\/02\/noblle-consultoria.jpg","contentUrl":"https:\/\/noblleconsultoria.com.br\/wp-content\/uploads\/2017\/02\/noblle-consultoria.jpg","width":215,"height":121,"caption":"Noblle consultoria"},"image":{"@id":"https:\/\/noblleconsultoria.com.br\/#\/schema\/logo\/image\/"}}]}},"_links":{"self":[{"href":"https:\/\/noblleconsultoria.com.br\/index.php\/wp-json\/wp\/v2\/pages\/191"}],"collection":[{"href":"https:\/\/noblleconsultoria.com.br\/index.php\/wp-json\/wp\/v2\/pages"}],"about":[{"href":"https:\/\/noblleconsultoria.com.br\/index.php\/wp-json\/wp\/v2\/types\/page"}],"author":[{"embeddable":true,"href":"https:\/\/noblleconsultoria.com.br\/index.php\/wp-json\/wp\/v2\/users\/1"}],"replies":[{"embeddable":true,"href":"https:\/\/noblleconsultoria.com.br\/index.php\/wp-json\/wp\/v2\/comments?post=191"}],"version-history":[{"count":3,"href":"https:\/\/noblleconsultoria.com.br\/index.php\/wp-json\/wp\/v2\/pages\/191\/revisions"}],"predecessor-version":[{"id":196,"href":"https:\/\/noblleconsultoria.com.br\/index.php\/wp-json\/wp\/v2\/pages\/191\/revisions\/196"}],"wp:attachment":[{"href":"https:\/\/noblleconsultoria.com.br\/index.php\/wp-json\/wp\/v2\/media?parent=191"}],"curies":[{"name":"wp","href":"https:\/\/api.w.org\/{rel}","templated":true}]}}