{"id":2,"date":"2016-09-20T15:42:55","date_gmt":"2016-09-20T15:42:55","guid":{"rendered":"http:\/\/noblleconsultoria.com.br\/\/?page_id=2"},"modified":"2017-07-07T19:17:05","modified_gmt":"2017-07-07T19:17:05","slug":"empresa","status":"publish","type":"page","link":"https:\/\/noblleconsultoria.com.br\/index.php\/empresa\/","title":{"rendered":"Empresa"},"content":{"rendered":"<p>[vc_row][vc_column][vc_column_text]<\/p>\n<div class=\"meioConteudo\">\n<div id=\"content\">\n<table id=\"content-parent\" border=\"0\" width=\"100%\" cellspacing=\"0\" cellpadding=\"0\" align=\"center\">\n<tbody>\n<tr>\n<td class=\"100percent\" colspan=\"3\" align=\"center\" valign=\"top\" width=\"100%\">\n<div>\n<table border=\"0\" width=\"100%\" cellspacing=\"0\" cellpadding=\"0\" align=\"center\">\n<tbody>\n<tr>\n<td class=\"sohotext\" align=\"left\" valign=\"top\" width=\"100%\"><span style=\"font-family: verdana, geneva; font-size: medium;\">Desde 1993 a <b>Noblle Consultoria \/ Grupo Fohat<\/b> est\u00e1 no mercado, conta com uma equipe especializada, temos a:<\/span><\/p>\n<p>\u2022 <b>Noblle Arquitetura<\/b> &#8211; prestamos assessoria personalizada em aprova\u00e7\u00e3o de projetos, alvar\u00e1s e licen\u00e7as nos mais diversos \u00d3rg\u00e3os P\u00fablicos como: Prefeitura, SEHAB, Vigil\u00e2ncia Sanit\u00e1ria, DEPAVE, Corpo de Bombeiros, CETESB, etc.<\/p>\n<p>\u2022 <b>Noblle Jur\u00eddico<\/b> &#8211; conta tamb\u00e9m com departamento jur\u00eddico pr\u00f3prio, pronto para sanar quaisquer necessidades para regularizar seu im\u00f3vel, sejam elas para propor, ou conduzir uma a\u00e7\u00e3o de Arrolamento, Usucapi\u00e3o, Precat\u00f3rios, desapropria\u00e7\u00e3o, Contratos, retifica\u00e7\u00e3o de \u00e1rea, reintegra\u00e7\u00e3o de posse, etc.<\/p>\n<p>\u2022 <b>Noblle per\u00edcias<\/b> &#8211; com \u00eanfase em Laudos para im\u00f3veis, fazemos seu Laudo de avalia\u00e7\u00e3o de<br \/>\nim\u00f3veis, estudo de empreedimento, estudos de impacto de vizinhan\u00e7a, e transito,etc.<br \/>\nNesse seguimento atendemos todo o Brasil.<br \/>\nAl\u00e9m disso, contamos com a parceria de escrit\u00f3rios e profissionais liberais em diversos estados, que mant\u00eam o mesmo conceito de qualidade e compromisso com o cliente.<br \/>\nNossos departamentos prestam servi\u00e7os de qualidade, visando a satisfa\u00e7\u00e3o do cliente e de seus usu\u00e1rios, conforme sua necessidade.<\/p>\n<p>&nbsp;<\/p>\n<div align=\"right\">\n<p><span style=\"font-family: verdana, geneva; font-size: medium;\">\u00a0<b><span style=\"color: #008080;\">Nossa miss\u00e3o<\/span><\/b><\/span><\/p>\n<p><span style=\"font-family: verdana, geneva; font-size: medium;\">\u201cOferecer as melhores solu\u00e7\u00f5es, para que os objetivos de nossos clientes <\/span><\/p>\n<p><span style=\"font-family: verdana, geneva; font-size: medium;\">sejam materializados de forma din\u00e2mica e inteligente, potencializando <\/span><\/p>\n<p><span style=\"font-family: verdana, geneva; font-size: medium;\">um resultado firme e satisfat\u00f3rio, elo de uma rela\u00e7\u00e3o duradoura entre <\/span><\/p>\n<p><span style=\"font-family: verdana, geneva; font-size: medium;\">empresa e cliente.\u201d<\/span><\/p>\n<\/div>\n<\/td>\n<\/tr>\n<\/tbody>\n<\/table>\n<\/div>\n<\/td>\n<\/tr>\n<\/tbody>\n<\/table>\n<\/div>\n<\/div>\n<p>[\/vc_column_text][\/vc_column][\/vc_row][vc_row][vc_column][\/vc_column][\/vc_row]<\/p>\n","protected":false},"excerpt":{"rendered":"<p>[vc_row][vc_column][vc_column_text] Desde 1993 a Noblle Consultoria \/ Grupo Fohat est\u00e1 no mercado, conta com uma equipe especializada, temos a: \u2022 Noblle Arquitetura &#8211; prestamos assessoria personalizada em aprova\u00e7\u00e3o de projetos, alvar\u00e1s e licen\u00e7as nos mais diversos \u00d3rg\u00e3os P\u00fablicos como: Prefeitura, SEHAB, Vigil\u00e2ncia Sanit\u00e1ria, DEPAVE, Corpo de Bombeiros, CETESB, etc. \u2022 Noblle Jur\u00eddico &#8211; conta tamb\u00e9m<\/p>\n","protected":false},"author":1,"featured_media":0,"parent":0,"menu_order":0,"comment_status":"closed","ping_status":"open","template":"","meta":[],"yoast_head":"<!-- This site is optimized with the Yoast SEO plugin v19.11 - https:\/\/yoast.com\/wordpress\/plugins\/seo\/ -->\n<title>Empresa - Noblle consultoria<\/title>\n<meta name=\"robots\" content=\"index, follow, max-snippet:-1, max-image-preview:large, max-video-preview:-1\" \/>\n<link rel=\"canonical\" href=\"http:\/\/noblleconsultoria.com.br\/index.php\/empresa\/\" \/>\n<meta property=\"og:locale\" content=\"pt_BR\" \/>\n<meta property=\"og:type\" content=\"article\" \/>\n<meta property=\"og:title\" content=\"Empresa - Noblle consultoria\" \/>\n<meta property=\"og:description\" content=\"[vc_row][vc_column][vc_column_text] Desde 1993 a Noblle Consultoria \/ Grupo Fohat est\u00e1 no mercado, conta com uma equipe especializada, temos a: \u2022 Noblle Arquitetura &#8211; prestamos assessoria personalizada em aprova\u00e7\u00e3o de projetos, alvar\u00e1s e licen\u00e7as nos mais diversos \u00d3rg\u00e3os P\u00fablicos como: Prefeitura, SEHAB, Vigil\u00e2ncia Sanit\u00e1ria, DEPAVE, Corpo de Bombeiros, CETESB, etc. \u2022 Noblle Jur\u00eddico &#8211; conta tamb\u00e9m\" \/>\n<meta property=\"og:url\" content=\"http:\/\/noblleconsultoria.com.br\/index.php\/empresa\/\" \/>\n<meta property=\"og:site_name\" content=\"Noblle consultoria\" \/>\n<meta property=\"article:modified_time\" content=\"2017-07-07T19:17:05+00:00\" \/>\n<meta name=\"twitter:card\" content=\"summary_large_image\" \/>\n<meta name=\"twitter:label1\" content=\"Est. tempo de leitura\" \/>\n\t<meta name=\"twitter:data1\" content=\"1 minuto\" \/>\n<script type=\"application\/ld+json\" class=\"yoast-schema-graph\">{\"@context\":\"https:\/\/schema.org\",\"@graph\":[{\"@type\":\"WebPage\",\"@id\":\"http:\/\/noblleconsultoria.com.br\/index.php\/empresa\/\",\"url\":\"http:\/\/noblleconsultoria.com.br\/index.php\/empresa\/\",\"name\":\"Empresa - Noblle consultoria\",\"isPartOf\":{\"@id\":\"https:\/\/noblleconsultoria.com.br\/#website\"},\"datePublished\":\"2016-09-20T15:42:55+00:00\",\"dateModified\":\"2017-07-07T19:17:05+00:00\",\"breadcrumb\":{\"@id\":\"http:\/\/noblleconsultoria.com.br\/index.php\/empresa\/#breadcrumb\"},\"inLanguage\":\"pt-BR\",\"potentialAction\":[{\"@type\":\"ReadAction\",\"target\":[\"http:\/\/noblleconsultoria.com.br\/index.php\/empresa\/\"]}]},{\"@type\":\"BreadcrumbList\",\"@id\":\"http:\/\/noblleconsultoria.com.br\/index.php\/empresa\/#breadcrumb\",\"itemListElement\":[{\"@type\":\"ListItem\",\"position\":1,\"name\":\"In\u00edcio\",\"item\":\"https:\/\/noblleconsultoria.com.br\/\"},{\"@type\":\"ListItem\",\"position\":2,\"name\":\"Empresa\"}]},{\"@type\":\"WebSite\",\"@id\":\"https:\/\/noblleconsultoria.com.br\/#website\",\"url\":\"https:\/\/noblleconsultoria.com.br\/\",\"name\":\"Noblle consultoria\",\"description\":\"Regulariza\u00e7\u00e3o de im\u00f3vel\",\"publisher\":{\"@id\":\"https:\/\/noblleconsultoria.com.br\/#organization\"},\"potentialAction\":[{\"@type\":\"SearchAction\",\"target\":{\"@type\":\"EntryPoint\",\"urlTemplate\":\"https:\/\/noblleconsultoria.com.br\/?s={search_term_string}\"},\"query-input\":\"required name=search_term_string\"}],\"inLanguage\":\"pt-BR\"},{\"@type\":\"Organization\",\"@id\":\"https:\/\/noblleconsultoria.com.br\/#organization\",\"name\":\"Noblle consultoria\",\"url\":\"https:\/\/noblleconsultoria.com.br\/\",\"logo\":{\"@type\":\"ImageObject\",\"inLanguage\":\"pt-BR\",\"@id\":\"https:\/\/noblleconsultoria.com.br\/#\/schema\/logo\/image\/\",\"url\":\"https:\/\/noblleconsultoria.com.br\/wp-content\/uploads\/2017\/02\/noblle-consultoria.jpg\",\"contentUrl\":\"https:\/\/noblleconsultoria.com.br\/wp-content\/uploads\/2017\/02\/noblle-consultoria.jpg\",\"width\":215,\"height\":121,\"caption\":\"Noblle consultoria\"},\"image\":{\"@id\":\"https:\/\/noblleconsultoria.com.br\/#\/schema\/logo\/image\/\"}}]}<\/script>\n<!-- \/ Yoast SEO plugin. -->","yoast_head_json":{"title":"Empresa - Noblle consultoria","robots":{"index":"index","follow":"follow","max-snippet":"max-snippet:-1","max-image-preview":"max-image-preview:large","max-video-preview":"max-video-preview:-1"},"canonical":"http:\/\/noblleconsultoria.com.br\/index.php\/empresa\/","og_locale":"pt_BR","og_type":"article","og_title":"Empresa - Noblle consultoria","og_description":"[vc_row][vc_column][vc_column_text] Desde 1993 a Noblle Consultoria \/ Grupo Fohat est\u00e1 no mercado, conta com uma equipe especializada, temos a: \u2022 Noblle Arquitetura &#8211; prestamos assessoria personalizada em aprova\u00e7\u00e3o de projetos, alvar\u00e1s e licen\u00e7as nos mais diversos \u00d3rg\u00e3os P\u00fablicos como: Prefeitura, SEHAB, Vigil\u00e2ncia Sanit\u00e1ria, DEPAVE, Corpo de Bombeiros, CETESB, etc. \u2022 Noblle Jur\u00eddico &#8211; conta tamb\u00e9m","og_url":"http:\/\/noblleconsultoria.com.br\/index.php\/empresa\/","og_site_name":"Noblle consultoria","article_modified_time":"2017-07-07T19:17:05+00:00","twitter_card":"summary_large_image","twitter_misc":{"Est. tempo de leitura":"1 minuto"},"schema":{"@context":"https:\/\/schema.org","@graph":[{"@type":"WebPage","@id":"http:\/\/noblleconsultoria.com.br\/index.php\/empresa\/","url":"http:\/\/noblleconsultoria.com.br\/index.php\/empresa\/","name":"Empresa - Noblle consultoria","isPartOf":{"@id":"https:\/\/noblleconsultoria.com.br\/#website"},"datePublished":"2016-09-20T15:42:55+00:00","dateModified":"2017-07-07T19:17:05+00:00","breadcrumb":{"@id":"http:\/\/noblleconsultoria.com.br\/index.php\/empresa\/#breadcrumb"},"inLanguage":"pt-BR","potentialAction":[{"@type":"ReadAction","target":["http:\/\/noblleconsultoria.com.br\/index.php\/empresa\/"]}]},{"@type":"BreadcrumbList","@id":"http:\/\/noblleconsultoria.com.br\/index.php\/empresa\/#breadcrumb","itemListElement":[{"@type":"ListItem","position":1,"name":"In\u00edcio","item":"https:\/\/noblleconsultoria.com.br\/"},{"@type":"ListItem","position":2,"name":"Empresa"}]},{"@type":"WebSite","@id":"https:\/\/noblleconsultoria.com.br\/#website","url":"https:\/\/noblleconsultoria.com.br\/","name":"Noblle consultoria","description":"Regulariza\u00e7\u00e3o de im\u00f3vel","publisher":{"@id":"https:\/\/noblleconsultoria.com.br\/#organization"},"potentialAction":[{"@type":"SearchAction","target":{"@type":"EntryPoint","urlTemplate":"https:\/\/noblleconsultoria.com.br\/?s={search_term_string}"},"query-input":"required name=search_term_string"}],"inLanguage":"pt-BR"},{"@type":"Organization","@id":"https:\/\/noblleconsultoria.com.br\/#organization","name":"Noblle consultoria","url":"https:\/\/noblleconsultoria.com.br\/","logo":{"@type":"ImageObject","inLanguage":"pt-BR","@id":"https:\/\/noblleconsultoria.com.br\/#\/schema\/logo\/image\/","url":"https:\/\/noblleconsultoria.com.br\/wp-content\/uploads\/2017\/02\/noblle-consultoria.jpg","contentUrl":"https:\/\/noblleconsultoria.com.br\/wp-content\/uploads\/2017\/02\/noblle-consultoria.jpg","width":215,"height":121,"caption":"Noblle consultoria"},"image":{"@id":"https:\/\/noblleconsultoria.com.br\/#\/schema\/logo\/image\/"}}]}},"_links":{"self":[{"href":"https:\/\/noblleconsultoria.com.br\/index.php\/wp-json\/wp\/v2\/pages\/2"}],"collection":[{"href":"https:\/\/noblleconsultoria.com.br\/index.php\/wp-json\/wp\/v2\/pages"}],"about":[{"href":"https:\/\/noblleconsultoria.com.br\/index.php\/wp-json\/wp\/v2\/types\/page"}],"author":[{"embeddable":true,"href":"https:\/\/noblleconsultoria.com.br\/index.php\/wp-json\/wp\/v2\/users\/1"}],"replies":[{"embeddable":true,"href":"https:\/\/noblleconsultoria.com.br\/index.php\/wp-json\/wp\/v2\/comments?post=2"}],"version-history":[{"count":18,"href":"https:\/\/noblleconsultoria.com.br\/index.php\/wp-json\/wp\/v2\/pages\/2\/revisions"}],"predecessor-version":[{"id":312,"href":"https:\/\/noblleconsultoria.com.br\/index.php\/wp-json\/wp\/v2\/pages\/2\/revisions\/312"}],"wp:attachment":[{"href":"https:\/\/noblleconsultoria.com.br\/index.php\/wp-json\/wp\/v2\/media?parent=2"}],"curies":[{"name":"wp","href":"https:\/\/api.w.org\/{rel}","templated":true}]}}