{"id":200,"date":"2017-03-20T23:55:43","date_gmt":"2017-03-20T23:55:43","guid":{"rendered":"http:\/\/noblleconsultoria.com.br\/?page_id=200"},"modified":"2017-03-20T23:55:43","modified_gmt":"2017-03-20T23:55:43","slug":"usucapiao","status":"publish","type":"page","link":"https:\/\/noblleconsultoria.com.br\/index.php\/usucapiao\/","title":{"rendered":"Usucapi\u00e3o"},"content":{"rendered":"<p><img decoding=\"async\" loading=\"lazy\" class=\"size-full wp-image-201 aligncenter\" src=\"http:\/\/noblleconsultoria.com.br\/wp-content\/uploads\/2017\/03\/usucapiao.jpg\" alt=\"\" width=\"200\" height=\"150\" \/><\/p>\n<p><span style=\"font-family: verdana,geneva; font-size: medium;\"><b>Usucapi\u00e3o &#8211;\u00a0<\/b>Fazemos a <b>a\u00e7\u00e3o de\u00a0 usucapi\u00e3o em toda<\/b> <b>zona sul de S\u00e3o Paulo e demais regi\u00f5es da capital e interior<\/b>, <b>\u00a0<\/b>\u00e9 o\u00a0<b>direito<\/b>\u00a0que um cidad\u00e3o adquire em rela\u00e7\u00e3o \u00e0\u00a0<b>posse de um bem m\u00f3vel<\/b>\u00a0ou im\u00f3vel em decorr\u00eancia do uso deste por um determinado tempo. Usucapi\u00e3o \u00e9 um termo origin\u00e1rio do latim, e significa adquirir pelo uso.<\/span><\/p>\n<p><span style=\"font-family: verdana,geneva; font-size: medium;\">Para que esse direito seja reconhecido, \u00e9 necess\u00e1rio que sejam atendidos determinados pr\u00e9-requisitos previstos na lei, especificamente no C\u00f3digo Civil e na Constitui\u00e7\u00e3o Brasileira. Os pr\u00e9-requisitos fundamentais para a aquisi\u00e7\u00e3o do direito s\u00e3o: a posse, por um determinado tempo do bem m\u00f3vel ou im\u00f3vel, e que a posse seja ininterrupta e pac\u00edfica.<\/span><\/p>\n<p><span style=\"font-family: verdana,geneva; font-size: medium;\">A legisla\u00e7\u00e3o brasileira prev\u00ea v\u00e1rias modalidades de usucapi\u00e3o de bens im\u00f3veis. <\/span><\/p>\n","protected":false},"excerpt":{"rendered":"<p>Usucapi\u00e3o &#8211;\u00a0Fazemos a a\u00e7\u00e3o de\u00a0 usucapi\u00e3o em toda zona sul de S\u00e3o Paulo e demais regi\u00f5es da capital e interior, \u00a0\u00e9 o\u00a0direito\u00a0que um cidad\u00e3o adquire em rela\u00e7\u00e3o \u00e0\u00a0posse de um bem m\u00f3vel\u00a0ou im\u00f3vel em decorr\u00eancia do uso deste por um determinado tempo. Usucapi\u00e3o \u00e9 um termo origin\u00e1rio do latim, e significa adquirir pelo uso. Para<\/p>\n","protected":false},"author":1,"featured_media":0,"parent":0,"menu_order":0,"comment_status":"closed","ping_status":"closed","template":"","meta":[],"yoast_head":"<!-- This site is optimized with the Yoast SEO plugin v19.11 - https:\/\/yoast.com\/wordpress\/plugins\/seo\/ -->\n<title>Usucapi\u00e3o - Noblle consultoria<\/title>\n<meta name=\"robots\" content=\"index, follow, max-snippet:-1, max-image-preview:large, max-video-preview:-1\" \/>\n<link rel=\"canonical\" href=\"https:\/\/noblleconsultoria.com.br\/index.php\/usucapiao\/\" \/>\n<meta property=\"og:locale\" content=\"pt_BR\" \/>\n<meta property=\"og:type\" content=\"article\" \/>\n<meta property=\"og:title\" content=\"Usucapi\u00e3o - Noblle consultoria\" \/>\n<meta property=\"og:description\" content=\"Usucapi\u00e3o &#8211;\u00a0Fazemos a a\u00e7\u00e3o de\u00a0 usucapi\u00e3o em toda zona sul de S\u00e3o Paulo e demais regi\u00f5es da capital e interior, \u00a0\u00e9 o\u00a0direito\u00a0que um cidad\u00e3o adquire em rela\u00e7\u00e3o \u00e0\u00a0posse de um bem m\u00f3vel\u00a0ou im\u00f3vel em decorr\u00eancia do uso deste por um determinado tempo. Usucapi\u00e3o \u00e9 um termo origin\u00e1rio do latim, e significa adquirir pelo uso. Para\" \/>\n<meta property=\"og:url\" content=\"https:\/\/noblleconsultoria.com.br\/index.php\/usucapiao\/\" \/>\n<meta property=\"og:site_name\" content=\"Noblle consultoria\" \/>\n<meta property=\"og:image\" content=\"http:\/\/noblleconsultoria.com.br\/wp-content\/uploads\/2017\/03\/usucapiao.jpg\" \/>\n<meta name=\"twitter:card\" content=\"summary_large_image\" \/>\n<meta name=\"twitter:label1\" content=\"Est. tempo de leitura\" \/>\n\t<meta name=\"twitter:data1\" content=\"1 minuto\" \/>\n<script type=\"application\/ld+json\" class=\"yoast-schema-graph\">{\"@context\":\"https:\/\/schema.org\",\"@graph\":[{\"@type\":\"WebPage\",\"@id\":\"https:\/\/noblleconsultoria.com.br\/index.php\/usucapiao\/\",\"url\":\"https:\/\/noblleconsultoria.com.br\/index.php\/usucapiao\/\",\"name\":\"Usucapi\u00e3o - Noblle consultoria\",\"isPartOf\":{\"@id\":\"https:\/\/noblleconsultoria.com.br\/#website\"},\"datePublished\":\"2017-03-20T23:55:43+00:00\",\"dateModified\":\"2017-03-20T23:55:43+00:00\",\"breadcrumb\":{\"@id\":\"https:\/\/noblleconsultoria.com.br\/index.php\/usucapiao\/#breadcrumb\"},\"inLanguage\":\"pt-BR\",\"potentialAction\":[{\"@type\":\"ReadAction\",\"target\":[\"https:\/\/noblleconsultoria.com.br\/index.php\/usucapiao\/\"]}]},{\"@type\":\"BreadcrumbList\",\"@id\":\"https:\/\/noblleconsultoria.com.br\/index.php\/usucapiao\/#breadcrumb\",\"itemListElement\":[{\"@type\":\"ListItem\",\"position\":1,\"name\":\"In\u00edcio\",\"item\":\"https:\/\/noblleconsultoria.com.br\/\"},{\"@type\":\"ListItem\",\"position\":2,\"name\":\"Usucapi\u00e3o\"}]},{\"@type\":\"WebSite\",\"@id\":\"https:\/\/noblleconsultoria.com.br\/#website\",\"url\":\"https:\/\/noblleconsultoria.com.br\/\",\"name\":\"Noblle consultoria\",\"description\":\"Regulariza\u00e7\u00e3o de im\u00f3vel\",\"publisher\":{\"@id\":\"https:\/\/noblleconsultoria.com.br\/#organization\"},\"potentialAction\":[{\"@type\":\"SearchAction\",\"target\":{\"@type\":\"EntryPoint\",\"urlTemplate\":\"https:\/\/noblleconsultoria.com.br\/?s={search_term_string}\"},\"query-input\":\"required name=search_term_string\"}],\"inLanguage\":\"pt-BR\"},{\"@type\":\"Organization\",\"@id\":\"https:\/\/noblleconsultoria.com.br\/#organization\",\"name\":\"Noblle consultoria\",\"url\":\"https:\/\/noblleconsultoria.com.br\/\",\"logo\":{\"@type\":\"ImageObject\",\"inLanguage\":\"pt-BR\",\"@id\":\"https:\/\/noblleconsultoria.com.br\/#\/schema\/logo\/image\/\",\"url\":\"https:\/\/noblleconsultoria.com.br\/wp-content\/uploads\/2017\/02\/noblle-consultoria.jpg\",\"contentUrl\":\"https:\/\/noblleconsultoria.com.br\/wp-content\/uploads\/2017\/02\/noblle-consultoria.jpg\",\"width\":215,\"height\":121,\"caption\":\"Noblle consultoria\"},\"image\":{\"@id\":\"https:\/\/noblleconsultoria.com.br\/#\/schema\/logo\/image\/\"}}]}<\/script>\n<!-- \/ Yoast SEO plugin. -->","yoast_head_json":{"title":"Usucapi\u00e3o - Noblle consultoria","robots":{"index":"index","follow":"follow","max-snippet":"max-snippet:-1","max-image-preview":"max-image-preview:large","max-video-preview":"max-video-preview:-1"},"canonical":"https:\/\/noblleconsultoria.com.br\/index.php\/usucapiao\/","og_locale":"pt_BR","og_type":"article","og_title":"Usucapi\u00e3o - Noblle consultoria","og_description":"Usucapi\u00e3o &#8211;\u00a0Fazemos a a\u00e7\u00e3o de\u00a0 usucapi\u00e3o em toda zona sul de S\u00e3o Paulo e demais regi\u00f5es da capital e interior, \u00a0\u00e9 o\u00a0direito\u00a0que um cidad\u00e3o adquire em rela\u00e7\u00e3o \u00e0\u00a0posse de um bem m\u00f3vel\u00a0ou im\u00f3vel em decorr\u00eancia do uso deste por um determinado tempo. Usucapi\u00e3o \u00e9 um termo origin\u00e1rio do latim, e significa adquirir pelo uso. Para","og_url":"https:\/\/noblleconsultoria.com.br\/index.php\/usucapiao\/","og_site_name":"Noblle consultoria","og_image":[{"url":"http:\/\/noblleconsultoria.com.br\/wp-content\/uploads\/2017\/03\/usucapiao.jpg"}],"twitter_card":"summary_large_image","twitter_misc":{"Est. tempo de leitura":"1 minuto"},"schema":{"@context":"https:\/\/schema.org","@graph":[{"@type":"WebPage","@id":"https:\/\/noblleconsultoria.com.br\/index.php\/usucapiao\/","url":"https:\/\/noblleconsultoria.com.br\/index.php\/usucapiao\/","name":"Usucapi\u00e3o - Noblle consultoria","isPartOf":{"@id":"https:\/\/noblleconsultoria.com.br\/#website"},"datePublished":"2017-03-20T23:55:43+00:00","dateModified":"2017-03-20T23:55:43+00:00","breadcrumb":{"@id":"https:\/\/noblleconsultoria.com.br\/index.php\/usucapiao\/#breadcrumb"},"inLanguage":"pt-BR","potentialAction":[{"@type":"ReadAction","target":["https:\/\/noblleconsultoria.com.br\/index.php\/usucapiao\/"]}]},{"@type":"BreadcrumbList","@id":"https:\/\/noblleconsultoria.com.br\/index.php\/usucapiao\/#breadcrumb","itemListElement":[{"@type":"ListItem","position":1,"name":"In\u00edcio","item":"https:\/\/noblleconsultoria.com.br\/"},{"@type":"ListItem","position":2,"name":"Usucapi\u00e3o"}]},{"@type":"WebSite","@id":"https:\/\/noblleconsultoria.com.br\/#website","url":"https:\/\/noblleconsultoria.com.br\/","name":"Noblle consultoria","description":"Regulariza\u00e7\u00e3o de im\u00f3vel","publisher":{"@id":"https:\/\/noblleconsultoria.com.br\/#organization"},"potentialAction":[{"@type":"SearchAction","target":{"@type":"EntryPoint","urlTemplate":"https:\/\/noblleconsultoria.com.br\/?s={search_term_string}"},"query-input":"required name=search_term_string"}],"inLanguage":"pt-BR"},{"@type":"Organization","@id":"https:\/\/noblleconsultoria.com.br\/#organization","name":"Noblle consultoria","url":"https:\/\/noblleconsultoria.com.br\/","logo":{"@type":"ImageObject","inLanguage":"pt-BR","@id":"https:\/\/noblleconsultoria.com.br\/#\/schema\/logo\/image\/","url":"https:\/\/noblleconsultoria.com.br\/wp-content\/uploads\/2017\/02\/noblle-consultoria.jpg","contentUrl":"https:\/\/noblleconsultoria.com.br\/wp-content\/uploads\/2017\/02\/noblle-consultoria.jpg","width":215,"height":121,"caption":"Noblle consultoria"},"image":{"@id":"https:\/\/noblleconsultoria.com.br\/#\/schema\/logo\/image\/"}}]}},"_links":{"self":[{"href":"https:\/\/noblleconsultoria.com.br\/index.php\/wp-json\/wp\/v2\/pages\/200"}],"collection":[{"href":"https:\/\/noblleconsultoria.com.br\/index.php\/wp-json\/wp\/v2\/pages"}],"about":[{"href":"https:\/\/noblleconsultoria.com.br\/index.php\/wp-json\/wp\/v2\/types\/page"}],"author":[{"embeddable":true,"href":"https:\/\/noblleconsultoria.com.br\/index.php\/wp-json\/wp\/v2\/users\/1"}],"replies":[{"embeddable":true,"href":"https:\/\/noblleconsultoria.com.br\/index.php\/wp-json\/wp\/v2\/comments?post=200"}],"version-history":[{"count":1,"href":"https:\/\/noblleconsultoria.com.br\/index.php\/wp-json\/wp\/v2\/pages\/200\/revisions"}],"predecessor-version":[{"id":203,"href":"https:\/\/noblleconsultoria.com.br\/index.php\/wp-json\/wp\/v2\/pages\/200\/revisions\/203"}],"wp:attachment":[{"href":"https:\/\/noblleconsultoria.com.br\/index.php\/wp-json\/wp\/v2\/media?parent=200"}],"curies":[{"name":"wp","href":"https:\/\/api.w.org\/{rel}","templated":true}]}}