{"id":216,"date":"2017-03-21T00:07:52","date_gmt":"2017-03-21T00:07:52","guid":{"rendered":"http:\/\/noblleconsultoria.com.br\/?page_id=216"},"modified":"2017-03-21T00:07:52","modified_gmt":"2017-03-21T00:07:52","slug":"arrolamentos","status":"publish","type":"page","link":"https:\/\/noblleconsultoria.com.br\/index.php\/arrolamentos\/","title":{"rendered":"Arrolamentos"},"content":{"rendered":"<p><img decoding=\"async\" loading=\"lazy\" class=\"size-full wp-image-217 aligncenter\" src=\"http:\/\/noblleconsultoria.com.br\/wp-content\/uploads\/2017\/03\/Arrolamento.jpg\" alt=\"\" width=\"655\" height=\"149\" srcset=\"https:\/\/noblleconsultoria.com.br\/wp-content\/uploads\/2017\/03\/Arrolamento.jpg 655w, https:\/\/noblleconsultoria.com.br\/wp-content\/uploads\/2017\/03\/Arrolamento-300x68.jpg 300w\" sizes=\"(max-width: 655px) 100vw, 655px\" \/><\/p>\n<p>&nbsp;<\/p>\n<ul>\n<li><span style=\"color: #000000;\">arrolamento\u00a0\u2013\u00a0Fazemos a <strong>a\u00e7\u00e3o de \u00a0arrolamento em toda<\/strong> <strong>zona sul de S\u00e3o Paulo e demais regi\u00f5es da capital e interior<\/strong>, trata-se de um processo de invent\u00e1rio simplificado, \u00e9 caracterizado pela redu\u00e7\u00e3o de atos formais ou de solenidades. Este tipo de procedimento \u00e9 cab\u00edvel quando os herdeiros, capazes, de acordo est\u00e3o com a partilha dos bens que comp\u00f5em o esp\u00f3lio.<\/span><\/li>\n<\/ul>\n<p><span style=\"color: #000000;\">\u00a0\u00a0\u00a0\u00a0\u00a0\u00a0\u00a0\u00a0\u00a0\u00a0\u00a0 H\u00e1 duas categorias:<\/span><\/p>\n<ul>\n<li><span style=\"color: #000000;\">\u00a0arrolamento judicial, tradicional e solene<\/span><\/li>\n<\/ul>\n<ul>\n<li><span style=\"color: #000000;\">\u00a0arrolamento extrajudicial &#8211; administrativo<\/span><\/li>\n<\/ul>\n","protected":false},"excerpt":{"rendered":"<p>&nbsp; arrolamento\u00a0\u2013\u00a0Fazemos a a\u00e7\u00e3o de \u00a0arrolamento em toda zona sul de S\u00e3o Paulo e demais regi\u00f5es da capital e interior, trata-se de um processo de invent\u00e1rio simplificado, \u00e9 caracterizado pela redu\u00e7\u00e3o de atos formais ou de solenidades. Este tipo de procedimento \u00e9 cab\u00edvel quando os herdeiros, capazes, de acordo est\u00e3o com a partilha dos bens<\/p>\n","protected":false},"author":1,"featured_media":0,"parent":0,"menu_order":0,"comment_status":"closed","ping_status":"closed","template":"","meta":[],"yoast_head":"<!-- This site is optimized with the Yoast SEO plugin v19.11 - https:\/\/yoast.com\/wordpress\/plugins\/seo\/ -->\n<title>Arrolamentos - Noblle consultoria<\/title>\n<meta name=\"robots\" content=\"index, follow, max-snippet:-1, max-image-preview:large, max-video-preview:-1\" \/>\n<link rel=\"canonical\" href=\"http:\/\/noblleconsultoria.com.br\/index.php\/arrolamentos\/\" \/>\n<meta property=\"og:locale\" content=\"pt_BR\" \/>\n<meta property=\"og:type\" content=\"article\" \/>\n<meta property=\"og:title\" content=\"Arrolamentos - Noblle consultoria\" \/>\n<meta property=\"og:description\" content=\"&nbsp; arrolamento\u00a0\u2013\u00a0Fazemos a a\u00e7\u00e3o de \u00a0arrolamento em toda zona sul de S\u00e3o Paulo e demais regi\u00f5es da capital e interior, trata-se de um processo de invent\u00e1rio simplificado, \u00e9 caracterizado pela redu\u00e7\u00e3o de atos formais ou de solenidades. Este tipo de procedimento \u00e9 cab\u00edvel quando os herdeiros, capazes, de acordo est\u00e3o com a partilha dos bens\" \/>\n<meta property=\"og:url\" content=\"http:\/\/noblleconsultoria.com.br\/index.php\/arrolamentos\/\" \/>\n<meta property=\"og:site_name\" content=\"Noblle consultoria\" \/>\n<meta property=\"og:image\" content=\"http:\/\/noblleconsultoria.com.br\/wp-content\/uploads\/2017\/03\/Arrolamento.jpg\" \/>\n<meta name=\"twitter:card\" content=\"summary_large_image\" \/>\n<script type=\"application\/ld+json\" class=\"yoast-schema-graph\">{\"@context\":\"https:\/\/schema.org\",\"@graph\":[{\"@type\":\"WebPage\",\"@id\":\"http:\/\/noblleconsultoria.com.br\/index.php\/arrolamentos\/\",\"url\":\"http:\/\/noblleconsultoria.com.br\/index.php\/arrolamentos\/\",\"name\":\"Arrolamentos - Noblle consultoria\",\"isPartOf\":{\"@id\":\"https:\/\/noblleconsultoria.com.br\/#website\"},\"datePublished\":\"2017-03-21T00:07:52+00:00\",\"dateModified\":\"2017-03-21T00:07:52+00:00\",\"breadcrumb\":{\"@id\":\"http:\/\/noblleconsultoria.com.br\/index.php\/arrolamentos\/#breadcrumb\"},\"inLanguage\":\"pt-BR\",\"potentialAction\":[{\"@type\":\"ReadAction\",\"target\":[\"http:\/\/noblleconsultoria.com.br\/index.php\/arrolamentos\/\"]}]},{\"@type\":\"BreadcrumbList\",\"@id\":\"http:\/\/noblleconsultoria.com.br\/index.php\/arrolamentos\/#breadcrumb\",\"itemListElement\":[{\"@type\":\"ListItem\",\"position\":1,\"name\":\"In\u00edcio\",\"item\":\"https:\/\/noblleconsultoria.com.br\/\"},{\"@type\":\"ListItem\",\"position\":2,\"name\":\"Arrolamentos\"}]},{\"@type\":\"WebSite\",\"@id\":\"https:\/\/noblleconsultoria.com.br\/#website\",\"url\":\"https:\/\/noblleconsultoria.com.br\/\",\"name\":\"Noblle consultoria\",\"description\":\"Regulariza\u00e7\u00e3o de im\u00f3vel\",\"publisher\":{\"@id\":\"https:\/\/noblleconsultoria.com.br\/#organization\"},\"potentialAction\":[{\"@type\":\"SearchAction\",\"target\":{\"@type\":\"EntryPoint\",\"urlTemplate\":\"https:\/\/noblleconsultoria.com.br\/?s={search_term_string}\"},\"query-input\":\"required name=search_term_string\"}],\"inLanguage\":\"pt-BR\"},{\"@type\":\"Organization\",\"@id\":\"https:\/\/noblleconsultoria.com.br\/#organization\",\"name\":\"Noblle consultoria\",\"url\":\"https:\/\/noblleconsultoria.com.br\/\",\"logo\":{\"@type\":\"ImageObject\",\"inLanguage\":\"pt-BR\",\"@id\":\"https:\/\/noblleconsultoria.com.br\/#\/schema\/logo\/image\/\",\"url\":\"https:\/\/noblleconsultoria.com.br\/wp-content\/uploads\/2017\/02\/noblle-consultoria.jpg\",\"contentUrl\":\"https:\/\/noblleconsultoria.com.br\/wp-content\/uploads\/2017\/02\/noblle-consultoria.jpg\",\"width\":215,\"height\":121,\"caption\":\"Noblle consultoria\"},\"image\":{\"@id\":\"https:\/\/noblleconsultoria.com.br\/#\/schema\/logo\/image\/\"}}]}<\/script>\n<!-- \/ Yoast SEO plugin. -->","yoast_head_json":{"title":"Arrolamentos - Noblle consultoria","robots":{"index":"index","follow":"follow","max-snippet":"max-snippet:-1","max-image-preview":"max-image-preview:large","max-video-preview":"max-video-preview:-1"},"canonical":"http:\/\/noblleconsultoria.com.br\/index.php\/arrolamentos\/","og_locale":"pt_BR","og_type":"article","og_title":"Arrolamentos - Noblle consultoria","og_description":"&nbsp; arrolamento\u00a0\u2013\u00a0Fazemos a a\u00e7\u00e3o de \u00a0arrolamento em toda zona sul de S\u00e3o Paulo e demais regi\u00f5es da capital e interior, trata-se de um processo de invent\u00e1rio simplificado, \u00e9 caracterizado pela redu\u00e7\u00e3o de atos formais ou de solenidades. Este tipo de procedimento \u00e9 cab\u00edvel quando os herdeiros, capazes, de acordo est\u00e3o com a partilha dos bens","og_url":"http:\/\/noblleconsultoria.com.br\/index.php\/arrolamentos\/","og_site_name":"Noblle consultoria","og_image":[{"url":"http:\/\/noblleconsultoria.com.br\/wp-content\/uploads\/2017\/03\/Arrolamento.jpg"}],"twitter_card":"summary_large_image","schema":{"@context":"https:\/\/schema.org","@graph":[{"@type":"WebPage","@id":"http:\/\/noblleconsultoria.com.br\/index.php\/arrolamentos\/","url":"http:\/\/noblleconsultoria.com.br\/index.php\/arrolamentos\/","name":"Arrolamentos - Noblle consultoria","isPartOf":{"@id":"https:\/\/noblleconsultoria.com.br\/#website"},"datePublished":"2017-03-21T00:07:52+00:00","dateModified":"2017-03-21T00:07:52+00:00","breadcrumb":{"@id":"http:\/\/noblleconsultoria.com.br\/index.php\/arrolamentos\/#breadcrumb"},"inLanguage":"pt-BR","potentialAction":[{"@type":"ReadAction","target":["http:\/\/noblleconsultoria.com.br\/index.php\/arrolamentos\/"]}]},{"@type":"BreadcrumbList","@id":"http:\/\/noblleconsultoria.com.br\/index.php\/arrolamentos\/#breadcrumb","itemListElement":[{"@type":"ListItem","position":1,"name":"In\u00edcio","item":"https:\/\/noblleconsultoria.com.br\/"},{"@type":"ListItem","position":2,"name":"Arrolamentos"}]},{"@type":"WebSite","@id":"https:\/\/noblleconsultoria.com.br\/#website","url":"https:\/\/noblleconsultoria.com.br\/","name":"Noblle consultoria","description":"Regulariza\u00e7\u00e3o de im\u00f3vel","publisher":{"@id":"https:\/\/noblleconsultoria.com.br\/#organization"},"potentialAction":[{"@type":"SearchAction","target":{"@type":"EntryPoint","urlTemplate":"https:\/\/noblleconsultoria.com.br\/?s={search_term_string}"},"query-input":"required name=search_term_string"}],"inLanguage":"pt-BR"},{"@type":"Organization","@id":"https:\/\/noblleconsultoria.com.br\/#organization","name":"Noblle consultoria","url":"https:\/\/noblleconsultoria.com.br\/","logo":{"@type":"ImageObject","inLanguage":"pt-BR","@id":"https:\/\/noblleconsultoria.com.br\/#\/schema\/logo\/image\/","url":"https:\/\/noblleconsultoria.com.br\/wp-content\/uploads\/2017\/02\/noblle-consultoria.jpg","contentUrl":"https:\/\/noblleconsultoria.com.br\/wp-content\/uploads\/2017\/02\/noblle-consultoria.jpg","width":215,"height":121,"caption":"Noblle consultoria"},"image":{"@id":"https:\/\/noblleconsultoria.com.br\/#\/schema\/logo\/image\/"}}]}},"_links":{"self":[{"href":"https:\/\/noblleconsultoria.com.br\/index.php\/wp-json\/wp\/v2\/pages\/216"}],"collection":[{"href":"https:\/\/noblleconsultoria.com.br\/index.php\/wp-json\/wp\/v2\/pages"}],"about":[{"href":"https:\/\/noblleconsultoria.com.br\/index.php\/wp-json\/wp\/v2\/types\/page"}],"author":[{"embeddable":true,"href":"https:\/\/noblleconsultoria.com.br\/index.php\/wp-json\/wp\/v2\/users\/1"}],"replies":[{"embeddable":true,"href":"https:\/\/noblleconsultoria.com.br\/index.php\/wp-json\/wp\/v2\/comments?post=216"}],"version-history":[{"count":1,"href":"https:\/\/noblleconsultoria.com.br\/index.php\/wp-json\/wp\/v2\/pages\/216\/revisions"}],"predecessor-version":[{"id":219,"href":"https:\/\/noblleconsultoria.com.br\/index.php\/wp-json\/wp\/v2\/pages\/216\/revisions\/219"}],"wp:attachment":[{"href":"https:\/\/noblleconsultoria.com.br\/index.php\/wp-json\/wp\/v2\/media?parent=216"}],"curies":[{"name":"wp","href":"https:\/\/api.w.org\/{rel}","templated":true}]}}