{"id":220,"date":"2017-03-21T00:10:41","date_gmt":"2017-03-21T00:10:41","guid":{"rendered":"http:\/\/noblleconsultoria.com.br\/?page_id=220"},"modified":"2017-03-21T00:10:49","modified_gmt":"2017-03-21T00:10:49","slug":"consultoria-juridica","status":"publish","type":"page","link":"https:\/\/noblleconsultoria.com.br\/index.php\/consultoria-juridica\/","title":{"rendered":"Consultoria Jur\u00eddica"},"content":{"rendered":"<p><img decoding=\"async\" loading=\"lazy\" class=\"size-full wp-image-221 aligncenter\" src=\"http:\/\/noblleconsultoria.com.br\/wp-content\/uploads\/2017\/03\/Dpto._Juridico_Proprio.jpg\" alt=\"\" width=\"535\" height=\"101\" srcset=\"https:\/\/noblleconsultoria.com.br\/wp-content\/uploads\/2017\/03\/Dpto._Juridico_Proprio.jpg 535w, https:\/\/noblleconsultoria.com.br\/wp-content\/uploads\/2017\/03\/Dpto._Juridico_Proprio-300x57.jpg 300w\" sizes=\"(max-width: 535px) 100vw, 535px\" \/><\/p>\n<p>&nbsp;<\/p>\n<p>A Noblle\u00a0 oferece uma Consultoria\u00a0 Jur\u00eddica\u00a0 completa para voc\u00ea e sua empresa, atende em toda a zona sul de S\u00e3o Paulo, demais regi\u00f5es de S\u00e3o Paulo e todo interior, disp\u00f5e de departamento jur\u00eddico pr\u00f3prio, te dando mais seguran\u00e7a em seus neg\u00f3cios, entre em contato e conte com uma equipe pronta para te auxiliar.<br \/>\nO escopo deste trabalho \u00e9 analisar, mesmo que sucintamente, quais as atribui\u00e7\u00f5es do departamento jur\u00eddico de uma empresa, e se ele est\u00e1 adstrito ao cumprimento de metas, visando o lucro, que \u00e9 como se disse acima o principal objetivo da pessoa jur\u00eddica de direito privado.<br \/>\n<strong>O departamento jur\u00eddico, dentre outras, tem como atribui\u00e7\u00f5es:<\/strong><\/p>\n<p>a) propor a\u00e7\u00f5es judiciais, relativas a direitos da empresa.<br \/>\nb) defender a empresa, nas a\u00e7\u00f5es que lhe s\u00e3o contr\u00e1rias.<br \/>\nc) interpor recursos perante os tribunais.<br \/>\nd) defender a empresa, em processos administrativos.<br \/>\ne) representar a empresa perante os \u00f3rg\u00e3os da administra\u00e7\u00e3o p\u00fablica, direta ou indireta e perante os tribunais.<br \/>\nf) acompanhar o andamento das a\u00e7\u00f5es judiciais ou processos administrativos de interesse da empresa, inclusive em interface com os escrit\u00f3rios externos, fiscalizando as suas atividades.<br \/>\ng) redigir e analisar contratos e sugerir altera\u00e7\u00f5es de cl\u00e1usulas que possam comprometer no futuro o patrim\u00f4nio da empresa.<br \/>\nh) emitir pareceres, responder a consultas, analisar neg\u00f3cios empresariais.<br \/>\ni) zelar pelo cumprimento das leis.<br \/>\nj) emitir relat\u00f3rios, subsidiar de informa\u00e7\u00f5es a diretoria, quanto ao contingenciamento e riscos processuais.<br \/>\nl) auditar internamente os procedimentos de outros departamentos.<\/p>\n<p>A partir de informa\u00e7\u00f5es de ordem legal e de avalia\u00e7\u00e3o de risco, todos os contratos firmados pelos v\u00e1rios departamentos da empresa s\u00e3o submetidos ao departamento jur\u00eddico, o qual desempenha, ainda, a importante fun\u00e7\u00e3o de manter tais contratos atualizados, elaborando adequa\u00e7\u00f5es impostas por lei.<\/p>\n","protected":false},"excerpt":{"rendered":"<p>&nbsp; A Noblle\u00a0 oferece uma Consultoria\u00a0 Jur\u00eddica\u00a0 completa para voc\u00ea e sua empresa, atende em toda a zona sul de S\u00e3o Paulo, demais regi\u00f5es de S\u00e3o Paulo e todo interior, disp\u00f5e de departamento jur\u00eddico pr\u00f3prio, te dando mais seguran\u00e7a em seus neg\u00f3cios, entre em contato e conte com uma equipe pronta para te auxiliar. O<\/p>\n","protected":false},"author":1,"featured_media":0,"parent":0,"menu_order":0,"comment_status":"closed","ping_status":"closed","template":"","meta":[],"yoast_head":"<!-- This site is optimized with the Yoast SEO plugin v19.11 - https:\/\/yoast.com\/wordpress\/plugins\/seo\/ -->\n<title>Consultoria Jur\u00eddica - Noblle consultoria<\/title>\n<meta name=\"robots\" content=\"index, follow, max-snippet:-1, max-image-preview:large, max-video-preview:-1\" \/>\n<link rel=\"canonical\" href=\"http:\/\/noblleconsultoria.com.br\/index.php\/consultoria-juridica\/\" \/>\n<meta property=\"og:locale\" content=\"pt_BR\" \/>\n<meta property=\"og:type\" content=\"article\" \/>\n<meta property=\"og:title\" content=\"Consultoria Jur\u00eddica - Noblle consultoria\" \/>\n<meta property=\"og:description\" content=\"&nbsp; A Noblle\u00a0 oferece uma Consultoria\u00a0 Jur\u00eddica\u00a0 completa para voc\u00ea e sua empresa, atende em toda a zona sul de S\u00e3o Paulo, demais regi\u00f5es de S\u00e3o Paulo e todo interior, disp\u00f5e de departamento jur\u00eddico pr\u00f3prio, te dando mais seguran\u00e7a em seus neg\u00f3cios, entre em contato e conte com uma equipe pronta para te auxiliar. O\" \/>\n<meta property=\"og:url\" content=\"http:\/\/noblleconsultoria.com.br\/index.php\/consultoria-juridica\/\" \/>\n<meta property=\"og:site_name\" content=\"Noblle consultoria\" \/>\n<meta property=\"article:modified_time\" content=\"2017-03-21T00:10:49+00:00\" \/>\n<meta property=\"og:image\" content=\"http:\/\/noblleconsultoria.com.br\/wp-content\/uploads\/2017\/03\/Dpto._Juridico_Proprio.jpg\" \/>\n<meta name=\"twitter:card\" content=\"summary_large_image\" \/>\n<meta name=\"twitter:label1\" content=\"Est. tempo de leitura\" \/>\n\t<meta name=\"twitter:data1\" content=\"2 minutos\" \/>\n<script type=\"application\/ld+json\" class=\"yoast-schema-graph\">{\"@context\":\"https:\/\/schema.org\",\"@graph\":[{\"@type\":\"WebPage\",\"@id\":\"http:\/\/noblleconsultoria.com.br\/index.php\/consultoria-juridica\/\",\"url\":\"http:\/\/noblleconsultoria.com.br\/index.php\/consultoria-juridica\/\",\"name\":\"Consultoria Jur\u00eddica - Noblle consultoria\",\"isPartOf\":{\"@id\":\"https:\/\/noblleconsultoria.com.br\/#website\"},\"datePublished\":\"2017-03-21T00:10:41+00:00\",\"dateModified\":\"2017-03-21T00:10:49+00:00\",\"breadcrumb\":{\"@id\":\"http:\/\/noblleconsultoria.com.br\/index.php\/consultoria-juridica\/#breadcrumb\"},\"inLanguage\":\"pt-BR\",\"potentialAction\":[{\"@type\":\"ReadAction\",\"target\":[\"http:\/\/noblleconsultoria.com.br\/index.php\/consultoria-juridica\/\"]}]},{\"@type\":\"BreadcrumbList\",\"@id\":\"http:\/\/noblleconsultoria.com.br\/index.php\/consultoria-juridica\/#breadcrumb\",\"itemListElement\":[{\"@type\":\"ListItem\",\"position\":1,\"name\":\"In\u00edcio\",\"item\":\"https:\/\/noblleconsultoria.com.br\/\"},{\"@type\":\"ListItem\",\"position\":2,\"name\":\"Consultoria Jur\u00eddica\"}]},{\"@type\":\"WebSite\",\"@id\":\"https:\/\/noblleconsultoria.com.br\/#website\",\"url\":\"https:\/\/noblleconsultoria.com.br\/\",\"name\":\"Noblle consultoria\",\"description\":\"Regulariza\u00e7\u00e3o de im\u00f3vel\",\"publisher\":{\"@id\":\"https:\/\/noblleconsultoria.com.br\/#organization\"},\"potentialAction\":[{\"@type\":\"SearchAction\",\"target\":{\"@type\":\"EntryPoint\",\"urlTemplate\":\"https:\/\/noblleconsultoria.com.br\/?s={search_term_string}\"},\"query-input\":\"required name=search_term_string\"}],\"inLanguage\":\"pt-BR\"},{\"@type\":\"Organization\",\"@id\":\"https:\/\/noblleconsultoria.com.br\/#organization\",\"name\":\"Noblle consultoria\",\"url\":\"https:\/\/noblleconsultoria.com.br\/\",\"logo\":{\"@type\":\"ImageObject\",\"inLanguage\":\"pt-BR\",\"@id\":\"https:\/\/noblleconsultoria.com.br\/#\/schema\/logo\/image\/\",\"url\":\"https:\/\/noblleconsultoria.com.br\/wp-content\/uploads\/2017\/02\/noblle-consultoria.jpg\",\"contentUrl\":\"https:\/\/noblleconsultoria.com.br\/wp-content\/uploads\/2017\/02\/noblle-consultoria.jpg\",\"width\":215,\"height\":121,\"caption\":\"Noblle consultoria\"},\"image\":{\"@id\":\"https:\/\/noblleconsultoria.com.br\/#\/schema\/logo\/image\/\"}}]}<\/script>\n<!-- \/ Yoast SEO plugin. -->","yoast_head_json":{"title":"Consultoria Jur\u00eddica - Noblle consultoria","robots":{"index":"index","follow":"follow","max-snippet":"max-snippet:-1","max-image-preview":"max-image-preview:large","max-video-preview":"max-video-preview:-1"},"canonical":"http:\/\/noblleconsultoria.com.br\/index.php\/consultoria-juridica\/","og_locale":"pt_BR","og_type":"article","og_title":"Consultoria Jur\u00eddica - Noblle consultoria","og_description":"&nbsp; A Noblle\u00a0 oferece uma Consultoria\u00a0 Jur\u00eddica\u00a0 completa para voc\u00ea e sua empresa, atende em toda a zona sul de S\u00e3o Paulo, demais regi\u00f5es de S\u00e3o Paulo e todo interior, disp\u00f5e de departamento jur\u00eddico pr\u00f3prio, te dando mais seguran\u00e7a em seus neg\u00f3cios, entre em contato e conte com uma equipe pronta para te auxiliar. O","og_url":"http:\/\/noblleconsultoria.com.br\/index.php\/consultoria-juridica\/","og_site_name":"Noblle consultoria","article_modified_time":"2017-03-21T00:10:49+00:00","og_image":[{"url":"http:\/\/noblleconsultoria.com.br\/wp-content\/uploads\/2017\/03\/Dpto._Juridico_Proprio.jpg"}],"twitter_card":"summary_large_image","twitter_misc":{"Est. tempo de leitura":"2 minutos"},"schema":{"@context":"https:\/\/schema.org","@graph":[{"@type":"WebPage","@id":"http:\/\/noblleconsultoria.com.br\/index.php\/consultoria-juridica\/","url":"http:\/\/noblleconsultoria.com.br\/index.php\/consultoria-juridica\/","name":"Consultoria Jur\u00eddica - Noblle consultoria","isPartOf":{"@id":"https:\/\/noblleconsultoria.com.br\/#website"},"datePublished":"2017-03-21T00:10:41+00:00","dateModified":"2017-03-21T00:10:49+00:00","breadcrumb":{"@id":"http:\/\/noblleconsultoria.com.br\/index.php\/consultoria-juridica\/#breadcrumb"},"inLanguage":"pt-BR","potentialAction":[{"@type":"ReadAction","target":["http:\/\/noblleconsultoria.com.br\/index.php\/consultoria-juridica\/"]}]},{"@type":"BreadcrumbList","@id":"http:\/\/noblleconsultoria.com.br\/index.php\/consultoria-juridica\/#breadcrumb","itemListElement":[{"@type":"ListItem","position":1,"name":"In\u00edcio","item":"https:\/\/noblleconsultoria.com.br\/"},{"@type":"ListItem","position":2,"name":"Consultoria Jur\u00eddica"}]},{"@type":"WebSite","@id":"https:\/\/noblleconsultoria.com.br\/#website","url":"https:\/\/noblleconsultoria.com.br\/","name":"Noblle consultoria","description":"Regulariza\u00e7\u00e3o de im\u00f3vel","publisher":{"@id":"https:\/\/noblleconsultoria.com.br\/#organization"},"potentialAction":[{"@type":"SearchAction","target":{"@type":"EntryPoint","urlTemplate":"https:\/\/noblleconsultoria.com.br\/?s={search_term_string}"},"query-input":"required name=search_term_string"}],"inLanguage":"pt-BR"},{"@type":"Organization","@id":"https:\/\/noblleconsultoria.com.br\/#organization","name":"Noblle consultoria","url":"https:\/\/noblleconsultoria.com.br\/","logo":{"@type":"ImageObject","inLanguage":"pt-BR","@id":"https:\/\/noblleconsultoria.com.br\/#\/schema\/logo\/image\/","url":"https:\/\/noblleconsultoria.com.br\/wp-content\/uploads\/2017\/02\/noblle-consultoria.jpg","contentUrl":"https:\/\/noblleconsultoria.com.br\/wp-content\/uploads\/2017\/02\/noblle-consultoria.jpg","width":215,"height":121,"caption":"Noblle consultoria"},"image":{"@id":"https:\/\/noblleconsultoria.com.br\/#\/schema\/logo\/image\/"}}]}},"_links":{"self":[{"href":"https:\/\/noblleconsultoria.com.br\/index.php\/wp-json\/wp\/v2\/pages\/220"}],"collection":[{"href":"https:\/\/noblleconsultoria.com.br\/index.php\/wp-json\/wp\/v2\/pages"}],"about":[{"href":"https:\/\/noblleconsultoria.com.br\/index.php\/wp-json\/wp\/v2\/types\/page"}],"author":[{"embeddable":true,"href":"https:\/\/noblleconsultoria.com.br\/index.php\/wp-json\/wp\/v2\/users\/1"}],"replies":[{"embeddable":true,"href":"https:\/\/noblleconsultoria.com.br\/index.php\/wp-json\/wp\/v2\/comments?post=220"}],"version-history":[{"count":1,"href":"https:\/\/noblleconsultoria.com.br\/index.php\/wp-json\/wp\/v2\/pages\/220\/revisions"}],"predecessor-version":[{"id":223,"href":"https:\/\/noblleconsultoria.com.br\/index.php\/wp-json\/wp\/v2\/pages\/220\/revisions\/223"}],"wp:attachment":[{"href":"https:\/\/noblleconsultoria.com.br\/index.php\/wp-json\/wp\/v2\/media?parent=220"}],"curies":[{"name":"wp","href":"https:\/\/api.w.org\/{rel}","templated":true}]}}