{"id":227,"date":"2017-03-21T00:13:32","date_gmt":"2017-03-21T00:13:32","guid":{"rendered":"http:\/\/noblleconsultoria.com.br\/?page_id=227"},"modified":"2017-03-21T00:13:32","modified_gmt":"2017-03-21T00:13:32","slug":"obras","status":"publish","type":"page","link":"https:\/\/noblleconsultoria.com.br\/index.php\/obras\/","title":{"rendered":"Obras"},"content":{"rendered":"<p><img decoding=\"async\" loading=\"lazy\" class=\"wp-image-228 aligncenter\" src=\"http:\/\/noblleconsultoria.com.br\/wp-content\/uploads\/2017\/03\/imagem_2-_Obras.jpg\" alt=\"\" width=\"549\" height=\"182\" srcset=\"https:\/\/noblleconsultoria.com.br\/wp-content\/uploads\/2017\/03\/imagem_2-_Obras.jpg 1331w, https:\/\/noblleconsultoria.com.br\/wp-content\/uploads\/2017\/03\/imagem_2-_Obras-300x99.jpg 300w, https:\/\/noblleconsultoria.com.br\/wp-content\/uploads\/2017\/03\/imagem_2-_Obras-768x254.jpg 768w, https:\/\/noblleconsultoria.com.br\/wp-content\/uploads\/2017\/03\/imagem_2-_Obras-1024x339.jpg 1024w\" sizes=\"(max-width: 549px) 100vw, 549px\" \/><\/p>\n<p>&nbsp;<\/p>\n<p>Executamos sua obra nova ou reforma em toda zona sul de S\u00e3o Paulo e demais regi\u00f5es da capital e interior .<\/p>\n<p>Para melhor atende-los um padr\u00e3o exclusivo de presta\u00e7\u00e3o de servi\u00e7os e desenvolvimento de obra ou reforma, no qual o profissional altamente competente e bem equipado \u00e9 colocado \u00e0 disposi\u00e7\u00e3o do cliente, que ainda disp\u00f5e de supervis\u00e3o e orienta\u00e7\u00e3o de Arquitetos, Engenheiros e fiscais que acompanham a execu\u00e7\u00e3o dos servi\u00e7os.<\/p>\n<p>Nosso compromisso \u00e9 atende-lo bem com uma pol\u00edtica arrojada e determinada a honrar os compromissos perante nossos cliente, garantindo total satisfa\u00e7\u00e3o, e mais importante respeitando prazos.<\/p>\n","protected":false},"excerpt":{"rendered":"<p>&nbsp; Executamos sua obra nova ou reforma em toda zona sul de S\u00e3o Paulo e demais regi\u00f5es da capital e interior . Para melhor atende-los um padr\u00e3o exclusivo de presta\u00e7\u00e3o de servi\u00e7os e desenvolvimento de obra ou reforma, no qual o profissional altamente competente e bem equipado \u00e9 colocado \u00e0 disposi\u00e7\u00e3o do cliente, que ainda<\/p>\n","protected":false},"author":1,"featured_media":0,"parent":0,"menu_order":0,"comment_status":"closed","ping_status":"closed","template":"","meta":[],"yoast_head":"<!-- This site is optimized with the Yoast SEO plugin v19.11 - https:\/\/yoast.com\/wordpress\/plugins\/seo\/ -->\n<title>Obras - Noblle consultoria<\/title>\n<meta name=\"robots\" content=\"index, follow, max-snippet:-1, max-image-preview:large, max-video-preview:-1\" \/>\n<link rel=\"canonical\" href=\"https:\/\/noblleconsultoria.com.br\/index.php\/obras\/\" \/>\n<meta property=\"og:locale\" content=\"pt_BR\" \/>\n<meta property=\"og:type\" content=\"article\" \/>\n<meta property=\"og:title\" content=\"Obras - Noblle consultoria\" \/>\n<meta property=\"og:description\" content=\"&nbsp; Executamos sua obra nova ou reforma em toda zona sul de S\u00e3o Paulo e demais regi\u00f5es da capital e interior . Para melhor atende-los um padr\u00e3o exclusivo de presta\u00e7\u00e3o de servi\u00e7os e desenvolvimento de obra ou reforma, no qual o profissional altamente competente e bem equipado \u00e9 colocado \u00e0 disposi\u00e7\u00e3o do cliente, que ainda\" \/>\n<meta property=\"og:url\" content=\"https:\/\/noblleconsultoria.com.br\/index.php\/obras\/\" \/>\n<meta property=\"og:site_name\" content=\"Noblle consultoria\" \/>\n<meta property=\"og:image\" content=\"http:\/\/noblleconsultoria.com.br\/wp-content\/uploads\/2017\/03\/imagem_2-_Obras.jpg\" \/>\n<meta name=\"twitter:card\" content=\"summary_large_image\" \/>\n<meta name=\"twitter:label1\" content=\"Est. tempo de leitura\" \/>\n\t<meta name=\"twitter:data1\" content=\"1 minuto\" \/>\n<script type=\"application\/ld+json\" class=\"yoast-schema-graph\">{\"@context\":\"https:\/\/schema.org\",\"@graph\":[{\"@type\":\"WebPage\",\"@id\":\"https:\/\/noblleconsultoria.com.br\/index.php\/obras\/\",\"url\":\"https:\/\/noblleconsultoria.com.br\/index.php\/obras\/\",\"name\":\"Obras - Noblle consultoria\",\"isPartOf\":{\"@id\":\"https:\/\/noblleconsultoria.com.br\/#website\"},\"datePublished\":\"2017-03-21T00:13:32+00:00\",\"dateModified\":\"2017-03-21T00:13:32+00:00\",\"breadcrumb\":{\"@id\":\"https:\/\/noblleconsultoria.com.br\/index.php\/obras\/#breadcrumb\"},\"inLanguage\":\"pt-BR\",\"potentialAction\":[{\"@type\":\"ReadAction\",\"target\":[\"https:\/\/noblleconsultoria.com.br\/index.php\/obras\/\"]}]},{\"@type\":\"BreadcrumbList\",\"@id\":\"https:\/\/noblleconsultoria.com.br\/index.php\/obras\/#breadcrumb\",\"itemListElement\":[{\"@type\":\"ListItem\",\"position\":1,\"name\":\"In\u00edcio\",\"item\":\"https:\/\/noblleconsultoria.com.br\/\"},{\"@type\":\"ListItem\",\"position\":2,\"name\":\"Obras\"}]},{\"@type\":\"WebSite\",\"@id\":\"https:\/\/noblleconsultoria.com.br\/#website\",\"url\":\"https:\/\/noblleconsultoria.com.br\/\",\"name\":\"Noblle consultoria\",\"description\":\"Regulariza\u00e7\u00e3o de im\u00f3vel\",\"publisher\":{\"@id\":\"https:\/\/noblleconsultoria.com.br\/#organization\"},\"potentialAction\":[{\"@type\":\"SearchAction\",\"target\":{\"@type\":\"EntryPoint\",\"urlTemplate\":\"https:\/\/noblleconsultoria.com.br\/?s={search_term_string}\"},\"query-input\":\"required name=search_term_string\"}],\"inLanguage\":\"pt-BR\"},{\"@type\":\"Organization\",\"@id\":\"https:\/\/noblleconsultoria.com.br\/#organization\",\"name\":\"Noblle consultoria\",\"url\":\"https:\/\/noblleconsultoria.com.br\/\",\"logo\":{\"@type\":\"ImageObject\",\"inLanguage\":\"pt-BR\",\"@id\":\"https:\/\/noblleconsultoria.com.br\/#\/schema\/logo\/image\/\",\"url\":\"https:\/\/noblleconsultoria.com.br\/wp-content\/uploads\/2017\/02\/noblle-consultoria.jpg\",\"contentUrl\":\"https:\/\/noblleconsultoria.com.br\/wp-content\/uploads\/2017\/02\/noblle-consultoria.jpg\",\"width\":215,\"height\":121,\"caption\":\"Noblle consultoria\"},\"image\":{\"@id\":\"https:\/\/noblleconsultoria.com.br\/#\/schema\/logo\/image\/\"}}]}<\/script>\n<!-- \/ Yoast SEO plugin. -->","yoast_head_json":{"title":"Obras - Noblle consultoria","robots":{"index":"index","follow":"follow","max-snippet":"max-snippet:-1","max-image-preview":"max-image-preview:large","max-video-preview":"max-video-preview:-1"},"canonical":"https:\/\/noblleconsultoria.com.br\/index.php\/obras\/","og_locale":"pt_BR","og_type":"article","og_title":"Obras - Noblle consultoria","og_description":"&nbsp; Executamos sua obra nova ou reforma em toda zona sul de S\u00e3o Paulo e demais regi\u00f5es da capital e interior . Para melhor atende-los um padr\u00e3o exclusivo de presta\u00e7\u00e3o de servi\u00e7os e desenvolvimento de obra ou reforma, no qual o profissional altamente competente e bem equipado \u00e9 colocado \u00e0 disposi\u00e7\u00e3o do cliente, que ainda","og_url":"https:\/\/noblleconsultoria.com.br\/index.php\/obras\/","og_site_name":"Noblle consultoria","og_image":[{"url":"http:\/\/noblleconsultoria.com.br\/wp-content\/uploads\/2017\/03\/imagem_2-_Obras.jpg"}],"twitter_card":"summary_large_image","twitter_misc":{"Est. tempo de leitura":"1 minuto"},"schema":{"@context":"https:\/\/schema.org","@graph":[{"@type":"WebPage","@id":"https:\/\/noblleconsultoria.com.br\/index.php\/obras\/","url":"https:\/\/noblleconsultoria.com.br\/index.php\/obras\/","name":"Obras - Noblle consultoria","isPartOf":{"@id":"https:\/\/noblleconsultoria.com.br\/#website"},"datePublished":"2017-03-21T00:13:32+00:00","dateModified":"2017-03-21T00:13:32+00:00","breadcrumb":{"@id":"https:\/\/noblleconsultoria.com.br\/index.php\/obras\/#breadcrumb"},"inLanguage":"pt-BR","potentialAction":[{"@type":"ReadAction","target":["https:\/\/noblleconsultoria.com.br\/index.php\/obras\/"]}]},{"@type":"BreadcrumbList","@id":"https:\/\/noblleconsultoria.com.br\/index.php\/obras\/#breadcrumb","itemListElement":[{"@type":"ListItem","position":1,"name":"In\u00edcio","item":"https:\/\/noblleconsultoria.com.br\/"},{"@type":"ListItem","position":2,"name":"Obras"}]},{"@type":"WebSite","@id":"https:\/\/noblleconsultoria.com.br\/#website","url":"https:\/\/noblleconsultoria.com.br\/","name":"Noblle consultoria","description":"Regulariza\u00e7\u00e3o de im\u00f3vel","publisher":{"@id":"https:\/\/noblleconsultoria.com.br\/#organization"},"potentialAction":[{"@type":"SearchAction","target":{"@type":"EntryPoint","urlTemplate":"https:\/\/noblleconsultoria.com.br\/?s={search_term_string}"},"query-input":"required name=search_term_string"}],"inLanguage":"pt-BR"},{"@type":"Organization","@id":"https:\/\/noblleconsultoria.com.br\/#organization","name":"Noblle consultoria","url":"https:\/\/noblleconsultoria.com.br\/","logo":{"@type":"ImageObject","inLanguage":"pt-BR","@id":"https:\/\/noblleconsultoria.com.br\/#\/schema\/logo\/image\/","url":"https:\/\/noblleconsultoria.com.br\/wp-content\/uploads\/2017\/02\/noblle-consultoria.jpg","contentUrl":"https:\/\/noblleconsultoria.com.br\/wp-content\/uploads\/2017\/02\/noblle-consultoria.jpg","width":215,"height":121,"caption":"Noblle consultoria"},"image":{"@id":"https:\/\/noblleconsultoria.com.br\/#\/schema\/logo\/image\/"}}]}},"_links":{"self":[{"href":"https:\/\/noblleconsultoria.com.br\/index.php\/wp-json\/wp\/v2\/pages\/227"}],"collection":[{"href":"https:\/\/noblleconsultoria.com.br\/index.php\/wp-json\/wp\/v2\/pages"}],"about":[{"href":"https:\/\/noblleconsultoria.com.br\/index.php\/wp-json\/wp\/v2\/types\/page"}],"author":[{"embeddable":true,"href":"https:\/\/noblleconsultoria.com.br\/index.php\/wp-json\/wp\/v2\/users\/1"}],"replies":[{"embeddable":true,"href":"https:\/\/noblleconsultoria.com.br\/index.php\/wp-json\/wp\/v2\/comments?post=227"}],"version-history":[{"count":1,"href":"https:\/\/noblleconsultoria.com.br\/index.php\/wp-json\/wp\/v2\/pages\/227\/revisions"}],"predecessor-version":[{"id":230,"href":"https:\/\/noblleconsultoria.com.br\/index.php\/wp-json\/wp\/v2\/pages\/227\/revisions\/230"}],"wp:attachment":[{"href":"https:\/\/noblleconsultoria.com.br\/index.php\/wp-json\/wp\/v2\/media?parent=227"}],"curies":[{"name":"wp","href":"https:\/\/api.w.org\/{rel}","templated":true}]}}