{"id":231,"date":"2017-03-21T00:17:07","date_gmt":"2017-03-21T00:17:07","guid":{"rendered":"http:\/\/noblleconsultoria.com.br\/?page_id=231"},"modified":"2017-03-21T00:17:15","modified_gmt":"2017-03-21T00:17:15","slug":"expansao-de-varandas","status":"publish","type":"page","link":"https:\/\/noblleconsultoria.com.br\/index.php\/expansao-de-varandas\/","title":{"rendered":"Expans\u00e3o de varandas"},"content":{"rendered":"<p><img decoding=\"async\" loading=\"lazy\" class=\"wp-image-232 aligncenter\" src=\"http:\/\/noblleconsultoria.com.br\/wp-content\/uploads\/2017\/03\/EXPANSAO_2.jpg\" alt=\"\" width=\"789\" height=\"298\" srcset=\"https:\/\/noblleconsultoria.com.br\/wp-content\/uploads\/2017\/03\/EXPANSAO_2.jpg 1377w, https:\/\/noblleconsultoria.com.br\/wp-content\/uploads\/2017\/03\/EXPANSAO_2-300x113.jpg 300w, https:\/\/noblleconsultoria.com.br\/wp-content\/uploads\/2017\/03\/EXPANSAO_2-768x290.jpg 768w, https:\/\/noblleconsultoria.com.br\/wp-content\/uploads\/2017\/03\/EXPANSAO_2-1024x387.jpg 1024w\" sizes=\"(max-width: 789px) 100vw, 789px\" \/><\/p>\n<p>&nbsp;<\/p>\n<p><span style=\"color: #33cccc;\">ESTAMOS APROVANDO A <\/span><span style=\"color: #33cccc;\">EXPANS\u00c3O DE VARANDAS EM CONDOM\u00cdNIOS VERTICAIS<\/span> <strong>EM TODA ZONA SUL DE SP E DEMAIS REGI\u00d5ES<\/strong><\/p>\n<p>Aumentar a metragem da unidade, o valor do metro quadrado e ainda ganhar mais ilumina\u00e7\u00e3o e ventila\u00e7\u00e3o. Quem n\u00e3o quer? Afinal, agregar uma sacada ao apartamento pode trazer tudo isso. Por\u00e9m, o percurso para se obter a t\u00e3o sonhada sacada \u00e9 longo \u2013 e, em alguns casos, pode at\u00e9 n\u00e3o ser vi\u00e1vel.<\/p>\n<p>H\u00e1 tamb\u00e9m um por\u00e9m estrutural: n\u00e3o s\u00e3o todos os edif\u00edcios que\u00a0 poderiam receber essa sobrecarga em sua estrutura. Em alguns, \u00e9 poss\u00edvel fazer uma obra de adequa\u00e7\u00e3o na funda\u00e7\u00e3o, em outros, n\u00e3o.<\/p>\n<p>Outro grande entrave \u00e9 a necessidade de aprova\u00e7\u00e3o de 100% dos cond\u00f4minos.\u00a0 Todos, inclusive os inadimplentes, devem estar de acordo com a implanta\u00e7\u00e3o da sacada. Segundo os especialistas ouvidos pelo S\u00edndicoNet s\u00e3o esses os dois maiores empecilhos para viabilizar essa obra de grande porte.<strong><br \/>\n<\/strong><strong>1.Projeto<\/strong><\/p>\n<p>Se h\u00e1 interesse de alguns moradores em adicionar a sacada, o primeiro passo \u00e9 contratar uma empresa de arquitetura ou engenharia que investigue se o terreno do condom\u00ednio ainda tem potencial construtivo. Via de regra \u00e9 poss\u00edvel adicionar 10% de \u00e1rea ao total j\u00e1 constru\u00eddo.<\/p>\n<p>A empresa contratada deve ter em seu quadro arquitetos e engenheiros. Geralmente \u00e9 a empresa tamb\u00e9m quem entra com o processo junto \u00e0 prefeitura, pedindo o alvar\u00e1 para a execu\u00e7\u00e3o da obra, e quem cuida da parte documental do projeto.<\/p>\n<p>Geralmente os pap\u00e9is pedidos pela prefeitura s\u00e3o: a conven\u00e7\u00e3o do condom\u00ednio, a planta original e a elaborada pelos engenheiros\/arquitetos, com anota\u00e7\u00e3o de responsabilidade t\u00e9cnica (ART). \u00c9 importante que a conven\u00e7\u00e3o esteja atualizada.<\/p>\n<ol start=\"2\">\n<li><strong>Assembleia explicativa<\/strong><\/li>\n<\/ol>\n<p>Se o projeto for realmente vi\u00e1vel, ent\u00e3o, o grupo de interessados na expans\u00e3o e o s\u00edndico podem marcar uma assembleia para expor a ideia para todos. Aqui, vale lembrar que a anu\u00eancia de todos os cond\u00f4minos \u00e9 necess\u00e1ria para que a obra siga em frente.<\/p>\n<p>Por isso, \u00e9 de suma import\u00e2ncia fazer um trabalho anterior \u00e0 assembleia, informando todos os cond\u00f4minos sobre todas as caracter\u00edsticas do projeto, inclusive com uma previs\u00e3o de pre\u00e7os, e de formas de pagamento.<\/p>\n<p>Com a aprova\u00e7\u00e3o em m\u00e3os, o condom\u00ednio j\u00e1 pode come\u00e7ar a arrecadar um fundo para a sacada, que ir\u00e1 ajudar a deixar a obra mais r\u00e1pida em sua fase de execu\u00e7\u00e3o.<\/p>\n<ol start=\"3\">\n<li><strong>Aprova\u00e7\u00e3o na prefeitura<\/strong><\/li>\n<\/ol>\n<p>Com 100% de anu\u00eancia dos propriet\u00e1rios, o projeto de altera\u00e7\u00e3o \u00e9 mandado para ser aprovado pela prefeitura, assim como um alvar\u00e1 da obra.<\/p>\n<p>A Noblle\u00a0 Consultoria \u00a0d\u00e1 a assessoria documental para os empreendimentos junto \u00e0 prefeitura.<\/p>\n<p>Essa fase pode demorar dependendo do plano diretor de cada cidade, do bairro em que est\u00e1 o empreendimento, se h\u00e1 necessidade de equipamentos especiais (como guindastes, etc), entre outros.<\/p>\n","protected":false},"excerpt":{"rendered":"<p>&nbsp; ESTAMOS APROVANDO A EXPANS\u00c3O DE VARANDAS EM CONDOM\u00cdNIOS VERTICAIS EM TODA ZONA SUL DE SP E DEMAIS REGI\u00d5ES Aumentar a metragem da unidade, o valor do metro quadrado e ainda ganhar mais ilumina\u00e7\u00e3o e ventila\u00e7\u00e3o. Quem n\u00e3o quer? Afinal, agregar uma sacada ao apartamento pode trazer tudo isso. Por\u00e9m, o percurso para se obter<\/p>\n","protected":false},"author":1,"featured_media":0,"parent":0,"menu_order":0,"comment_status":"closed","ping_status":"closed","template":"","meta":[],"yoast_head":"<!-- This site is optimized with the Yoast SEO plugin v19.11 - https:\/\/yoast.com\/wordpress\/plugins\/seo\/ -->\n<title>Expans\u00e3o de varandas - Noblle consultoria<\/title>\n<meta name=\"robots\" content=\"index, follow, max-snippet:-1, max-image-preview:large, max-video-preview:-1\" \/>\n<link rel=\"canonical\" href=\"http:\/\/noblleconsultoria.com.br\/index.php\/expansao-de-varandas\/\" \/>\n<meta property=\"og:locale\" content=\"pt_BR\" \/>\n<meta property=\"og:type\" content=\"article\" \/>\n<meta property=\"og:title\" content=\"Expans\u00e3o de varandas - Noblle consultoria\" \/>\n<meta property=\"og:description\" content=\"&nbsp; ESTAMOS APROVANDO A EXPANS\u00c3O DE VARANDAS EM CONDOM\u00cdNIOS VERTICAIS EM TODA ZONA SUL DE SP E DEMAIS REGI\u00d5ES Aumentar a metragem da unidade, o valor do metro quadrado e ainda ganhar mais ilumina\u00e7\u00e3o e ventila\u00e7\u00e3o. Quem n\u00e3o quer? Afinal, agregar uma sacada ao apartamento pode trazer tudo isso. Por\u00e9m, o percurso para se obter\" \/>\n<meta property=\"og:url\" content=\"http:\/\/noblleconsultoria.com.br\/index.php\/expansao-de-varandas\/\" \/>\n<meta property=\"og:site_name\" content=\"Noblle consultoria\" \/>\n<meta property=\"article:modified_time\" content=\"2017-03-21T00:17:15+00:00\" \/>\n<meta property=\"og:image\" content=\"http:\/\/noblleconsultoria.com.br\/wp-content\/uploads\/2017\/03\/EXPANSAO_2.jpg\" \/>\n<meta name=\"twitter:card\" content=\"summary_large_image\" \/>\n<meta name=\"twitter:label1\" content=\"Est. tempo de leitura\" \/>\n\t<meta name=\"twitter:data1\" content=\"2 minutos\" \/>\n<script type=\"application\/ld+json\" class=\"yoast-schema-graph\">{\"@context\":\"https:\/\/schema.org\",\"@graph\":[{\"@type\":\"WebPage\",\"@id\":\"http:\/\/noblleconsultoria.com.br\/index.php\/expansao-de-varandas\/\",\"url\":\"http:\/\/noblleconsultoria.com.br\/index.php\/expansao-de-varandas\/\",\"name\":\"Expans\u00e3o de varandas - Noblle consultoria\",\"isPartOf\":{\"@id\":\"https:\/\/noblleconsultoria.com.br\/#website\"},\"datePublished\":\"2017-03-21T00:17:07+00:00\",\"dateModified\":\"2017-03-21T00:17:15+00:00\",\"breadcrumb\":{\"@id\":\"http:\/\/noblleconsultoria.com.br\/index.php\/expansao-de-varandas\/#breadcrumb\"},\"inLanguage\":\"pt-BR\",\"potentialAction\":[{\"@type\":\"ReadAction\",\"target\":[\"http:\/\/noblleconsultoria.com.br\/index.php\/expansao-de-varandas\/\"]}]},{\"@type\":\"BreadcrumbList\",\"@id\":\"http:\/\/noblleconsultoria.com.br\/index.php\/expansao-de-varandas\/#breadcrumb\",\"itemListElement\":[{\"@type\":\"ListItem\",\"position\":1,\"name\":\"In\u00edcio\",\"item\":\"https:\/\/noblleconsultoria.com.br\/\"},{\"@type\":\"ListItem\",\"position\":2,\"name\":\"Expans\u00e3o de varandas\"}]},{\"@type\":\"WebSite\",\"@id\":\"https:\/\/noblleconsultoria.com.br\/#website\",\"url\":\"https:\/\/noblleconsultoria.com.br\/\",\"name\":\"Noblle consultoria\",\"description\":\"Regulariza\u00e7\u00e3o de im\u00f3vel\",\"publisher\":{\"@id\":\"https:\/\/noblleconsultoria.com.br\/#organization\"},\"potentialAction\":[{\"@type\":\"SearchAction\",\"target\":{\"@type\":\"EntryPoint\",\"urlTemplate\":\"https:\/\/noblleconsultoria.com.br\/?s={search_term_string}\"},\"query-input\":\"required name=search_term_string\"}],\"inLanguage\":\"pt-BR\"},{\"@type\":\"Organization\",\"@id\":\"https:\/\/noblleconsultoria.com.br\/#organization\",\"name\":\"Noblle consultoria\",\"url\":\"https:\/\/noblleconsultoria.com.br\/\",\"logo\":{\"@type\":\"ImageObject\",\"inLanguage\":\"pt-BR\",\"@id\":\"https:\/\/noblleconsultoria.com.br\/#\/schema\/logo\/image\/\",\"url\":\"https:\/\/noblleconsultoria.com.br\/wp-content\/uploads\/2017\/02\/noblle-consultoria.jpg\",\"contentUrl\":\"https:\/\/noblleconsultoria.com.br\/wp-content\/uploads\/2017\/02\/noblle-consultoria.jpg\",\"width\":215,\"height\":121,\"caption\":\"Noblle consultoria\"},\"image\":{\"@id\":\"https:\/\/noblleconsultoria.com.br\/#\/schema\/logo\/image\/\"}}]}<\/script>\n<!-- \/ Yoast SEO plugin. -->","yoast_head_json":{"title":"Expans\u00e3o de varandas - Noblle consultoria","robots":{"index":"index","follow":"follow","max-snippet":"max-snippet:-1","max-image-preview":"max-image-preview:large","max-video-preview":"max-video-preview:-1"},"canonical":"http:\/\/noblleconsultoria.com.br\/index.php\/expansao-de-varandas\/","og_locale":"pt_BR","og_type":"article","og_title":"Expans\u00e3o de varandas - Noblle consultoria","og_description":"&nbsp; ESTAMOS APROVANDO A EXPANS\u00c3O DE VARANDAS EM CONDOM\u00cdNIOS VERTICAIS EM TODA ZONA SUL DE SP E DEMAIS REGI\u00d5ES Aumentar a metragem da unidade, o valor do metro quadrado e ainda ganhar mais ilumina\u00e7\u00e3o e ventila\u00e7\u00e3o. Quem n\u00e3o quer? Afinal, agregar uma sacada ao apartamento pode trazer tudo isso. Por\u00e9m, o percurso para se obter","og_url":"http:\/\/noblleconsultoria.com.br\/index.php\/expansao-de-varandas\/","og_site_name":"Noblle consultoria","article_modified_time":"2017-03-21T00:17:15+00:00","og_image":[{"url":"http:\/\/noblleconsultoria.com.br\/wp-content\/uploads\/2017\/03\/EXPANSAO_2.jpg"}],"twitter_card":"summary_large_image","twitter_misc":{"Est. tempo de leitura":"2 minutos"},"schema":{"@context":"https:\/\/schema.org","@graph":[{"@type":"WebPage","@id":"http:\/\/noblleconsultoria.com.br\/index.php\/expansao-de-varandas\/","url":"http:\/\/noblleconsultoria.com.br\/index.php\/expansao-de-varandas\/","name":"Expans\u00e3o de varandas - Noblle consultoria","isPartOf":{"@id":"https:\/\/noblleconsultoria.com.br\/#website"},"datePublished":"2017-03-21T00:17:07+00:00","dateModified":"2017-03-21T00:17:15+00:00","breadcrumb":{"@id":"http:\/\/noblleconsultoria.com.br\/index.php\/expansao-de-varandas\/#breadcrumb"},"inLanguage":"pt-BR","potentialAction":[{"@type":"ReadAction","target":["http:\/\/noblleconsultoria.com.br\/index.php\/expansao-de-varandas\/"]}]},{"@type":"BreadcrumbList","@id":"http:\/\/noblleconsultoria.com.br\/index.php\/expansao-de-varandas\/#breadcrumb","itemListElement":[{"@type":"ListItem","position":1,"name":"In\u00edcio","item":"https:\/\/noblleconsultoria.com.br\/"},{"@type":"ListItem","position":2,"name":"Expans\u00e3o de varandas"}]},{"@type":"WebSite","@id":"https:\/\/noblleconsultoria.com.br\/#website","url":"https:\/\/noblleconsultoria.com.br\/","name":"Noblle consultoria","description":"Regulariza\u00e7\u00e3o de im\u00f3vel","publisher":{"@id":"https:\/\/noblleconsultoria.com.br\/#organization"},"potentialAction":[{"@type":"SearchAction","target":{"@type":"EntryPoint","urlTemplate":"https:\/\/noblleconsultoria.com.br\/?s={search_term_string}"},"query-input":"required name=search_term_string"}],"inLanguage":"pt-BR"},{"@type":"Organization","@id":"https:\/\/noblleconsultoria.com.br\/#organization","name":"Noblle consultoria","url":"https:\/\/noblleconsultoria.com.br\/","logo":{"@type":"ImageObject","inLanguage":"pt-BR","@id":"https:\/\/noblleconsultoria.com.br\/#\/schema\/logo\/image\/","url":"https:\/\/noblleconsultoria.com.br\/wp-content\/uploads\/2017\/02\/noblle-consultoria.jpg","contentUrl":"https:\/\/noblleconsultoria.com.br\/wp-content\/uploads\/2017\/02\/noblle-consultoria.jpg","width":215,"height":121,"caption":"Noblle consultoria"},"image":{"@id":"https:\/\/noblleconsultoria.com.br\/#\/schema\/logo\/image\/"}}]}},"_links":{"self":[{"href":"https:\/\/noblleconsultoria.com.br\/index.php\/wp-json\/wp\/v2\/pages\/231"}],"collection":[{"href":"https:\/\/noblleconsultoria.com.br\/index.php\/wp-json\/wp\/v2\/pages"}],"about":[{"href":"https:\/\/noblleconsultoria.com.br\/index.php\/wp-json\/wp\/v2\/types\/page"}],"author":[{"embeddable":true,"href":"https:\/\/noblleconsultoria.com.br\/index.php\/wp-json\/wp\/v2\/users\/1"}],"replies":[{"embeddable":true,"href":"https:\/\/noblleconsultoria.com.br\/index.php\/wp-json\/wp\/v2\/comments?post=231"}],"version-history":[{"count":1,"href":"https:\/\/noblleconsultoria.com.br\/index.php\/wp-json\/wp\/v2\/pages\/231\/revisions"}],"predecessor-version":[{"id":234,"href":"https:\/\/noblleconsultoria.com.br\/index.php\/wp-json\/wp\/v2\/pages\/231\/revisions\/234"}],"wp:attachment":[{"href":"https:\/\/noblleconsultoria.com.br\/index.php\/wp-json\/wp\/v2\/media?parent=231"}],"curies":[{"name":"wp","href":"https:\/\/api.w.org\/{rel}","templated":true}]}}