{"id":235,"date":"2017-03-21T00:19:44","date_gmt":"2017-03-21T00:19:44","guid":{"rendered":"http:\/\/noblleconsultoria.com.br\/?page_id=235"},"modified":"2017-03-21T00:19:44","modified_gmt":"2017-03-21T00:19:44","slug":"obras-em-condominios","status":"publish","type":"page","link":"https:\/\/noblleconsultoria.com.br\/index.php\/obras-em-condominios\/","title":{"rendered":"Obras em condom\u00ednios"},"content":{"rendered":"<p><img decoding=\"async\" loading=\"lazy\" class=\"wp-image-236 aligncenter\" src=\"http:\/\/noblleconsultoria.com.br\/wp-content\/uploads\/2017\/03\/REFORMA_2.jpg\" alt=\"\" width=\"781\" height=\"141\" srcset=\"https:\/\/noblleconsultoria.com.br\/wp-content\/uploads\/2017\/03\/REFORMA_2.jpg 931w, https:\/\/noblleconsultoria.com.br\/wp-content\/uploads\/2017\/03\/REFORMA_2-300x54.jpg 300w, https:\/\/noblleconsultoria.com.br\/wp-content\/uploads\/2017\/03\/REFORMA_2-768x139.jpg 768w\" sizes=\"(max-width: 781px) 100vw, 781px\" \/><\/p>\n<p>&nbsp;<\/p>\n<p><strong>APROVAMOS E EXECUTAMOS OBRAS EM CONDOM\u00cdNIOS CONFORME A NOVA REGRA DA ABNT \u2013 NB 16.280<\/strong><\/p>\n<p>A ABNT publicou uma nova norma, a NB 16.280. O regramento come\u00e7a a valer a partir de 18\/04\/2014.<br \/>\nResponsabilidade<\/p>\n<p>A principal mudan\u00e7a \u00e9 que a partir do dia 18\/4\/2014 os moradores que forem executar qualquer tipo de interven\u00e7\u00e3o em suas unidades dever\u00e3o apresentar um projeto assinado por um engenheiro ou arquiteto detalhando o que ser\u00e1 feito ali, com uma ART (Anota\u00e7\u00e3o de Responsabilidade T\u00e9cnica)\u00a0. Cabe ao s\u00edndico autorizar ou n\u00e3o a reforma.<\/p>\n<p>No documento, onde deve constar uma ART (Anota\u00e7\u00e3o de Responsabilidade T\u00e9cnica), no caso de um engenheiro ou um RRT (Registro de Responsabilidade T\u00e9cnica), expedido por um arquiteto, deve haver um cronograma detalhado do que ser\u00e1 feito na obra, o tempo estimado da interven\u00e7\u00e3o, al\u00e9m dos materiais utilizados.<\/p>\n<p>Por um lado, a responsabilidade realmente \u00e9 do profissional que apresenta a ART ou RRT \u2013 caso o pior aconte\u00e7a, ele ser\u00e1 responsabilizado na Justi\u00e7a comum e no seu \u00f3rg\u00e3o de classe.\u00a0 Por outro, esse profissional est\u00e1 sendo contratado para executar um servi\u00e7o, e a ART pode dizer uma coisa e ser executada outra \u2013 e nesse caso, o s\u00edndico pode vir a ser responsabilizado por n\u00e3o ter fiscalizado a obra corretamente.<\/p>\n<p>Da\u00ed a import\u00e2ncia do s\u00edndico exigir sempre o projeto com a assinatura do profissional, e fiscalizar, na medida do poss\u00edvel, se a reforma est\u00e1 seguindo o que diz o documento inclusive com empreiteira, pois ser\u00e1 respons\u00e1vel pela execu\u00e7\u00e3o. Dessa forma,\u00a0o s\u00edndico &#8211; e a edifica\u00e7\u00e3o &#8211;\u00a0ficam resguardados.<br \/>\nCustos<\/p>\n<p>Por isso, o ideal \u00e9 que o condom\u00ednio, para se precaver, tamb\u00e9m conte com um especialista para analisar as obras que ser\u00e3o feitas nas unidades aut\u00f4nomas. Como contratar esse servi\u00e7o envolveria custos, \u00e9 importante discutir sobre quem arcar\u00e1 com ele.<\/p>\n<p>H\u00e1 ainda a possibilidade de se contar com apenas um \u00a0profissional: um engenheiro ou arquiteto que preste esse servi\u00e7o tanto para o morador como para o condom\u00ednio.<\/p>\n<p>A vota\u00e7\u00e3o necess\u00e1ria para essa delibera\u00e7\u00e3o \u00e9 a maioria simples dos presentes na assembleia, ou seja, 50% mais um dos cond\u00f4minos participantes, considerando a fra\u00e7\u00e3o ideal de cada.<\/p>\n<p>Vale lembrar que esse tipo de parecer pode ser dado por um profissional recomendado pela administradora de condom\u00ednio, mas que esse tipo de servi\u00e7o geralmente n\u00e3o est\u00e1 inclu\u00eddo na taxa mensal cobrada comumente por esse tipo de prestadora de servi\u00e7o.<br \/>\n\u00c1reas comuns<\/p>\n<p>No caso de obras e reformas em \u00e1reas comuns do condom\u00ednio, a mudan\u00e7a \u00e9 menos impactante, j\u00e1 que depende apenas do s\u00edndico, e este sempre teve que ter em m\u00e3os\u00a0uma ART (Anota\u00e7\u00e3o de Responsabilidade T\u00e9cnica) para qualquer tipo de obra na edifica\u00e7\u00e3o.<\/p>\n","protected":false},"excerpt":{"rendered":"<p>&nbsp; APROVAMOS E EXECUTAMOS OBRAS EM CONDOM\u00cdNIOS CONFORME A NOVA REGRA DA ABNT \u2013 NB 16.280 A ABNT publicou uma nova norma, a NB 16.280. O regramento come\u00e7a a valer a partir de 18\/04\/2014. Responsabilidade A principal mudan\u00e7a \u00e9 que a partir do dia 18\/4\/2014 os moradores que forem executar qualquer tipo de interven\u00e7\u00e3o em<\/p>\n","protected":false},"author":1,"featured_media":0,"parent":0,"menu_order":0,"comment_status":"closed","ping_status":"closed","template":"","meta":[],"yoast_head":"<!-- This site is optimized with the Yoast SEO plugin v19.11 - https:\/\/yoast.com\/wordpress\/plugins\/seo\/ -->\n<title>Obras em condom\u00ednios - Noblle consultoria<\/title>\n<meta name=\"robots\" content=\"index, follow, max-snippet:-1, max-image-preview:large, max-video-preview:-1\" \/>\n<link rel=\"canonical\" href=\"http:\/\/noblleconsultoria.com.br\/index.php\/obras-em-condominios\/\" \/>\n<meta property=\"og:locale\" content=\"pt_BR\" \/>\n<meta property=\"og:type\" content=\"article\" \/>\n<meta property=\"og:title\" content=\"Obras em condom\u00ednios - Noblle consultoria\" \/>\n<meta property=\"og:description\" content=\"&nbsp; APROVAMOS E EXECUTAMOS OBRAS EM CONDOM\u00cdNIOS CONFORME A NOVA REGRA DA ABNT \u2013 NB 16.280 A ABNT publicou uma nova norma, a NB 16.280. O regramento come\u00e7a a valer a partir de 18\/04\/2014. Responsabilidade A principal mudan\u00e7a \u00e9 que a partir do dia 18\/4\/2014 os moradores que forem executar qualquer tipo de interven\u00e7\u00e3o em\" \/>\n<meta property=\"og:url\" content=\"http:\/\/noblleconsultoria.com.br\/index.php\/obras-em-condominios\/\" \/>\n<meta property=\"og:site_name\" content=\"Noblle consultoria\" \/>\n<meta property=\"og:image\" content=\"http:\/\/noblleconsultoria.com.br\/wp-content\/uploads\/2017\/03\/REFORMA_2.jpg\" \/>\n<meta name=\"twitter:card\" content=\"summary_large_image\" \/>\n<meta name=\"twitter:label1\" content=\"Est. tempo de leitura\" \/>\n\t<meta name=\"twitter:data1\" content=\"2 minutos\" \/>\n<script type=\"application\/ld+json\" class=\"yoast-schema-graph\">{\"@context\":\"https:\/\/schema.org\",\"@graph\":[{\"@type\":\"WebPage\",\"@id\":\"http:\/\/noblleconsultoria.com.br\/index.php\/obras-em-condominios\/\",\"url\":\"http:\/\/noblleconsultoria.com.br\/index.php\/obras-em-condominios\/\",\"name\":\"Obras em condom\u00ednios - Noblle consultoria\",\"isPartOf\":{\"@id\":\"https:\/\/noblleconsultoria.com.br\/#website\"},\"datePublished\":\"2017-03-21T00:19:44+00:00\",\"dateModified\":\"2017-03-21T00:19:44+00:00\",\"breadcrumb\":{\"@id\":\"http:\/\/noblleconsultoria.com.br\/index.php\/obras-em-condominios\/#breadcrumb\"},\"inLanguage\":\"pt-BR\",\"potentialAction\":[{\"@type\":\"ReadAction\",\"target\":[\"http:\/\/noblleconsultoria.com.br\/index.php\/obras-em-condominios\/\"]}]},{\"@type\":\"BreadcrumbList\",\"@id\":\"http:\/\/noblleconsultoria.com.br\/index.php\/obras-em-condominios\/#breadcrumb\",\"itemListElement\":[{\"@type\":\"ListItem\",\"position\":1,\"name\":\"In\u00edcio\",\"item\":\"https:\/\/noblleconsultoria.com.br\/\"},{\"@type\":\"ListItem\",\"position\":2,\"name\":\"Obras em condom\u00ednios\"}]},{\"@type\":\"WebSite\",\"@id\":\"https:\/\/noblleconsultoria.com.br\/#website\",\"url\":\"https:\/\/noblleconsultoria.com.br\/\",\"name\":\"Noblle consultoria\",\"description\":\"Regulariza\u00e7\u00e3o de im\u00f3vel\",\"publisher\":{\"@id\":\"https:\/\/noblleconsultoria.com.br\/#organization\"},\"potentialAction\":[{\"@type\":\"SearchAction\",\"target\":{\"@type\":\"EntryPoint\",\"urlTemplate\":\"https:\/\/noblleconsultoria.com.br\/?s={search_term_string}\"},\"query-input\":\"required name=search_term_string\"}],\"inLanguage\":\"pt-BR\"},{\"@type\":\"Organization\",\"@id\":\"https:\/\/noblleconsultoria.com.br\/#organization\",\"name\":\"Noblle consultoria\",\"url\":\"https:\/\/noblleconsultoria.com.br\/\",\"logo\":{\"@type\":\"ImageObject\",\"inLanguage\":\"pt-BR\",\"@id\":\"https:\/\/noblleconsultoria.com.br\/#\/schema\/logo\/image\/\",\"url\":\"https:\/\/noblleconsultoria.com.br\/wp-content\/uploads\/2017\/02\/noblle-consultoria.jpg\",\"contentUrl\":\"https:\/\/noblleconsultoria.com.br\/wp-content\/uploads\/2017\/02\/noblle-consultoria.jpg\",\"width\":215,\"height\":121,\"caption\":\"Noblle consultoria\"},\"image\":{\"@id\":\"https:\/\/noblleconsultoria.com.br\/#\/schema\/logo\/image\/\"}}]}<\/script>\n<!-- \/ Yoast SEO plugin. -->","yoast_head_json":{"title":"Obras em condom\u00ednios - Noblle consultoria","robots":{"index":"index","follow":"follow","max-snippet":"max-snippet:-1","max-image-preview":"max-image-preview:large","max-video-preview":"max-video-preview:-1"},"canonical":"http:\/\/noblleconsultoria.com.br\/index.php\/obras-em-condominios\/","og_locale":"pt_BR","og_type":"article","og_title":"Obras em condom\u00ednios - Noblle consultoria","og_description":"&nbsp; APROVAMOS E EXECUTAMOS OBRAS EM CONDOM\u00cdNIOS CONFORME A NOVA REGRA DA ABNT \u2013 NB 16.280 A ABNT publicou uma nova norma, a NB 16.280. O regramento come\u00e7a a valer a partir de 18\/04\/2014. Responsabilidade A principal mudan\u00e7a \u00e9 que a partir do dia 18\/4\/2014 os moradores que forem executar qualquer tipo de interven\u00e7\u00e3o em","og_url":"http:\/\/noblleconsultoria.com.br\/index.php\/obras-em-condominios\/","og_site_name":"Noblle consultoria","og_image":[{"url":"http:\/\/noblleconsultoria.com.br\/wp-content\/uploads\/2017\/03\/REFORMA_2.jpg"}],"twitter_card":"summary_large_image","twitter_misc":{"Est. tempo de leitura":"2 minutos"},"schema":{"@context":"https:\/\/schema.org","@graph":[{"@type":"WebPage","@id":"http:\/\/noblleconsultoria.com.br\/index.php\/obras-em-condominios\/","url":"http:\/\/noblleconsultoria.com.br\/index.php\/obras-em-condominios\/","name":"Obras em condom\u00ednios - Noblle consultoria","isPartOf":{"@id":"https:\/\/noblleconsultoria.com.br\/#website"},"datePublished":"2017-03-21T00:19:44+00:00","dateModified":"2017-03-21T00:19:44+00:00","breadcrumb":{"@id":"http:\/\/noblleconsultoria.com.br\/index.php\/obras-em-condominios\/#breadcrumb"},"inLanguage":"pt-BR","potentialAction":[{"@type":"ReadAction","target":["http:\/\/noblleconsultoria.com.br\/index.php\/obras-em-condominios\/"]}]},{"@type":"BreadcrumbList","@id":"http:\/\/noblleconsultoria.com.br\/index.php\/obras-em-condominios\/#breadcrumb","itemListElement":[{"@type":"ListItem","position":1,"name":"In\u00edcio","item":"https:\/\/noblleconsultoria.com.br\/"},{"@type":"ListItem","position":2,"name":"Obras em condom\u00ednios"}]},{"@type":"WebSite","@id":"https:\/\/noblleconsultoria.com.br\/#website","url":"https:\/\/noblleconsultoria.com.br\/","name":"Noblle consultoria","description":"Regulariza\u00e7\u00e3o de im\u00f3vel","publisher":{"@id":"https:\/\/noblleconsultoria.com.br\/#organization"},"potentialAction":[{"@type":"SearchAction","target":{"@type":"EntryPoint","urlTemplate":"https:\/\/noblleconsultoria.com.br\/?s={search_term_string}"},"query-input":"required name=search_term_string"}],"inLanguage":"pt-BR"},{"@type":"Organization","@id":"https:\/\/noblleconsultoria.com.br\/#organization","name":"Noblle consultoria","url":"https:\/\/noblleconsultoria.com.br\/","logo":{"@type":"ImageObject","inLanguage":"pt-BR","@id":"https:\/\/noblleconsultoria.com.br\/#\/schema\/logo\/image\/","url":"https:\/\/noblleconsultoria.com.br\/wp-content\/uploads\/2017\/02\/noblle-consultoria.jpg","contentUrl":"https:\/\/noblleconsultoria.com.br\/wp-content\/uploads\/2017\/02\/noblle-consultoria.jpg","width":215,"height":121,"caption":"Noblle consultoria"},"image":{"@id":"https:\/\/noblleconsultoria.com.br\/#\/schema\/logo\/image\/"}}]}},"_links":{"self":[{"href":"https:\/\/noblleconsultoria.com.br\/index.php\/wp-json\/wp\/v2\/pages\/235"}],"collection":[{"href":"https:\/\/noblleconsultoria.com.br\/index.php\/wp-json\/wp\/v2\/pages"}],"about":[{"href":"https:\/\/noblleconsultoria.com.br\/index.php\/wp-json\/wp\/v2\/types\/page"}],"author":[{"embeddable":true,"href":"https:\/\/noblleconsultoria.com.br\/index.php\/wp-json\/wp\/v2\/users\/1"}],"replies":[{"embeddable":true,"href":"https:\/\/noblleconsultoria.com.br\/index.php\/wp-json\/wp\/v2\/comments?post=235"}],"version-history":[{"count":1,"href":"https:\/\/noblleconsultoria.com.br\/index.php\/wp-json\/wp\/v2\/pages\/235\/revisions"}],"predecessor-version":[{"id":238,"href":"https:\/\/noblleconsultoria.com.br\/index.php\/wp-json\/wp\/v2\/pages\/235\/revisions\/238"}],"wp:attachment":[{"href":"https:\/\/noblleconsultoria.com.br\/index.php\/wp-json\/wp\/v2\/media?parent=235"}],"curies":[{"name":"wp","href":"https:\/\/api.w.org\/{rel}","templated":true}]}}