{"id":246,"date":"2017-03-21T19:04:09","date_gmt":"2017-03-21T19:04:09","guid":{"rendered":"http:\/\/noblleconsultoria.com.br\/?page_id=246"},"modified":"2017-03-21T19:04:09","modified_gmt":"2017-03-21T19:04:09","slug":"laudo-pericial","status":"publish","type":"page","link":"https:\/\/noblleconsultoria.com.br\/index.php\/laudo-pericial\/","title":{"rendered":"Laudo Pericial"},"content":{"rendered":"<p><img decoding=\"async\" loading=\"lazy\" class=\"wp-image-247 aligncenter\" src=\"http:\/\/noblleconsultoria.com.br\/wp-content\/uploads\/2017\/03\/Laudos_Periciais.jpg\" alt=\"\" width=\"504\" height=\"144\" srcset=\"https:\/\/noblleconsultoria.com.br\/wp-content\/uploads\/2017\/03\/Laudos_Periciais.jpg 906w, https:\/\/noblleconsultoria.com.br\/wp-content\/uploads\/2017\/03\/Laudos_Periciais-300x86.jpg 300w, https:\/\/noblleconsultoria.com.br\/wp-content\/uploads\/2017\/03\/Laudos_Periciais-768x220.jpg 768w\" sizes=\"(max-width: 504px) 100vw, 504px\" \/><\/p>\n<p>&nbsp;<\/p>\n<p><span style=\"font-size: medium;\"><span style=\"color: #000000;\">O <b>laudo pericial<\/b> \u00e9 o relato do t\u00e9cnico ou especialista designado para avaliar determinada situa\u00e7\u00e3o que <\/span><\/p>\n<p><span style=\"color: #000000;\"> estava dentro de seus conhecimentos. <\/span><\/p>\n<p><span style=\"color: #000000;\"> O laudo \u00e9 a tradu\u00e7\u00e3o das impress\u00f5es captadas pelo t\u00e9cnico ou especialista, em torno do fato litigioso, <\/span><\/p>\n<p><span style=\"color: #000000;\"> por meio dos conhecimentos especiais de quem o examinou.<\/span><\/p>\n<p><span style=\"color: #000000;\"> O Laudo pode ser utilizado para apresenta\u00e7\u00e3o junto ao interessado ou a uma lide , pois no caso \u00e9 um dos meios de prova <\/span><\/p>\n<p><span style=\"color: #000000;\"> utilizados pelo juiz para proferir a senten\u00e7a.\u00a0 Diante de mat\u00e9ria t\u00e9cnica que exige conhecimentos especializados, <\/span><\/p>\n<p><span style=\"color: #000000;\"> o juiz pedir\u00e1 um laudo ao especialista. Difere do parecer, que \u00e9 uma mera resposta \u00e0 consulta de uma das <\/span><\/p>\n<p><span style=\"color: #000000;\"> partes sobre dados pr\u00e9-existentes. <\/span><\/p>\n<p><span style=\"color: #000000;\"> Em suma, \u00e9 uma opini\u00e3o especializada de um profissional habilitado sobre mat\u00e9ria f\u00e1tica para solucionar <\/span><\/p>\n<p><span style=\"color: #000000;\"> disc\u00f3rdias em discuss\u00f5es judiciais. <\/span><\/p>\n<p><span style=\"color: #000000;\"> O profissional perito judicial, ao produzir seu trabalho para justi\u00e7a, deve ser meticuloso no desempenho de <\/span><\/p>\n<p><span style=\"color: #000000;\"> suas atividades. <\/span><\/p>\n<p>N\u00e3o deve agir de forma parcial ou com senso comum, ele deve agir imparcialmente em sua an\u00e1lise e na<\/p>\n<p>elabora\u00e7\u00e3o de seu laudo.<\/p>\n<p>O profissional perito deve se policiar nos estudos do caso tratado para que finalize o laudo pericial com<\/p>\n<p>pleno \u00eaxito, pois mesmo sendo um trabalho bem feito, haver\u00e1 sempre algu\u00e9m que ir\u00e1 contest\u00e1-lo,<\/p>\n<p>querendo assim impugn\u00e1-lo.<\/p>\n<p>Por\u00e9m, sendo o trabalho pericial consubstanciado em prova robusta e estribado na legisla\u00e7\u00e3o aplicada ao<\/p>\n<p>caso, certamente que ser\u00e1 um laudo pericial conclusivo e enf\u00e1tico na lide tratada nos autos.<\/span><\/p>\n","protected":false},"excerpt":{"rendered":"<p>&nbsp; O laudo pericial \u00e9 o relato do t\u00e9cnico ou especialista designado para avaliar determinada situa\u00e7\u00e3o que estava dentro de seus conhecimentos. O laudo \u00e9 a tradu\u00e7\u00e3o das impress\u00f5es captadas pelo t\u00e9cnico ou especialista, em torno do fato litigioso, por meio dos conhecimentos especiais de quem o examinou. O Laudo pode ser utilizado para apresenta\u00e7\u00e3o<\/p>\n","protected":false},"author":1,"featured_media":0,"parent":0,"menu_order":0,"comment_status":"closed","ping_status":"closed","template":"","meta":[],"yoast_head":"<!-- This site is optimized with the Yoast SEO plugin v19.11 - https:\/\/yoast.com\/wordpress\/plugins\/seo\/ -->\n<title>Laudo Pericial - Noblle consultoria<\/title>\n<meta name=\"robots\" content=\"index, follow, max-snippet:-1, max-image-preview:large, max-video-preview:-1\" \/>\n<link rel=\"canonical\" href=\"http:\/\/noblleconsultoria.com.br\/index.php\/laudo-pericial\/\" \/>\n<meta property=\"og:locale\" content=\"pt_BR\" \/>\n<meta property=\"og:type\" content=\"article\" \/>\n<meta property=\"og:title\" content=\"Laudo Pericial - Noblle consultoria\" \/>\n<meta property=\"og:description\" content=\"&nbsp; O laudo pericial \u00e9 o relato do t\u00e9cnico ou especialista designado para avaliar determinada situa\u00e7\u00e3o que estava dentro de seus conhecimentos. O laudo \u00e9 a tradu\u00e7\u00e3o das impress\u00f5es captadas pelo t\u00e9cnico ou especialista, em torno do fato litigioso, por meio dos conhecimentos especiais de quem o examinou. O Laudo pode ser utilizado para apresenta\u00e7\u00e3o\" \/>\n<meta property=\"og:url\" content=\"http:\/\/noblleconsultoria.com.br\/index.php\/laudo-pericial\/\" \/>\n<meta property=\"og:site_name\" content=\"Noblle consultoria\" \/>\n<meta property=\"og:image\" content=\"http:\/\/noblleconsultoria.com.br\/wp-content\/uploads\/2017\/03\/Laudos_Periciais.jpg\" \/>\n<meta name=\"twitter:card\" content=\"summary_large_image\" \/>\n<meta name=\"twitter:label1\" content=\"Est. tempo de leitura\" \/>\n\t<meta name=\"twitter:data1\" content=\"1 minuto\" \/>\n<script type=\"application\/ld+json\" class=\"yoast-schema-graph\">{\"@context\":\"https:\/\/schema.org\",\"@graph\":[{\"@type\":\"WebPage\",\"@id\":\"http:\/\/noblleconsultoria.com.br\/index.php\/laudo-pericial\/\",\"url\":\"http:\/\/noblleconsultoria.com.br\/index.php\/laudo-pericial\/\",\"name\":\"Laudo Pericial - Noblle consultoria\",\"isPartOf\":{\"@id\":\"https:\/\/noblleconsultoria.com.br\/#website\"},\"datePublished\":\"2017-03-21T19:04:09+00:00\",\"dateModified\":\"2017-03-21T19:04:09+00:00\",\"breadcrumb\":{\"@id\":\"http:\/\/noblleconsultoria.com.br\/index.php\/laudo-pericial\/#breadcrumb\"},\"inLanguage\":\"pt-BR\",\"potentialAction\":[{\"@type\":\"ReadAction\",\"target\":[\"http:\/\/noblleconsultoria.com.br\/index.php\/laudo-pericial\/\"]}]},{\"@type\":\"BreadcrumbList\",\"@id\":\"http:\/\/noblleconsultoria.com.br\/index.php\/laudo-pericial\/#breadcrumb\",\"itemListElement\":[{\"@type\":\"ListItem\",\"position\":1,\"name\":\"In\u00edcio\",\"item\":\"https:\/\/noblleconsultoria.com.br\/\"},{\"@type\":\"ListItem\",\"position\":2,\"name\":\"Laudo Pericial\"}]},{\"@type\":\"WebSite\",\"@id\":\"https:\/\/noblleconsultoria.com.br\/#website\",\"url\":\"https:\/\/noblleconsultoria.com.br\/\",\"name\":\"Noblle consultoria\",\"description\":\"Regulariza\u00e7\u00e3o de im\u00f3vel\",\"publisher\":{\"@id\":\"https:\/\/noblleconsultoria.com.br\/#organization\"},\"potentialAction\":[{\"@type\":\"SearchAction\",\"target\":{\"@type\":\"EntryPoint\",\"urlTemplate\":\"https:\/\/noblleconsultoria.com.br\/?s={search_term_string}\"},\"query-input\":\"required name=search_term_string\"}],\"inLanguage\":\"pt-BR\"},{\"@type\":\"Organization\",\"@id\":\"https:\/\/noblleconsultoria.com.br\/#organization\",\"name\":\"Noblle consultoria\",\"url\":\"https:\/\/noblleconsultoria.com.br\/\",\"logo\":{\"@type\":\"ImageObject\",\"inLanguage\":\"pt-BR\",\"@id\":\"https:\/\/noblleconsultoria.com.br\/#\/schema\/logo\/image\/\",\"url\":\"https:\/\/noblleconsultoria.com.br\/wp-content\/uploads\/2017\/02\/noblle-consultoria.jpg\",\"contentUrl\":\"https:\/\/noblleconsultoria.com.br\/wp-content\/uploads\/2017\/02\/noblle-consultoria.jpg\",\"width\":215,\"height\":121,\"caption\":\"Noblle consultoria\"},\"image\":{\"@id\":\"https:\/\/noblleconsultoria.com.br\/#\/schema\/logo\/image\/\"}}]}<\/script>\n<!-- \/ Yoast SEO plugin. -->","yoast_head_json":{"title":"Laudo Pericial - Noblle consultoria","robots":{"index":"index","follow":"follow","max-snippet":"max-snippet:-1","max-image-preview":"max-image-preview:large","max-video-preview":"max-video-preview:-1"},"canonical":"http:\/\/noblleconsultoria.com.br\/index.php\/laudo-pericial\/","og_locale":"pt_BR","og_type":"article","og_title":"Laudo Pericial - Noblle consultoria","og_description":"&nbsp; O laudo pericial \u00e9 o relato do t\u00e9cnico ou especialista designado para avaliar determinada situa\u00e7\u00e3o que estava dentro de seus conhecimentos. O laudo \u00e9 a tradu\u00e7\u00e3o das impress\u00f5es captadas pelo t\u00e9cnico ou especialista, em torno do fato litigioso, por meio dos conhecimentos especiais de quem o examinou. O Laudo pode ser utilizado para apresenta\u00e7\u00e3o","og_url":"http:\/\/noblleconsultoria.com.br\/index.php\/laudo-pericial\/","og_site_name":"Noblle consultoria","og_image":[{"url":"http:\/\/noblleconsultoria.com.br\/wp-content\/uploads\/2017\/03\/Laudos_Periciais.jpg"}],"twitter_card":"summary_large_image","twitter_misc":{"Est. tempo de leitura":"1 minuto"},"schema":{"@context":"https:\/\/schema.org","@graph":[{"@type":"WebPage","@id":"http:\/\/noblleconsultoria.com.br\/index.php\/laudo-pericial\/","url":"http:\/\/noblleconsultoria.com.br\/index.php\/laudo-pericial\/","name":"Laudo Pericial - Noblle consultoria","isPartOf":{"@id":"https:\/\/noblleconsultoria.com.br\/#website"},"datePublished":"2017-03-21T19:04:09+00:00","dateModified":"2017-03-21T19:04:09+00:00","breadcrumb":{"@id":"http:\/\/noblleconsultoria.com.br\/index.php\/laudo-pericial\/#breadcrumb"},"inLanguage":"pt-BR","potentialAction":[{"@type":"ReadAction","target":["http:\/\/noblleconsultoria.com.br\/index.php\/laudo-pericial\/"]}]},{"@type":"BreadcrumbList","@id":"http:\/\/noblleconsultoria.com.br\/index.php\/laudo-pericial\/#breadcrumb","itemListElement":[{"@type":"ListItem","position":1,"name":"In\u00edcio","item":"https:\/\/noblleconsultoria.com.br\/"},{"@type":"ListItem","position":2,"name":"Laudo Pericial"}]},{"@type":"WebSite","@id":"https:\/\/noblleconsultoria.com.br\/#website","url":"https:\/\/noblleconsultoria.com.br\/","name":"Noblle consultoria","description":"Regulariza\u00e7\u00e3o de im\u00f3vel","publisher":{"@id":"https:\/\/noblleconsultoria.com.br\/#organization"},"potentialAction":[{"@type":"SearchAction","target":{"@type":"EntryPoint","urlTemplate":"https:\/\/noblleconsultoria.com.br\/?s={search_term_string}"},"query-input":"required name=search_term_string"}],"inLanguage":"pt-BR"},{"@type":"Organization","@id":"https:\/\/noblleconsultoria.com.br\/#organization","name":"Noblle consultoria","url":"https:\/\/noblleconsultoria.com.br\/","logo":{"@type":"ImageObject","inLanguage":"pt-BR","@id":"https:\/\/noblleconsultoria.com.br\/#\/schema\/logo\/image\/","url":"https:\/\/noblleconsultoria.com.br\/wp-content\/uploads\/2017\/02\/noblle-consultoria.jpg","contentUrl":"https:\/\/noblleconsultoria.com.br\/wp-content\/uploads\/2017\/02\/noblle-consultoria.jpg","width":215,"height":121,"caption":"Noblle consultoria"},"image":{"@id":"https:\/\/noblleconsultoria.com.br\/#\/schema\/logo\/image\/"}}]}},"_links":{"self":[{"href":"https:\/\/noblleconsultoria.com.br\/index.php\/wp-json\/wp\/v2\/pages\/246"}],"collection":[{"href":"https:\/\/noblleconsultoria.com.br\/index.php\/wp-json\/wp\/v2\/pages"}],"about":[{"href":"https:\/\/noblleconsultoria.com.br\/index.php\/wp-json\/wp\/v2\/types\/page"}],"author":[{"embeddable":true,"href":"https:\/\/noblleconsultoria.com.br\/index.php\/wp-json\/wp\/v2\/users\/1"}],"replies":[{"embeddable":true,"href":"https:\/\/noblleconsultoria.com.br\/index.php\/wp-json\/wp\/v2\/comments?post=246"}],"version-history":[{"count":1,"href":"https:\/\/noblleconsultoria.com.br\/index.php\/wp-json\/wp\/v2\/pages\/246\/revisions"}],"predecessor-version":[{"id":249,"href":"https:\/\/noblleconsultoria.com.br\/index.php\/wp-json\/wp\/v2\/pages\/246\/revisions\/249"}],"wp:attachment":[{"href":"https:\/\/noblleconsultoria.com.br\/index.php\/wp-json\/wp\/v2\/media?parent=246"}],"curies":[{"name":"wp","href":"https:\/\/api.w.org\/{rel}","templated":true}]}}