{"id":250,"date":"2017-03-21T19:08:42","date_gmt":"2017-03-21T19:08:42","guid":{"rendered":"http:\/\/noblleconsultoria.com.br\/?page_id=250"},"modified":"2017-03-21T19:11:09","modified_gmt":"2017-03-21T19:11:09","slug":"laudo-de-avaliacao-de-imoveis","status":"publish","type":"page","link":"https:\/\/noblleconsultoria.com.br\/index.php\/laudo-de-avaliacao-de-imoveis\/","title":{"rendered":"Laudo de avalia\u00e7\u00e3o de im\u00f3veis"},"content":{"rendered":"<p><img decoding=\"async\" loading=\"lazy\" class=\"size-full wp-image-254 aligncenter\" src=\"http:\/\/noblleconsultoria.com.br\/wp-content\/uploads\/2017\/03\/Pericia_em_Avaliacao_de_Imoveis.jpg\" alt=\"\" width=\"786\" height=\"199\" srcset=\"https:\/\/noblleconsultoria.com.br\/wp-content\/uploads\/2017\/03\/Pericia_em_Avaliacao_de_Imoveis.jpg 786w, https:\/\/noblleconsultoria.com.br\/wp-content\/uploads\/2017\/03\/Pericia_em_Avaliacao_de_Imoveis-300x76.jpg 300w, https:\/\/noblleconsultoria.com.br\/wp-content\/uploads\/2017\/03\/Pericia_em_Avaliacao_de_Imoveis-768x194.jpg 768w\" sizes=\"(max-width: 786px) 100vw, 786px\" \/><\/p>\n<p>&nbsp;<\/p>\n<div align=\"center\"><span style=\"font-family: verdana,geneva; font-size: large; color: #000000;\">LAUDO DE AVALIA\u00c7\u00c3O DE IM\u00d3VEIS<br \/>\n<\/span><\/div>\n<p><span style=\"color: #000000;\"> \u2022 <\/span><span style=\"font-family: verdana,geneva; font-size: medium;\"><span style=\"color: #000000;\">Elaboramos Laudo de Avalia\u00e7\u00e3o de Im\u00f3veis em toda zona sul de S\u00e3o Paulo <\/span><\/span><\/p>\n<p><span style=\"color: #000000;\"> e demais regi\u00f5es da capital e interior . Com segmento para algumas \u00e1reas para <\/span><\/p>\n<p><span style=\"color: #000000;\"> atendimento em todo o Brasil.<\/span><\/p>\n<p><span style=\"color: #000000;\"> \u2022 Na <b>Nobble<\/b> temos equipe especializada na elabora\u00e7\u00e3o de Laudos de avalia\u00e7\u00e3o de <\/span><\/p>\n<p><span style=\"color: #000000;\"> im\u00f3veis, com profissionais em constante atualiza\u00e7\u00e3o, e experi\u00eancia adquirida para <\/span><\/p>\n<p><span style=\"color: #000000;\"> maior precis\u00e3o ao laudo, apresentando credibilidade aos valores finais de venda e <\/span><\/p>\n<p><span style=\"color: #000000;\"> locativos dos bens avaliados, fundamentais para um bom excelente resultado.<\/span><\/p>\n<p><span style=\"color: #000000;\"> \u2022 Desenvolvemos estudos e an\u00e1lises para estabelecer o valor real de bens tang\u00edveis, <\/span><\/p>\n<p><span style=\"color: #000000;\"> fornecendo laudos e relat\u00f3rios t\u00e9cnicos atendendo aos crit\u00e9rios e metodologias em <\/span><\/p>\n<p><span style=\"color: #000000;\"> vigor no Brasil, em conformidade com as normas da ABNT \u2013 Associa\u00e7\u00e3o Brasileira <\/span><\/p>\n<p><span style=\"color: #000000;\"> de Normas T\u00e9cnicas, al\u00e9m do IBAPE \u2013 Instituto Brasileiro de Avalia\u00e7\u00f5es e <\/span><\/p>\n<p><span style=\"color: #000000;\"> Per\u00edcias de Engenharia.<\/span><\/p>\n","protected":false},"excerpt":{"rendered":"<p>&nbsp; LAUDO DE AVALIA\u00c7\u00c3O DE IM\u00d3VEIS \u2022 Elaboramos Laudo de Avalia\u00e7\u00e3o de Im\u00f3veis em toda zona sul de S\u00e3o Paulo e demais regi\u00f5es da capital e interior . Com segmento para algumas \u00e1reas para atendimento em todo o Brasil. \u2022 Na Nobble temos equipe especializada na elabora\u00e7\u00e3o de Laudos de avalia\u00e7\u00e3o de im\u00f3veis, com profissionais<\/p>\n","protected":false},"author":1,"featured_media":0,"parent":0,"menu_order":0,"comment_status":"closed","ping_status":"closed","template":"","meta":[],"yoast_head":"<!-- This site is optimized with the Yoast SEO plugin v19.11 - https:\/\/yoast.com\/wordpress\/plugins\/seo\/ -->\n<title>Laudo de avalia\u00e7\u00e3o de im\u00f3veis - Noblle consultoria<\/title>\n<meta name=\"robots\" content=\"index, follow, max-snippet:-1, max-image-preview:large, max-video-preview:-1\" \/>\n<link rel=\"canonical\" href=\"http:\/\/noblleconsultoria.com.br\/index.php\/laudo-de-avaliacao-de-imoveis\/\" \/>\n<meta property=\"og:locale\" content=\"pt_BR\" \/>\n<meta property=\"og:type\" content=\"article\" \/>\n<meta property=\"og:title\" content=\"Laudo de avalia\u00e7\u00e3o de im\u00f3veis - Noblle consultoria\" \/>\n<meta property=\"og:description\" content=\"&nbsp; LAUDO DE AVALIA\u00c7\u00c3O DE IM\u00d3VEIS \u2022 Elaboramos Laudo de Avalia\u00e7\u00e3o de Im\u00f3veis em toda zona sul de S\u00e3o Paulo e demais regi\u00f5es da capital e interior . Com segmento para algumas \u00e1reas para atendimento em todo o Brasil. \u2022 Na Nobble temos equipe especializada na elabora\u00e7\u00e3o de Laudos de avalia\u00e7\u00e3o de im\u00f3veis, com profissionais\" \/>\n<meta property=\"og:url\" content=\"http:\/\/noblleconsultoria.com.br\/index.php\/laudo-de-avaliacao-de-imoveis\/\" \/>\n<meta property=\"og:site_name\" content=\"Noblle consultoria\" \/>\n<meta property=\"article:modified_time\" content=\"2017-03-21T19:11:09+00:00\" \/>\n<meta property=\"og:image\" content=\"http:\/\/noblleconsultoria.com.br\/wp-content\/uploads\/2017\/03\/Pericia_em_Avaliacao_de_Imoveis.jpg\" \/>\n<meta name=\"twitter:card\" content=\"summary_large_image\" \/>\n<meta name=\"twitter:label1\" content=\"Est. tempo de leitura\" \/>\n\t<meta name=\"twitter:data1\" content=\"1 minuto\" \/>\n<script type=\"application\/ld+json\" class=\"yoast-schema-graph\">{\"@context\":\"https:\/\/schema.org\",\"@graph\":[{\"@type\":\"WebPage\",\"@id\":\"http:\/\/noblleconsultoria.com.br\/index.php\/laudo-de-avaliacao-de-imoveis\/\",\"url\":\"http:\/\/noblleconsultoria.com.br\/index.php\/laudo-de-avaliacao-de-imoveis\/\",\"name\":\"Laudo de avalia\u00e7\u00e3o de im\u00f3veis - Noblle consultoria\",\"isPartOf\":{\"@id\":\"https:\/\/noblleconsultoria.com.br\/#website\"},\"datePublished\":\"2017-03-21T19:08:42+00:00\",\"dateModified\":\"2017-03-21T19:11:09+00:00\",\"breadcrumb\":{\"@id\":\"http:\/\/noblleconsultoria.com.br\/index.php\/laudo-de-avaliacao-de-imoveis\/#breadcrumb\"},\"inLanguage\":\"pt-BR\",\"potentialAction\":[{\"@type\":\"ReadAction\",\"target\":[\"http:\/\/noblleconsultoria.com.br\/index.php\/laudo-de-avaliacao-de-imoveis\/\"]}]},{\"@type\":\"BreadcrumbList\",\"@id\":\"http:\/\/noblleconsultoria.com.br\/index.php\/laudo-de-avaliacao-de-imoveis\/#breadcrumb\",\"itemListElement\":[{\"@type\":\"ListItem\",\"position\":1,\"name\":\"In\u00edcio\",\"item\":\"https:\/\/noblleconsultoria.com.br\/\"},{\"@type\":\"ListItem\",\"position\":2,\"name\":\"Laudo de avalia\u00e7\u00e3o de im\u00f3veis\"}]},{\"@type\":\"WebSite\",\"@id\":\"https:\/\/noblleconsultoria.com.br\/#website\",\"url\":\"https:\/\/noblleconsultoria.com.br\/\",\"name\":\"Noblle consultoria\",\"description\":\"Regulariza\u00e7\u00e3o de im\u00f3vel\",\"publisher\":{\"@id\":\"https:\/\/noblleconsultoria.com.br\/#organization\"},\"potentialAction\":[{\"@type\":\"SearchAction\",\"target\":{\"@type\":\"EntryPoint\",\"urlTemplate\":\"https:\/\/noblleconsultoria.com.br\/?s={search_term_string}\"},\"query-input\":\"required name=search_term_string\"}],\"inLanguage\":\"pt-BR\"},{\"@type\":\"Organization\",\"@id\":\"https:\/\/noblleconsultoria.com.br\/#organization\",\"name\":\"Noblle consultoria\",\"url\":\"https:\/\/noblleconsultoria.com.br\/\",\"logo\":{\"@type\":\"ImageObject\",\"inLanguage\":\"pt-BR\",\"@id\":\"https:\/\/noblleconsultoria.com.br\/#\/schema\/logo\/image\/\",\"url\":\"https:\/\/noblleconsultoria.com.br\/wp-content\/uploads\/2017\/02\/noblle-consultoria.jpg\",\"contentUrl\":\"https:\/\/noblleconsultoria.com.br\/wp-content\/uploads\/2017\/02\/noblle-consultoria.jpg\",\"width\":215,\"height\":121,\"caption\":\"Noblle consultoria\"},\"image\":{\"@id\":\"https:\/\/noblleconsultoria.com.br\/#\/schema\/logo\/image\/\"}}]}<\/script>\n<!-- \/ Yoast SEO plugin. -->","yoast_head_json":{"title":"Laudo de avalia\u00e7\u00e3o de im\u00f3veis - Noblle consultoria","robots":{"index":"index","follow":"follow","max-snippet":"max-snippet:-1","max-image-preview":"max-image-preview:large","max-video-preview":"max-video-preview:-1"},"canonical":"http:\/\/noblleconsultoria.com.br\/index.php\/laudo-de-avaliacao-de-imoveis\/","og_locale":"pt_BR","og_type":"article","og_title":"Laudo de avalia\u00e7\u00e3o de im\u00f3veis - Noblle consultoria","og_description":"&nbsp; LAUDO DE AVALIA\u00c7\u00c3O DE IM\u00d3VEIS \u2022 Elaboramos Laudo de Avalia\u00e7\u00e3o de Im\u00f3veis em toda zona sul de S\u00e3o Paulo e demais regi\u00f5es da capital e interior . Com segmento para algumas \u00e1reas para atendimento em todo o Brasil. \u2022 Na Nobble temos equipe especializada na elabora\u00e7\u00e3o de Laudos de avalia\u00e7\u00e3o de im\u00f3veis, com profissionais","og_url":"http:\/\/noblleconsultoria.com.br\/index.php\/laudo-de-avaliacao-de-imoveis\/","og_site_name":"Noblle consultoria","article_modified_time":"2017-03-21T19:11:09+00:00","og_image":[{"url":"http:\/\/noblleconsultoria.com.br\/wp-content\/uploads\/2017\/03\/Pericia_em_Avaliacao_de_Imoveis.jpg"}],"twitter_card":"summary_large_image","twitter_misc":{"Est. tempo de leitura":"1 minuto"},"schema":{"@context":"https:\/\/schema.org","@graph":[{"@type":"WebPage","@id":"http:\/\/noblleconsultoria.com.br\/index.php\/laudo-de-avaliacao-de-imoveis\/","url":"http:\/\/noblleconsultoria.com.br\/index.php\/laudo-de-avaliacao-de-imoveis\/","name":"Laudo de avalia\u00e7\u00e3o de im\u00f3veis - Noblle consultoria","isPartOf":{"@id":"https:\/\/noblleconsultoria.com.br\/#website"},"datePublished":"2017-03-21T19:08:42+00:00","dateModified":"2017-03-21T19:11:09+00:00","breadcrumb":{"@id":"http:\/\/noblleconsultoria.com.br\/index.php\/laudo-de-avaliacao-de-imoveis\/#breadcrumb"},"inLanguage":"pt-BR","potentialAction":[{"@type":"ReadAction","target":["http:\/\/noblleconsultoria.com.br\/index.php\/laudo-de-avaliacao-de-imoveis\/"]}]},{"@type":"BreadcrumbList","@id":"http:\/\/noblleconsultoria.com.br\/index.php\/laudo-de-avaliacao-de-imoveis\/#breadcrumb","itemListElement":[{"@type":"ListItem","position":1,"name":"In\u00edcio","item":"https:\/\/noblleconsultoria.com.br\/"},{"@type":"ListItem","position":2,"name":"Laudo de avalia\u00e7\u00e3o de im\u00f3veis"}]},{"@type":"WebSite","@id":"https:\/\/noblleconsultoria.com.br\/#website","url":"https:\/\/noblleconsultoria.com.br\/","name":"Noblle consultoria","description":"Regulariza\u00e7\u00e3o de im\u00f3vel","publisher":{"@id":"https:\/\/noblleconsultoria.com.br\/#organization"},"potentialAction":[{"@type":"SearchAction","target":{"@type":"EntryPoint","urlTemplate":"https:\/\/noblleconsultoria.com.br\/?s={search_term_string}"},"query-input":"required name=search_term_string"}],"inLanguage":"pt-BR"},{"@type":"Organization","@id":"https:\/\/noblleconsultoria.com.br\/#organization","name":"Noblle consultoria","url":"https:\/\/noblleconsultoria.com.br\/","logo":{"@type":"ImageObject","inLanguage":"pt-BR","@id":"https:\/\/noblleconsultoria.com.br\/#\/schema\/logo\/image\/","url":"https:\/\/noblleconsultoria.com.br\/wp-content\/uploads\/2017\/02\/noblle-consultoria.jpg","contentUrl":"https:\/\/noblleconsultoria.com.br\/wp-content\/uploads\/2017\/02\/noblle-consultoria.jpg","width":215,"height":121,"caption":"Noblle consultoria"},"image":{"@id":"https:\/\/noblleconsultoria.com.br\/#\/schema\/logo\/image\/"}}]}},"_links":{"self":[{"href":"https:\/\/noblleconsultoria.com.br\/index.php\/wp-json\/wp\/v2\/pages\/250"}],"collection":[{"href":"https:\/\/noblleconsultoria.com.br\/index.php\/wp-json\/wp\/v2\/pages"}],"about":[{"href":"https:\/\/noblleconsultoria.com.br\/index.php\/wp-json\/wp\/v2\/types\/page"}],"author":[{"embeddable":true,"href":"https:\/\/noblleconsultoria.com.br\/index.php\/wp-json\/wp\/v2\/users\/1"}],"replies":[{"embeddable":true,"href":"https:\/\/noblleconsultoria.com.br\/index.php\/wp-json\/wp\/v2\/comments?post=250"}],"version-history":[{"count":3,"href":"https:\/\/noblleconsultoria.com.br\/index.php\/wp-json\/wp\/v2\/pages\/250\/revisions"}],"predecessor-version":[{"id":256,"href":"https:\/\/noblleconsultoria.com.br\/index.php\/wp-json\/wp\/v2\/pages\/250\/revisions\/256"}],"wp:attachment":[{"href":"https:\/\/noblleconsultoria.com.br\/index.php\/wp-json\/wp\/v2\/media?parent=250"}],"curies":[{"name":"wp","href":"https:\/\/api.w.org\/{rel}","templated":true}]}}