{"id":260,"date":"2017-03-21T19:15:07","date_gmt":"2017-03-21T19:15:07","guid":{"rendered":"http:\/\/noblleconsultoria.com.br\/?page_id=260"},"modified":"2017-03-21T19:15:07","modified_gmt":"2017-03-21T19:15:07","slug":"viabilidade-de-empreendimento-imobiliario","status":"publish","type":"page","link":"https:\/\/noblleconsultoria.com.br\/index.php\/viabilidade-de-empreendimento-imobiliario\/","title":{"rendered":"viabilidade de empreendimento imobili\u00e1rio"},"content":{"rendered":"<p><img decoding=\"async\" loading=\"lazy\" class=\"wp-image-261 aligncenter\" src=\"http:\/\/noblleconsultoria.com.br\/wp-content\/uploads\/2017\/03\/Estudo_de_Viabilidade_de_Empreendimento_Imobiliario.jpg\" alt=\"\" width=\"625\" height=\"146\" srcset=\"https:\/\/noblleconsultoria.com.br\/wp-content\/uploads\/2017\/03\/Estudo_de_Viabilidade_de_Empreendimento_Imobiliario.jpg 1096w, https:\/\/noblleconsultoria.com.br\/wp-content\/uploads\/2017\/03\/Estudo_de_Viabilidade_de_Empreendimento_Imobiliario-300x70.jpg 300w, https:\/\/noblleconsultoria.com.br\/wp-content\/uploads\/2017\/03\/Estudo_de_Viabilidade_de_Empreendimento_Imobiliario-768x179.jpg 768w, https:\/\/noblleconsultoria.com.br\/wp-content\/uploads\/2017\/03\/Estudo_de_Viabilidade_de_Empreendimento_Imobiliario-1024x239.jpg 1024w\" sizes=\"(max-width: 625px) 100vw, 625px\" \/><\/p>\n<p>&nbsp;<\/p>\n<h3 style=\"text-align: center;\"><span style=\"color: #000000;\">ESTUDO DE VIABILIDADE DE UM EMPREENDIMENTO IMOBILI\u00c1RIO<\/span><\/h3>\n<p><span style=\"color: #000000;\">\u2022 Elaboramos Estudo de Viabilidade de Empreendimento Imobili\u00e1rio em toda zona <\/span><\/p>\n<p><span style=\"color: #000000;\"> sul de S\u00e3o Paulo e demais regi\u00f5es da capital e interior . <\/span><\/p>\n<p><span style=\"color: #000000;\"> Com segmento para algumas \u00e1reas para atendimento em todo o Brasil.<\/span><\/p>\n<p><span style=\"color: #000000;\"> \u2022<span style=\"color: #ff0000;\"> Conceito<\/span>: o estudo de viabilidade \u00e9 uma ferramenta que auxilia o incorporador no <\/span><\/p>\n<p><span style=\"color: #000000;\"> momento da tomada de decis\u00e3o, bem como em a\u00e7\u00f5es judiciais principalmente para <\/span><\/p>\n<p><span style=\"color: #000000;\"> a\u00e7\u00f5es de renovat\u00f3ria, onde o locador apresenta em resposta o pedido de retomada <\/span><\/p>\n<p><span style=\"color: #000000;\"> do im\u00f3vel, com a apresenta\u00e7\u00e3o embasada de uma alta lucratividade, com base em <\/span><\/p>\n<p><span style=\"color: #000000;\"> estudos como de massa e implanta\u00e7\u00e3o, viabilidade econ\u00f4mico-financeira para o <\/span><\/p>\n<p><span style=\"color: #000000;\"> empreendimento, zoneamento e suas aplicabilidades, financeiros, etc.<\/span><\/p>\n<p><span style=\"color: #000000;\"> \u2022 <span style=\"color: #ff0000;\">An\u00e1lise<\/span>: uma an\u00e1lise do processo de produ\u00e7\u00e3o imobili\u00e1ria, principalmente sobre a <\/span><\/p>\n<p><span style=\"color: #000000;\"> complexidade e os fatores que devem ser considerados durante a elabora\u00e7\u00e3o do <\/span><\/p>\n<p><span style=\"color: #000000;\"> estudo de viabilidade para empreendimentos, de acordo com a legisla\u00e7\u00e3o urban\u00edstica.<\/span><\/p>\n<p><span style=\"color: #000000;\"> \u2022 Pesquisas: Primeiramente \u00e9 realizado um processo de sele\u00e7\u00e3o e triagem de poss\u00edveis <\/span><\/p>\n<p><span style=\"color: #000000;\"> terrenos para o desenvolvimento do projeto e uma breve an\u00e1lise para eleger o <\/span><\/p>\n<p><span style=\"color: #000000;\"> terreno escolhido, onde \u00e9 importante ressaltar que o objetivo do trabalho sempre \u00e9 o <\/span><\/p>\n<p><span style=\"color: #000000;\"> desenvolvimento de um empreendimento com caracter\u00edstica vertical, ou horizontal, <\/span><\/p>\n<p><span style=\"color: #000000;\"> para uma tipologia como condom\u00ednio de casas ou conjuntos verticais populares sem <\/span><\/p>\n<p><span style=\"color: #000000;\"> elevador.<\/span><\/p>\n<p><span style=\"color: #000000;\"> \u2022 <span style=\"color: #ff0000;\">Compatibilidade<\/span>: a an\u00e1lise da viabilidade econ\u00f4mico-financeira , bem com a <\/span><\/p>\n<p><span style=\"color: #000000;\"> localiza\u00e7\u00e3o do terreno s\u00e3o um dos fatores de fundamentais import\u00e2ncia para a <\/span><\/p>\n<p><span style=\"color: #000000;\"> viabilidade de um empreendimento e sua comercializa\u00e7\u00e3o futura, onde o terreno <\/span><\/p>\n<p><span style=\"color: #000000;\"> deve ser compat\u00edvel com o tipo de projeto a ser desenvolvido tanto em localiza\u00e7\u00e3o, <\/span><\/p>\n<p><span style=\"color: #000000;\"> topografia e pre\u00e7o, para que se possa visar um lucro futuro compat\u00edvel com o <\/span><\/p>\n<p><span style=\"color: #000000;\"> investimento.<\/span><\/p>\n","protected":false},"excerpt":{"rendered":"<p>&nbsp; ESTUDO DE VIABILIDADE DE UM EMPREENDIMENTO IMOBILI\u00c1RIO \u2022 Elaboramos Estudo de Viabilidade de Empreendimento Imobili\u00e1rio em toda zona sul de S\u00e3o Paulo e demais regi\u00f5es da capital e interior . Com segmento para algumas \u00e1reas para atendimento em todo o Brasil. \u2022 Conceito: o estudo de viabilidade \u00e9 uma ferramenta que auxilia o incorporador<\/p>\n","protected":false},"author":1,"featured_media":0,"parent":0,"menu_order":0,"comment_status":"closed","ping_status":"closed","template":"","meta":[],"yoast_head":"<!-- This site is optimized with the Yoast SEO plugin v19.11 - https:\/\/yoast.com\/wordpress\/plugins\/seo\/ -->\n<title>viabilidade de empreendimento imobili\u00e1rio - Noblle consultoria<\/title>\n<meta name=\"robots\" content=\"index, follow, max-snippet:-1, max-image-preview:large, max-video-preview:-1\" \/>\n<link rel=\"canonical\" href=\"https:\/\/noblleconsultoria.com.br\/index.php\/viabilidade-de-empreendimento-imobiliario\/\" \/>\n<meta property=\"og:locale\" content=\"pt_BR\" \/>\n<meta property=\"og:type\" content=\"article\" \/>\n<meta property=\"og:title\" content=\"viabilidade de empreendimento imobili\u00e1rio - Noblle consultoria\" \/>\n<meta property=\"og:description\" content=\"&nbsp; ESTUDO DE VIABILIDADE DE UM EMPREENDIMENTO IMOBILI\u00c1RIO \u2022 Elaboramos Estudo de Viabilidade de Empreendimento Imobili\u00e1rio em toda zona sul de S\u00e3o Paulo e demais regi\u00f5es da capital e interior . Com segmento para algumas \u00e1reas para atendimento em todo o Brasil. \u2022 Conceito: o estudo de viabilidade \u00e9 uma ferramenta que auxilia o incorporador\" \/>\n<meta property=\"og:url\" content=\"https:\/\/noblleconsultoria.com.br\/index.php\/viabilidade-de-empreendimento-imobiliario\/\" \/>\n<meta property=\"og:site_name\" content=\"Noblle consultoria\" \/>\n<meta property=\"og:image\" content=\"http:\/\/noblleconsultoria.com.br\/wp-content\/uploads\/2017\/03\/Estudo_de_Viabilidade_de_Empreendimento_Imobiliario.jpg\" \/>\n<meta name=\"twitter:card\" content=\"summary_large_image\" \/>\n<meta name=\"twitter:label1\" content=\"Est. tempo de leitura\" \/>\n\t<meta name=\"twitter:data1\" content=\"1 minuto\" \/>\n<script type=\"application\/ld+json\" class=\"yoast-schema-graph\">{\"@context\":\"https:\/\/schema.org\",\"@graph\":[{\"@type\":\"WebPage\",\"@id\":\"https:\/\/noblleconsultoria.com.br\/index.php\/viabilidade-de-empreendimento-imobiliario\/\",\"url\":\"https:\/\/noblleconsultoria.com.br\/index.php\/viabilidade-de-empreendimento-imobiliario\/\",\"name\":\"viabilidade de empreendimento imobili\u00e1rio - Noblle consultoria\",\"isPartOf\":{\"@id\":\"https:\/\/noblleconsultoria.com.br\/#website\"},\"datePublished\":\"2017-03-21T19:15:07+00:00\",\"dateModified\":\"2017-03-21T19:15:07+00:00\",\"breadcrumb\":{\"@id\":\"https:\/\/noblleconsultoria.com.br\/index.php\/viabilidade-de-empreendimento-imobiliario\/#breadcrumb\"},\"inLanguage\":\"pt-BR\",\"potentialAction\":[{\"@type\":\"ReadAction\",\"target\":[\"https:\/\/noblleconsultoria.com.br\/index.php\/viabilidade-de-empreendimento-imobiliario\/\"]}]},{\"@type\":\"BreadcrumbList\",\"@id\":\"https:\/\/noblleconsultoria.com.br\/index.php\/viabilidade-de-empreendimento-imobiliario\/#breadcrumb\",\"itemListElement\":[{\"@type\":\"ListItem\",\"position\":1,\"name\":\"In\u00edcio\",\"item\":\"https:\/\/noblleconsultoria.com.br\/\"},{\"@type\":\"ListItem\",\"position\":2,\"name\":\"viabilidade de empreendimento imobili\u00e1rio\"}]},{\"@type\":\"WebSite\",\"@id\":\"https:\/\/noblleconsultoria.com.br\/#website\",\"url\":\"https:\/\/noblleconsultoria.com.br\/\",\"name\":\"Noblle consultoria\",\"description\":\"Regulariza\u00e7\u00e3o de im\u00f3vel\",\"publisher\":{\"@id\":\"https:\/\/noblleconsultoria.com.br\/#organization\"},\"potentialAction\":[{\"@type\":\"SearchAction\",\"target\":{\"@type\":\"EntryPoint\",\"urlTemplate\":\"https:\/\/noblleconsultoria.com.br\/?s={search_term_string}\"},\"query-input\":\"required name=search_term_string\"}],\"inLanguage\":\"pt-BR\"},{\"@type\":\"Organization\",\"@id\":\"https:\/\/noblleconsultoria.com.br\/#organization\",\"name\":\"Noblle consultoria\",\"url\":\"https:\/\/noblleconsultoria.com.br\/\",\"logo\":{\"@type\":\"ImageObject\",\"inLanguage\":\"pt-BR\",\"@id\":\"https:\/\/noblleconsultoria.com.br\/#\/schema\/logo\/image\/\",\"url\":\"https:\/\/noblleconsultoria.com.br\/wp-content\/uploads\/2017\/02\/noblle-consultoria.jpg\",\"contentUrl\":\"https:\/\/noblleconsultoria.com.br\/wp-content\/uploads\/2017\/02\/noblle-consultoria.jpg\",\"width\":215,\"height\":121,\"caption\":\"Noblle consultoria\"},\"image\":{\"@id\":\"https:\/\/noblleconsultoria.com.br\/#\/schema\/logo\/image\/\"}}]}<\/script>\n<!-- \/ Yoast SEO plugin. -->","yoast_head_json":{"title":"viabilidade de empreendimento imobili\u00e1rio - Noblle consultoria","robots":{"index":"index","follow":"follow","max-snippet":"max-snippet:-1","max-image-preview":"max-image-preview:large","max-video-preview":"max-video-preview:-1"},"canonical":"https:\/\/noblleconsultoria.com.br\/index.php\/viabilidade-de-empreendimento-imobiliario\/","og_locale":"pt_BR","og_type":"article","og_title":"viabilidade de empreendimento imobili\u00e1rio - Noblle consultoria","og_description":"&nbsp; ESTUDO DE VIABILIDADE DE UM EMPREENDIMENTO IMOBILI\u00c1RIO \u2022 Elaboramos Estudo de Viabilidade de Empreendimento Imobili\u00e1rio em toda zona sul de S\u00e3o Paulo e demais regi\u00f5es da capital e interior . Com segmento para algumas \u00e1reas para atendimento em todo o Brasil. \u2022 Conceito: o estudo de viabilidade \u00e9 uma ferramenta que auxilia o incorporador","og_url":"https:\/\/noblleconsultoria.com.br\/index.php\/viabilidade-de-empreendimento-imobiliario\/","og_site_name":"Noblle consultoria","og_image":[{"url":"http:\/\/noblleconsultoria.com.br\/wp-content\/uploads\/2017\/03\/Estudo_de_Viabilidade_de_Empreendimento_Imobiliario.jpg"}],"twitter_card":"summary_large_image","twitter_misc":{"Est. tempo de leitura":"1 minuto"},"schema":{"@context":"https:\/\/schema.org","@graph":[{"@type":"WebPage","@id":"https:\/\/noblleconsultoria.com.br\/index.php\/viabilidade-de-empreendimento-imobiliario\/","url":"https:\/\/noblleconsultoria.com.br\/index.php\/viabilidade-de-empreendimento-imobiliario\/","name":"viabilidade de empreendimento imobili\u00e1rio - Noblle consultoria","isPartOf":{"@id":"https:\/\/noblleconsultoria.com.br\/#website"},"datePublished":"2017-03-21T19:15:07+00:00","dateModified":"2017-03-21T19:15:07+00:00","breadcrumb":{"@id":"https:\/\/noblleconsultoria.com.br\/index.php\/viabilidade-de-empreendimento-imobiliario\/#breadcrumb"},"inLanguage":"pt-BR","potentialAction":[{"@type":"ReadAction","target":["https:\/\/noblleconsultoria.com.br\/index.php\/viabilidade-de-empreendimento-imobiliario\/"]}]},{"@type":"BreadcrumbList","@id":"https:\/\/noblleconsultoria.com.br\/index.php\/viabilidade-de-empreendimento-imobiliario\/#breadcrumb","itemListElement":[{"@type":"ListItem","position":1,"name":"In\u00edcio","item":"https:\/\/noblleconsultoria.com.br\/"},{"@type":"ListItem","position":2,"name":"viabilidade de empreendimento imobili\u00e1rio"}]},{"@type":"WebSite","@id":"https:\/\/noblleconsultoria.com.br\/#website","url":"https:\/\/noblleconsultoria.com.br\/","name":"Noblle consultoria","description":"Regulariza\u00e7\u00e3o de im\u00f3vel","publisher":{"@id":"https:\/\/noblleconsultoria.com.br\/#organization"},"potentialAction":[{"@type":"SearchAction","target":{"@type":"EntryPoint","urlTemplate":"https:\/\/noblleconsultoria.com.br\/?s={search_term_string}"},"query-input":"required name=search_term_string"}],"inLanguage":"pt-BR"},{"@type":"Organization","@id":"https:\/\/noblleconsultoria.com.br\/#organization","name":"Noblle consultoria","url":"https:\/\/noblleconsultoria.com.br\/","logo":{"@type":"ImageObject","inLanguage":"pt-BR","@id":"https:\/\/noblleconsultoria.com.br\/#\/schema\/logo\/image\/","url":"https:\/\/noblleconsultoria.com.br\/wp-content\/uploads\/2017\/02\/noblle-consultoria.jpg","contentUrl":"https:\/\/noblleconsultoria.com.br\/wp-content\/uploads\/2017\/02\/noblle-consultoria.jpg","width":215,"height":121,"caption":"Noblle consultoria"},"image":{"@id":"https:\/\/noblleconsultoria.com.br\/#\/schema\/logo\/image\/"}}]}},"_links":{"self":[{"href":"https:\/\/noblleconsultoria.com.br\/index.php\/wp-json\/wp\/v2\/pages\/260"}],"collection":[{"href":"https:\/\/noblleconsultoria.com.br\/index.php\/wp-json\/wp\/v2\/pages"}],"about":[{"href":"https:\/\/noblleconsultoria.com.br\/index.php\/wp-json\/wp\/v2\/types\/page"}],"author":[{"embeddable":true,"href":"https:\/\/noblleconsultoria.com.br\/index.php\/wp-json\/wp\/v2\/users\/1"}],"replies":[{"embeddable":true,"href":"https:\/\/noblleconsultoria.com.br\/index.php\/wp-json\/wp\/v2\/comments?post=260"}],"version-history":[{"count":1,"href":"https:\/\/noblleconsultoria.com.br\/index.php\/wp-json\/wp\/v2\/pages\/260\/revisions"}],"predecessor-version":[{"id":263,"href":"https:\/\/noblleconsultoria.com.br\/index.php\/wp-json\/wp\/v2\/pages\/260\/revisions\/263"}],"wp:attachment":[{"href":"https:\/\/noblleconsultoria.com.br\/index.php\/wp-json\/wp\/v2\/media?parent=260"}],"curies":[{"name":"wp","href":"https:\/\/api.w.org\/{rel}","templated":true}]}}