{"id":39,"date":"2017-02-19T20:38:32","date_gmt":"2017-02-19T20:38:32","guid":{"rendered":"http:\/\/noblleconsultoria.com.br\/?page_id=39"},"modified":"2017-03-09T22:35:16","modified_gmt":"2017-03-09T22:35:16","slug":"aprovacao-e-alvara","status":"publish","type":"page","link":"https:\/\/noblleconsultoria.com.br\/index.php\/aprovacao-e-alvara\/","title":{"rendered":"Aprova\u00e7\u00e3o e Alvar\u00e1"},"content":{"rendered":"<p><a href=\"http:\/\/noblleconsultoria.com.br\/index.php\/acessibilidade\/\"><strong>Acessibilidade<\/strong><\/a><\/p>\n<p><a href=\"http:\/\/noblleconsultoria.com.br\/index.php\/bombeiros\/\"><strong>Bombeiros<\/strong><\/a><\/p>\n<p><a href=\"http:\/\/regularizacaodeimovelsp.com.br\/index.php?pr=Cetesb\"><strong>Cetesb<\/strong><\/a><\/p>\n","protected":false},"excerpt":{"rendered":"<p>Acessibilidade Bombeiros Cetesb<\/p>\n","protected":false},"author":1,"featured_media":0,"parent":0,"menu_order":0,"comment_status":"closed","ping_status":"closed","template":"","meta":[],"yoast_head":"<!-- This site is optimized with the Yoast SEO plugin v19.11 - https:\/\/yoast.com\/wordpress\/plugins\/seo\/ -->\n<title>Aprova\u00e7\u00e3o e Alvar\u00e1 - Noblle consultoria<\/title>\n<meta name=\"robots\" content=\"index, follow, max-snippet:-1, max-image-preview:large, max-video-preview:-1\" \/>\n<link rel=\"canonical\" href=\"https:\/\/noblleconsultoria.com.br\/index.php\/aprovacao-e-alvara\/\" \/>\n<meta property=\"og:locale\" content=\"pt_BR\" \/>\n<meta property=\"og:type\" content=\"article\" \/>\n<meta property=\"og:title\" content=\"Aprova\u00e7\u00e3o e Alvar\u00e1 - Noblle consultoria\" \/>\n<meta property=\"og:description\" content=\"Acessibilidade Bombeiros Cetesb\" \/>\n<meta property=\"og:url\" content=\"https:\/\/noblleconsultoria.com.br\/index.php\/aprovacao-e-alvara\/\" \/>\n<meta property=\"og:site_name\" content=\"Noblle consultoria\" \/>\n<meta property=\"article:modified_time\" content=\"2017-03-09T22:35:16+00:00\" \/>\n<meta name=\"twitter:card\" content=\"summary_large_image\" \/>\n<script type=\"application\/ld+json\" class=\"yoast-schema-graph\">{\"@context\":\"https:\/\/schema.org\",\"@graph\":[{\"@type\":\"WebPage\",\"@id\":\"https:\/\/noblleconsultoria.com.br\/index.php\/aprovacao-e-alvara\/\",\"url\":\"https:\/\/noblleconsultoria.com.br\/index.php\/aprovacao-e-alvara\/\",\"name\":\"Aprova\u00e7\u00e3o e Alvar\u00e1 - Noblle consultoria\",\"isPartOf\":{\"@id\":\"https:\/\/noblleconsultoria.com.br\/#website\"},\"datePublished\":\"2017-02-19T20:38:32+00:00\",\"dateModified\":\"2017-03-09T22:35:16+00:00\",\"breadcrumb\":{\"@id\":\"https:\/\/noblleconsultoria.com.br\/index.php\/aprovacao-e-alvara\/#breadcrumb\"},\"inLanguage\":\"pt-BR\",\"potentialAction\":[{\"@type\":\"ReadAction\",\"target\":[\"https:\/\/noblleconsultoria.com.br\/index.php\/aprovacao-e-alvara\/\"]}]},{\"@type\":\"BreadcrumbList\",\"@id\":\"https:\/\/noblleconsultoria.com.br\/index.php\/aprovacao-e-alvara\/#breadcrumb\",\"itemListElement\":[{\"@type\":\"ListItem\",\"position\":1,\"name\":\"In\u00edcio\",\"item\":\"https:\/\/noblleconsultoria.com.br\/\"},{\"@type\":\"ListItem\",\"position\":2,\"name\":\"Aprova\u00e7\u00e3o e Alvar\u00e1\"}]},{\"@type\":\"WebSite\",\"@id\":\"https:\/\/noblleconsultoria.com.br\/#website\",\"url\":\"https:\/\/noblleconsultoria.com.br\/\",\"name\":\"Noblle consultoria\",\"description\":\"Regulariza\u00e7\u00e3o de im\u00f3vel\",\"publisher\":{\"@id\":\"https:\/\/noblleconsultoria.com.br\/#organization\"},\"potentialAction\":[{\"@type\":\"SearchAction\",\"target\":{\"@type\":\"EntryPoint\",\"urlTemplate\":\"https:\/\/noblleconsultoria.com.br\/?s={search_term_string}\"},\"query-input\":\"required name=search_term_string\"}],\"inLanguage\":\"pt-BR\"},{\"@type\":\"Organization\",\"@id\":\"https:\/\/noblleconsultoria.com.br\/#organization\",\"name\":\"Noblle consultoria\",\"url\":\"https:\/\/noblleconsultoria.com.br\/\",\"logo\":{\"@type\":\"ImageObject\",\"inLanguage\":\"pt-BR\",\"@id\":\"https:\/\/noblleconsultoria.com.br\/#\/schema\/logo\/image\/\",\"url\":\"https:\/\/noblleconsultoria.com.br\/wp-content\/uploads\/2017\/02\/noblle-consultoria.jpg\",\"contentUrl\":\"https:\/\/noblleconsultoria.com.br\/wp-content\/uploads\/2017\/02\/noblle-consultoria.jpg\",\"width\":215,\"height\":121,\"caption\":\"Noblle consultoria\"},\"image\":{\"@id\":\"https:\/\/noblleconsultoria.com.br\/#\/schema\/logo\/image\/\"}}]}<\/script>\n<!-- \/ Yoast SEO plugin. -->","yoast_head_json":{"title":"Aprova\u00e7\u00e3o e Alvar\u00e1 - Noblle consultoria","robots":{"index":"index","follow":"follow","max-snippet":"max-snippet:-1","max-image-preview":"max-image-preview:large","max-video-preview":"max-video-preview:-1"},"canonical":"https:\/\/noblleconsultoria.com.br\/index.php\/aprovacao-e-alvara\/","og_locale":"pt_BR","og_type":"article","og_title":"Aprova\u00e7\u00e3o e Alvar\u00e1 - Noblle consultoria","og_description":"Acessibilidade Bombeiros Cetesb","og_url":"https:\/\/noblleconsultoria.com.br\/index.php\/aprovacao-e-alvara\/","og_site_name":"Noblle consultoria","article_modified_time":"2017-03-09T22:35:16+00:00","twitter_card":"summary_large_image","schema":{"@context":"https:\/\/schema.org","@graph":[{"@type":"WebPage","@id":"https:\/\/noblleconsultoria.com.br\/index.php\/aprovacao-e-alvara\/","url":"https:\/\/noblleconsultoria.com.br\/index.php\/aprovacao-e-alvara\/","name":"Aprova\u00e7\u00e3o e Alvar\u00e1 - Noblle consultoria","isPartOf":{"@id":"https:\/\/noblleconsultoria.com.br\/#website"},"datePublished":"2017-02-19T20:38:32+00:00","dateModified":"2017-03-09T22:35:16+00:00","breadcrumb":{"@id":"https:\/\/noblleconsultoria.com.br\/index.php\/aprovacao-e-alvara\/#breadcrumb"},"inLanguage":"pt-BR","potentialAction":[{"@type":"ReadAction","target":["https:\/\/noblleconsultoria.com.br\/index.php\/aprovacao-e-alvara\/"]}]},{"@type":"BreadcrumbList","@id":"https:\/\/noblleconsultoria.com.br\/index.php\/aprovacao-e-alvara\/#breadcrumb","itemListElement":[{"@type":"ListItem","position":1,"name":"In\u00edcio","item":"https:\/\/noblleconsultoria.com.br\/"},{"@type":"ListItem","position":2,"name":"Aprova\u00e7\u00e3o e Alvar\u00e1"}]},{"@type":"WebSite","@id":"https:\/\/noblleconsultoria.com.br\/#website","url":"https:\/\/noblleconsultoria.com.br\/","name":"Noblle consultoria","description":"Regulariza\u00e7\u00e3o de im\u00f3vel","publisher":{"@id":"https:\/\/noblleconsultoria.com.br\/#organization"},"potentialAction":[{"@type":"SearchAction","target":{"@type":"EntryPoint","urlTemplate":"https:\/\/noblleconsultoria.com.br\/?s={search_term_string}"},"query-input":"required name=search_term_string"}],"inLanguage":"pt-BR"},{"@type":"Organization","@id":"https:\/\/noblleconsultoria.com.br\/#organization","name":"Noblle consultoria","url":"https:\/\/noblleconsultoria.com.br\/","logo":{"@type":"ImageObject","inLanguage":"pt-BR","@id":"https:\/\/noblleconsultoria.com.br\/#\/schema\/logo\/image\/","url":"https:\/\/noblleconsultoria.com.br\/wp-content\/uploads\/2017\/02\/noblle-consultoria.jpg","contentUrl":"https:\/\/noblleconsultoria.com.br\/wp-content\/uploads\/2017\/02\/noblle-consultoria.jpg","width":215,"height":121,"caption":"Noblle consultoria"},"image":{"@id":"https:\/\/noblleconsultoria.com.br\/#\/schema\/logo\/image\/"}}]}},"_links":{"self":[{"href":"https:\/\/noblleconsultoria.com.br\/index.php\/wp-json\/wp\/v2\/pages\/39"}],"collection":[{"href":"https:\/\/noblleconsultoria.com.br\/index.php\/wp-json\/wp\/v2\/pages"}],"about":[{"href":"https:\/\/noblleconsultoria.com.br\/index.php\/wp-json\/wp\/v2\/types\/page"}],"author":[{"embeddable":true,"href":"https:\/\/noblleconsultoria.com.br\/index.php\/wp-json\/wp\/v2\/users\/1"}],"replies":[{"embeddable":true,"href":"https:\/\/noblleconsultoria.com.br\/index.php\/wp-json\/wp\/v2\/comments?post=39"}],"version-history":[{"count":5,"href":"https:\/\/noblleconsultoria.com.br\/index.php\/wp-json\/wp\/v2\/pages\/39\/revisions"}],"predecessor-version":[{"id":71,"href":"https:\/\/noblleconsultoria.com.br\/index.php\/wp-json\/wp\/v2\/pages\/39\/revisions\/71"}],"wp:attachment":[{"href":"https:\/\/noblleconsultoria.com.br\/index.php\/wp-json\/wp\/v2\/media?parent=39"}],"curies":[{"name":"wp","href":"https:\/\/api.w.org\/{rel}","templated":true}]}}