{"id":50,"date":"2017-03-08T14:14:55","date_gmt":"2017-03-08T14:14:55","guid":{"rendered":"http:\/\/noblleconsultoria.com.br\/?page_id=50"},"modified":"2019-09-03T18:16:15","modified_gmt":"2019-09-03T18:16:15","slug":"noticias","status":"publish","type":"page","link":"https:\/\/noblleconsultoria.com.br\/index.php\/noticias\/","title":{"rendered":"Not\u00edcias"},"content":{"rendered":"<p>&nbsp;<\/p>\n<p><span style=\"color: #000000;\">Anistia da PMSP 2019<\/span><\/p>\n<p><span style=\"color: #000000;\">Esteja com o seu im\u00f3vel sempre em suas m\u00e3os !!!<\/span><\/p>\n<p>&nbsp;<\/p>\n<p><span style=\"color: #000000;\">\u00a0\u00a0\u00a0\u00a0\u00a0\u00a0\u00a0\u00a0\u00a0\u00a0\u00a0\u00a0\u00a0\u00a0\u00a0\u00a0\u00a0\u00a0\u00a0\u00a0\u00a0\u00a0\u00a0\u00a0\u00a0\u00a0\u00a0\u00a0\u00a0\u00a0\u00a0\u00a0\u00a0\u00a0\u00a0\u00a0\u00a0\u00a0\u00a0\u00a0\u00a0\u00a0\u00a0 <strong>Regulariza\u00e7\u00e3o de im\u00f3veis<\/strong> &#8211; <strong>Anistia de im\u00f3veis 2019 da PMSP <\/strong>&#8211; a Equipe da Noblle Consultoria localizada na zona sul de SP , atende toda a S\u00e3o Paulo, Grande S\u00e3o Paulo e Grande Campinas, est\u00e1 preparada para atender anistia de im\u00f3veis da PMSP , atrav\u00e9s de uma lei, a Prefeitura perdoa as constru\u00e7\u00f5es irregulares, sendo viabilizado por um processo protocolado junto a PMSP, onde se formaliza o pedido de regulariza\u00e7\u00e3o .<\/span><\/p>\n<p><span style=\"color: #000000;\">Documentos<strong>:<\/strong><\/span><\/p>\n<ul>\n<li><span style=\"color: #000000;\">\u00a0\u00a0 Planta Baixa<\/span><\/li>\n<\/ul>\n<ul>\n<li><span style=\"color: #000000;\">\u00a0\u00a0 Registro de im\u00f3veis, ou documento de propriedade do im\u00f3vel<\/span><\/li>\n<\/ul>\n<ul>\n<li><span style=\"color: #000000;\">\u00a0\u00a0 IPTU<\/span><\/li>\n<\/ul>\n<ul>\n<li><span style=\"color: #000000;\">\u00a0\u00a0 Hist\u00f3rico do im\u00f3vel<\/span><\/li>\n<\/ul>\n<ul>\n<li><span style=\"color: #000000;\">\u00a0\u00a0 Documentos do propriet\u00e1rio CPF e RG<\/span><\/li>\n<\/ul>\n<p><span style=\"color: #000000;\"><strong>Prepare sua planta e os documentos desde j\u00e1, n\u00e3o deixe para depois, evite transtornos e atrasos.<br \/>\n<\/strong><\/span><\/p>\n<p><span style=\"color: #000000;\"><strong>Trabalhamos em toda zona sul de S\u00e3o Paulo e demais regi\u00f5es\u00a0<\/strong><\/span><\/p>\n<p><span style=\"color: #000000;\">Conte com a equipe da Noblle Consultoria.<\/span><\/p>\n<p>&nbsp;<\/p>\n","protected":false},"excerpt":{"rendered":"<p>&nbsp; Anistia da PMSP 2019 Esteja com o seu im\u00f3vel sempre em suas m\u00e3os !!! &nbsp; \u00a0\u00a0\u00a0\u00a0\u00a0\u00a0\u00a0\u00a0\u00a0\u00a0\u00a0\u00a0\u00a0\u00a0\u00a0\u00a0\u00a0\u00a0\u00a0\u00a0\u00a0\u00a0\u00a0\u00a0\u00a0\u00a0\u00a0\u00a0\u00a0\u00a0\u00a0\u00a0\u00a0\u00a0\u00a0\u00a0\u00a0\u00a0\u00a0\u00a0\u00a0\u00a0\u00a0 Regulariza\u00e7\u00e3o de im\u00f3veis &#8211; Anistia de im\u00f3veis 2019 da PMSP &#8211; a Equipe da Noblle Consultoria localizada na zona sul de SP , atende toda a S\u00e3o Paulo, Grande S\u00e3o Paulo e Grande Campinas, est\u00e1 preparada para atender<\/p>\n","protected":false},"author":1,"featured_media":0,"parent":0,"menu_order":0,"comment_status":"closed","ping_status":"closed","template":"","meta":[],"yoast_head":"<!-- This site is optimized with the Yoast SEO plugin v19.11 - https:\/\/yoast.com\/wordpress\/plugins\/seo\/ -->\n<title>Not\u00edcias - Noblle consultoria<\/title>\n<meta name=\"robots\" content=\"index, follow, max-snippet:-1, max-image-preview:large, max-video-preview:-1\" \/>\n<link rel=\"canonical\" href=\"http:\/\/noblleconsultoria.com.br\/index.php\/noticias\/\" \/>\n<meta property=\"og:locale\" content=\"pt_BR\" \/>\n<meta property=\"og:type\" content=\"article\" \/>\n<meta property=\"og:title\" content=\"Not\u00edcias - Noblle consultoria\" \/>\n<meta property=\"og:description\" content=\"&nbsp; Anistia da PMSP 2019 Esteja com o seu im\u00f3vel sempre em suas m\u00e3os !!! &nbsp; \u00a0\u00a0\u00a0\u00a0\u00a0\u00a0\u00a0\u00a0\u00a0\u00a0\u00a0\u00a0\u00a0\u00a0\u00a0\u00a0\u00a0\u00a0\u00a0\u00a0\u00a0\u00a0\u00a0\u00a0\u00a0\u00a0\u00a0\u00a0\u00a0\u00a0\u00a0\u00a0\u00a0\u00a0\u00a0\u00a0\u00a0\u00a0\u00a0\u00a0\u00a0\u00a0\u00a0 Regulariza\u00e7\u00e3o de im\u00f3veis &#8211; Anistia de im\u00f3veis 2019 da PMSP &#8211; a Equipe da Noblle Consultoria localizada na zona sul de SP , atende toda a S\u00e3o Paulo, Grande S\u00e3o Paulo e Grande Campinas, est\u00e1 preparada para atender\" \/>\n<meta property=\"og:url\" content=\"http:\/\/noblleconsultoria.com.br\/index.php\/noticias\/\" \/>\n<meta property=\"og:site_name\" content=\"Noblle consultoria\" \/>\n<meta property=\"article:modified_time\" content=\"2019-09-03T18:16:15+00:00\" \/>\n<meta name=\"twitter:card\" content=\"summary_large_image\" \/>\n<meta name=\"twitter:label1\" content=\"Est. tempo de leitura\" \/>\n\t<meta name=\"twitter:data1\" content=\"1 minuto\" \/>\n<script type=\"application\/ld+json\" class=\"yoast-schema-graph\">{\"@context\":\"https:\/\/schema.org\",\"@graph\":[{\"@type\":\"WebPage\",\"@id\":\"http:\/\/noblleconsultoria.com.br\/index.php\/noticias\/\",\"url\":\"http:\/\/noblleconsultoria.com.br\/index.php\/noticias\/\",\"name\":\"Not\u00edcias - Noblle consultoria\",\"isPartOf\":{\"@id\":\"https:\/\/noblleconsultoria.com.br\/#website\"},\"datePublished\":\"2017-03-08T14:14:55+00:00\",\"dateModified\":\"2019-09-03T18:16:15+00:00\",\"breadcrumb\":{\"@id\":\"http:\/\/noblleconsultoria.com.br\/index.php\/noticias\/#breadcrumb\"},\"inLanguage\":\"pt-BR\",\"potentialAction\":[{\"@type\":\"ReadAction\",\"target\":[\"http:\/\/noblleconsultoria.com.br\/index.php\/noticias\/\"]}]},{\"@type\":\"BreadcrumbList\",\"@id\":\"http:\/\/noblleconsultoria.com.br\/index.php\/noticias\/#breadcrumb\",\"itemListElement\":[{\"@type\":\"ListItem\",\"position\":1,\"name\":\"In\u00edcio\",\"item\":\"https:\/\/noblleconsultoria.com.br\/\"},{\"@type\":\"ListItem\",\"position\":2,\"name\":\"Not\u00edcias\"}]},{\"@type\":\"WebSite\",\"@id\":\"https:\/\/noblleconsultoria.com.br\/#website\",\"url\":\"https:\/\/noblleconsultoria.com.br\/\",\"name\":\"Noblle consultoria\",\"description\":\"Regulariza\u00e7\u00e3o de im\u00f3vel\",\"publisher\":{\"@id\":\"https:\/\/noblleconsultoria.com.br\/#organization\"},\"potentialAction\":[{\"@type\":\"SearchAction\",\"target\":{\"@type\":\"EntryPoint\",\"urlTemplate\":\"https:\/\/noblleconsultoria.com.br\/?s={search_term_string}\"},\"query-input\":\"required name=search_term_string\"}],\"inLanguage\":\"pt-BR\"},{\"@type\":\"Organization\",\"@id\":\"https:\/\/noblleconsultoria.com.br\/#organization\",\"name\":\"Noblle consultoria\",\"url\":\"https:\/\/noblleconsultoria.com.br\/\",\"logo\":{\"@type\":\"ImageObject\",\"inLanguage\":\"pt-BR\",\"@id\":\"https:\/\/noblleconsultoria.com.br\/#\/schema\/logo\/image\/\",\"url\":\"https:\/\/noblleconsultoria.com.br\/wp-content\/uploads\/2017\/02\/noblle-consultoria.jpg\",\"contentUrl\":\"https:\/\/noblleconsultoria.com.br\/wp-content\/uploads\/2017\/02\/noblle-consultoria.jpg\",\"width\":215,\"height\":121,\"caption\":\"Noblle consultoria\"},\"image\":{\"@id\":\"https:\/\/noblleconsultoria.com.br\/#\/schema\/logo\/image\/\"}}]}<\/script>\n<!-- \/ Yoast SEO plugin. -->","yoast_head_json":{"title":"Not\u00edcias - Noblle consultoria","robots":{"index":"index","follow":"follow","max-snippet":"max-snippet:-1","max-image-preview":"max-image-preview:large","max-video-preview":"max-video-preview:-1"},"canonical":"http:\/\/noblleconsultoria.com.br\/index.php\/noticias\/","og_locale":"pt_BR","og_type":"article","og_title":"Not\u00edcias - Noblle consultoria","og_description":"&nbsp; Anistia da PMSP 2019 Esteja com o seu im\u00f3vel sempre em suas m\u00e3os !!! &nbsp; \u00a0\u00a0\u00a0\u00a0\u00a0\u00a0\u00a0\u00a0\u00a0\u00a0\u00a0\u00a0\u00a0\u00a0\u00a0\u00a0\u00a0\u00a0\u00a0\u00a0\u00a0\u00a0\u00a0\u00a0\u00a0\u00a0\u00a0\u00a0\u00a0\u00a0\u00a0\u00a0\u00a0\u00a0\u00a0\u00a0\u00a0\u00a0\u00a0\u00a0\u00a0\u00a0\u00a0 Regulariza\u00e7\u00e3o de im\u00f3veis &#8211; Anistia de im\u00f3veis 2019 da PMSP &#8211; a Equipe da Noblle Consultoria localizada na zona sul de SP , atende toda a S\u00e3o Paulo, Grande S\u00e3o Paulo e Grande Campinas, est\u00e1 preparada para atender","og_url":"http:\/\/noblleconsultoria.com.br\/index.php\/noticias\/","og_site_name":"Noblle consultoria","article_modified_time":"2019-09-03T18:16:15+00:00","twitter_card":"summary_large_image","twitter_misc":{"Est. tempo de leitura":"1 minuto"},"schema":{"@context":"https:\/\/schema.org","@graph":[{"@type":"WebPage","@id":"http:\/\/noblleconsultoria.com.br\/index.php\/noticias\/","url":"http:\/\/noblleconsultoria.com.br\/index.php\/noticias\/","name":"Not\u00edcias - Noblle consultoria","isPartOf":{"@id":"https:\/\/noblleconsultoria.com.br\/#website"},"datePublished":"2017-03-08T14:14:55+00:00","dateModified":"2019-09-03T18:16:15+00:00","breadcrumb":{"@id":"http:\/\/noblleconsultoria.com.br\/index.php\/noticias\/#breadcrumb"},"inLanguage":"pt-BR","potentialAction":[{"@type":"ReadAction","target":["http:\/\/noblleconsultoria.com.br\/index.php\/noticias\/"]}]},{"@type":"BreadcrumbList","@id":"http:\/\/noblleconsultoria.com.br\/index.php\/noticias\/#breadcrumb","itemListElement":[{"@type":"ListItem","position":1,"name":"In\u00edcio","item":"https:\/\/noblleconsultoria.com.br\/"},{"@type":"ListItem","position":2,"name":"Not\u00edcias"}]},{"@type":"WebSite","@id":"https:\/\/noblleconsultoria.com.br\/#website","url":"https:\/\/noblleconsultoria.com.br\/","name":"Noblle consultoria","description":"Regulariza\u00e7\u00e3o de im\u00f3vel","publisher":{"@id":"https:\/\/noblleconsultoria.com.br\/#organization"},"potentialAction":[{"@type":"SearchAction","target":{"@type":"EntryPoint","urlTemplate":"https:\/\/noblleconsultoria.com.br\/?s={search_term_string}"},"query-input":"required name=search_term_string"}],"inLanguage":"pt-BR"},{"@type":"Organization","@id":"https:\/\/noblleconsultoria.com.br\/#organization","name":"Noblle consultoria","url":"https:\/\/noblleconsultoria.com.br\/","logo":{"@type":"ImageObject","inLanguage":"pt-BR","@id":"https:\/\/noblleconsultoria.com.br\/#\/schema\/logo\/image\/","url":"https:\/\/noblleconsultoria.com.br\/wp-content\/uploads\/2017\/02\/noblle-consultoria.jpg","contentUrl":"https:\/\/noblleconsultoria.com.br\/wp-content\/uploads\/2017\/02\/noblle-consultoria.jpg","width":215,"height":121,"caption":"Noblle consultoria"},"image":{"@id":"https:\/\/noblleconsultoria.com.br\/#\/schema\/logo\/image\/"}}]}},"_links":{"self":[{"href":"https:\/\/noblleconsultoria.com.br\/index.php\/wp-json\/wp\/v2\/pages\/50"}],"collection":[{"href":"https:\/\/noblleconsultoria.com.br\/index.php\/wp-json\/wp\/v2\/pages"}],"about":[{"href":"https:\/\/noblleconsultoria.com.br\/index.php\/wp-json\/wp\/v2\/types\/page"}],"author":[{"embeddable":true,"href":"https:\/\/noblleconsultoria.com.br\/index.php\/wp-json\/wp\/v2\/users\/1"}],"replies":[{"embeddable":true,"href":"https:\/\/noblleconsultoria.com.br\/index.php\/wp-json\/wp\/v2\/comments?post=50"}],"version-history":[{"count":5,"href":"https:\/\/noblleconsultoria.com.br\/index.php\/wp-json\/wp\/v2\/pages\/50\/revisions"}],"predecessor-version":[{"id":328,"href":"https:\/\/noblleconsultoria.com.br\/index.php\/wp-json\/wp\/v2\/pages\/50\/revisions\/328"}],"wp:attachment":[{"href":"https:\/\/noblleconsultoria.com.br\/index.php\/wp-json\/wp\/v2\/media?parent=50"}],"curies":[{"name":"wp","href":"https:\/\/api.w.org\/{rel}","templated":true}]}}