{"id":63,"date":"2017-03-09T22:31:18","date_gmt":"2017-03-09T22:31:18","guid":{"rendered":"http:\/\/noblleconsultoria.com.br\/?page_id=63"},"modified":"2017-04-03T18:42:20","modified_gmt":"2017-04-03T18:42:20","slug":"bombeiros","status":"publish","type":"page","link":"https:\/\/noblleconsultoria.com.br\/index.php\/bombeiros\/","title":{"rendered":"Bombeiros"},"content":{"rendered":"<p><span style=\"color: #000000;\"><strong><img decoding=\"async\" loading=\"lazy\" class=\"size-full wp-image-279 aligncenter\" src=\"http:\/\/noblleconsultoria.com.br\/wp-content\/uploads\/2017\/03\/Bombeiro.jpg\" alt=\"\" width=\"558\" height=\"178\" srcset=\"https:\/\/noblleconsultoria.com.br\/wp-content\/uploads\/2017\/03\/Bombeiro.jpg 558w, https:\/\/noblleconsultoria.com.br\/wp-content\/uploads\/2017\/03\/Bombeiro-300x96.jpg 300w\" sizes=\"(max-width: 558px) 100vw, 558px\" \/>Corpo de Bombeiros<\/strong><\/span><\/p>\n<p><span style=\"color: #000000;\">AVCB &#8211; Auto de Vistoria Final<\/span><\/p>\n<p><span style=\"color: #000000;\">Laudos T\u00e9cnicos e Atestados<\/span><\/p>\n<p><span style=\"color: #000000;\">Projeto T\u00e9cnico\u00a0<\/span><\/p>\n<p><span style=\"color: #000000;\"><strong>Projeto de bombeiro<\/strong><\/span><\/p>\n<p><span style=\"color: #000000;\">Fazemos seu AVCB (Auto de Vistoria do Corpo de Bombeiros) de acordo com o decreto que regulamenta os procedimentos\u00a0 de seguran\u00e7a contra inc\u00eandio .<\/span><\/p>\n<p><span style=\"color: #000000;\">Auto de Vistoria do Corpo de Bombeiros \u00e9 documento que certifica que a edifica\u00e7\u00e3o atende as exig\u00eancias\u00a0 quanto a prote\u00e7\u00e3o contra inc\u00eandios.<strong>\u00a0<\/strong><\/span><\/p>\n<p><span style=\"color: #000000;\">O projeto de bombeiro \u00e9 composto por:<\/span><\/p>\n<ol>\n<li><span style=\"color: #000000;\"><strong>a)<\/strong> cart\u00e3o de identifica\u00e7\u00e3o;<\/span><\/li>\n<\/ol>\n<p><span style=\"color: #000000;\"><strong>b )<\/strong>pasta do Projeto t\u00e9cnico;<\/span><\/p>\n<ol>\n<li><span style=\"color: #000000;\"><strong>c) <\/strong>formul\u00e1rio de seguran\u00e7a contra inc\u00eandio;<\/span><\/li>\n<li><span style=\"color: #000000;\"><strong>d) <\/strong>procura\u00e7\u00e3o do propriet\u00e1rio, quando este transferir seu poder de signat\u00e1rio;<\/span><\/li>\n<li><span style=\"color: #000000;\"><strong>e)<\/strong> anota\u00e7\u00e3o de responsabilidade t\u00e9cnica (ART) do respons\u00e1vel t\u00e9cnico pela elabora\u00e7\u00e3o do Projeto T\u00e9cnico, que deve ser juntada na via que fica no Corpo de Bombeiros;<\/span><\/li>\n<li><span style=\"color: #000000;\"><strong>f)<\/strong> documentos complementares \u00a0solicitados, quando necess\u00e1rio;<\/span><\/li>\n<li><span style=\"color: #000000;\"><strong>g) <\/strong>planta de risco de inc\u00eandio (implanta\u00e7\u00e3o), em duas vias, onde houver exig\u00eancia;<\/span><\/li>\n<li><span style=\"color: #000000;\"><strong>h)<\/strong> planta das medidas de seguran\u00e7a contra inc\u00eandio (planta de bombeiro)<\/span><\/li>\n<\/ol>\n<p><span style=\"color: #000000;\"><strong>\u00a0<\/strong><\/span><\/p>\n<p><span style=\"color: #000000;\"><strong>Nossos Servi\u00e7os <\/strong><\/span><\/p>\n<p><span style=\"color: #000000;\"><strong>\u00a0<\/strong><\/span><\/p>\n<ul>\n<li><span style=\"color: #000000;\">Assessoria para Obten\u00e7\u00e3o do AVCB<\/span><\/li>\n<li><span style=\"color: #000000;\">Elabora\u00e7\u00e3o de Projetos de Sistema de Combate a Inc\u00eandio<\/span><\/li>\n<li><span style=\"color: #000000;\">Execu\u00e7\u00e3o de Projetos de Sistema de Combate a Inc\u00eandio<\/span><\/li>\n<li><span style=\"color: #000000;\">Instala\u00e7\u00e3o de Sistemas de Combate a Inc\u00eandios<\/span><\/li>\n<li><span style=\"color: #000000;\">Laudos e Atestados<\/span><\/li>\n<li><span style=\"color: #000000;\">Treinamento de Brigada de Inc\u00eandio<\/span><\/li>\n<li><span style=\"color: #000000;\">Treinamento de Primeiros Socorros<\/span><\/li>\n<li><span style=\"color: #000000;\">Treinamento de Abandono<\/span><\/li>\n<\/ul>\n<p>&nbsp;<\/p>\n","protected":false},"excerpt":{"rendered":"<p>Corpo de Bombeiros AVCB &#8211; Auto de Vistoria Final Laudos T\u00e9cnicos e Atestados Projeto T\u00e9cnico\u00a0 Projeto de bombeiro Fazemos seu AVCB (Auto de Vistoria do Corpo de Bombeiros) de acordo com o decreto que regulamenta os procedimentos\u00a0 de seguran\u00e7a contra inc\u00eandio . Auto de Vistoria do Corpo de Bombeiros \u00e9 documento que certifica que a<\/p>\n","protected":false},"author":1,"featured_media":0,"parent":0,"menu_order":0,"comment_status":"closed","ping_status":"closed","template":"","meta":[],"yoast_head":"<!-- This site is optimized with the Yoast SEO plugin v19.11 - https:\/\/yoast.com\/wordpress\/plugins\/seo\/ -->\n<title>Bombeiros - Noblle consultoria<\/title>\n<meta name=\"robots\" content=\"index, follow, max-snippet:-1, max-image-preview:large, max-video-preview:-1\" \/>\n<link rel=\"canonical\" href=\"http:\/\/noblleconsultoria.com.br\/index.php\/bombeiros\/\" \/>\n<meta property=\"og:locale\" content=\"pt_BR\" \/>\n<meta property=\"og:type\" content=\"article\" \/>\n<meta property=\"og:title\" content=\"Bombeiros - Noblle consultoria\" \/>\n<meta property=\"og:description\" content=\"Corpo de Bombeiros AVCB &#8211; Auto de Vistoria Final Laudos T\u00e9cnicos e Atestados Projeto T\u00e9cnico\u00a0 Projeto de bombeiro Fazemos seu AVCB (Auto de Vistoria do Corpo de Bombeiros) de acordo com o decreto que regulamenta os procedimentos\u00a0 de seguran\u00e7a contra inc\u00eandio . Auto de Vistoria do Corpo de Bombeiros \u00e9 documento que certifica que a\" \/>\n<meta property=\"og:url\" content=\"http:\/\/noblleconsultoria.com.br\/index.php\/bombeiros\/\" \/>\n<meta property=\"og:site_name\" content=\"Noblle consultoria\" \/>\n<meta property=\"article:modified_time\" content=\"2017-04-03T18:42:20+00:00\" \/>\n<meta property=\"og:image\" content=\"http:\/\/noblleconsultoria.com.br\/wp-content\/uploads\/2017\/03\/Bombeiro.jpg\" \/>\n<meta name=\"twitter:card\" content=\"summary_large_image\" \/>\n<meta name=\"twitter:label1\" content=\"Est. tempo de leitura\" \/>\n\t<meta name=\"twitter:data1\" content=\"1 minuto\" \/>\n<script type=\"application\/ld+json\" class=\"yoast-schema-graph\">{\"@context\":\"https:\/\/schema.org\",\"@graph\":[{\"@type\":\"WebPage\",\"@id\":\"http:\/\/noblleconsultoria.com.br\/index.php\/bombeiros\/\",\"url\":\"http:\/\/noblleconsultoria.com.br\/index.php\/bombeiros\/\",\"name\":\"Bombeiros - Noblle consultoria\",\"isPartOf\":{\"@id\":\"https:\/\/noblleconsultoria.com.br\/#website\"},\"datePublished\":\"2017-03-09T22:31:18+00:00\",\"dateModified\":\"2017-04-03T18:42:20+00:00\",\"breadcrumb\":{\"@id\":\"http:\/\/noblleconsultoria.com.br\/index.php\/bombeiros\/#breadcrumb\"},\"inLanguage\":\"pt-BR\",\"potentialAction\":[{\"@type\":\"ReadAction\",\"target\":[\"http:\/\/noblleconsultoria.com.br\/index.php\/bombeiros\/\"]}]},{\"@type\":\"BreadcrumbList\",\"@id\":\"http:\/\/noblleconsultoria.com.br\/index.php\/bombeiros\/#breadcrumb\",\"itemListElement\":[{\"@type\":\"ListItem\",\"position\":1,\"name\":\"In\u00edcio\",\"item\":\"https:\/\/noblleconsultoria.com.br\/\"},{\"@type\":\"ListItem\",\"position\":2,\"name\":\"Bombeiros\"}]},{\"@type\":\"WebSite\",\"@id\":\"https:\/\/noblleconsultoria.com.br\/#website\",\"url\":\"https:\/\/noblleconsultoria.com.br\/\",\"name\":\"Noblle consultoria\",\"description\":\"Regulariza\u00e7\u00e3o de im\u00f3vel\",\"publisher\":{\"@id\":\"https:\/\/noblleconsultoria.com.br\/#organization\"},\"potentialAction\":[{\"@type\":\"SearchAction\",\"target\":{\"@type\":\"EntryPoint\",\"urlTemplate\":\"https:\/\/noblleconsultoria.com.br\/?s={search_term_string}\"},\"query-input\":\"required name=search_term_string\"}],\"inLanguage\":\"pt-BR\"},{\"@type\":\"Organization\",\"@id\":\"https:\/\/noblleconsultoria.com.br\/#organization\",\"name\":\"Noblle consultoria\",\"url\":\"https:\/\/noblleconsultoria.com.br\/\",\"logo\":{\"@type\":\"ImageObject\",\"inLanguage\":\"pt-BR\",\"@id\":\"https:\/\/noblleconsultoria.com.br\/#\/schema\/logo\/image\/\",\"url\":\"https:\/\/noblleconsultoria.com.br\/wp-content\/uploads\/2017\/02\/noblle-consultoria.jpg\",\"contentUrl\":\"https:\/\/noblleconsultoria.com.br\/wp-content\/uploads\/2017\/02\/noblle-consultoria.jpg\",\"width\":215,\"height\":121,\"caption\":\"Noblle consultoria\"},\"image\":{\"@id\":\"https:\/\/noblleconsultoria.com.br\/#\/schema\/logo\/image\/\"}}]}<\/script>\n<!-- \/ Yoast SEO plugin. -->","yoast_head_json":{"title":"Bombeiros - Noblle consultoria","robots":{"index":"index","follow":"follow","max-snippet":"max-snippet:-1","max-image-preview":"max-image-preview:large","max-video-preview":"max-video-preview:-1"},"canonical":"http:\/\/noblleconsultoria.com.br\/index.php\/bombeiros\/","og_locale":"pt_BR","og_type":"article","og_title":"Bombeiros - Noblle consultoria","og_description":"Corpo de Bombeiros AVCB &#8211; Auto de Vistoria Final Laudos T\u00e9cnicos e Atestados Projeto T\u00e9cnico\u00a0 Projeto de bombeiro Fazemos seu AVCB (Auto de Vistoria do Corpo de Bombeiros) de acordo com o decreto que regulamenta os procedimentos\u00a0 de seguran\u00e7a contra inc\u00eandio . Auto de Vistoria do Corpo de Bombeiros \u00e9 documento que certifica que a","og_url":"http:\/\/noblleconsultoria.com.br\/index.php\/bombeiros\/","og_site_name":"Noblle consultoria","article_modified_time":"2017-04-03T18:42:20+00:00","og_image":[{"url":"http:\/\/noblleconsultoria.com.br\/wp-content\/uploads\/2017\/03\/Bombeiro.jpg"}],"twitter_card":"summary_large_image","twitter_misc":{"Est. tempo de leitura":"1 minuto"},"schema":{"@context":"https:\/\/schema.org","@graph":[{"@type":"WebPage","@id":"http:\/\/noblleconsultoria.com.br\/index.php\/bombeiros\/","url":"http:\/\/noblleconsultoria.com.br\/index.php\/bombeiros\/","name":"Bombeiros - Noblle consultoria","isPartOf":{"@id":"https:\/\/noblleconsultoria.com.br\/#website"},"datePublished":"2017-03-09T22:31:18+00:00","dateModified":"2017-04-03T18:42:20+00:00","breadcrumb":{"@id":"http:\/\/noblleconsultoria.com.br\/index.php\/bombeiros\/#breadcrumb"},"inLanguage":"pt-BR","potentialAction":[{"@type":"ReadAction","target":["http:\/\/noblleconsultoria.com.br\/index.php\/bombeiros\/"]}]},{"@type":"BreadcrumbList","@id":"http:\/\/noblleconsultoria.com.br\/index.php\/bombeiros\/#breadcrumb","itemListElement":[{"@type":"ListItem","position":1,"name":"In\u00edcio","item":"https:\/\/noblleconsultoria.com.br\/"},{"@type":"ListItem","position":2,"name":"Bombeiros"}]},{"@type":"WebSite","@id":"https:\/\/noblleconsultoria.com.br\/#website","url":"https:\/\/noblleconsultoria.com.br\/","name":"Noblle consultoria","description":"Regulariza\u00e7\u00e3o de im\u00f3vel","publisher":{"@id":"https:\/\/noblleconsultoria.com.br\/#organization"},"potentialAction":[{"@type":"SearchAction","target":{"@type":"EntryPoint","urlTemplate":"https:\/\/noblleconsultoria.com.br\/?s={search_term_string}"},"query-input":"required name=search_term_string"}],"inLanguage":"pt-BR"},{"@type":"Organization","@id":"https:\/\/noblleconsultoria.com.br\/#organization","name":"Noblle consultoria","url":"https:\/\/noblleconsultoria.com.br\/","logo":{"@type":"ImageObject","inLanguage":"pt-BR","@id":"https:\/\/noblleconsultoria.com.br\/#\/schema\/logo\/image\/","url":"https:\/\/noblleconsultoria.com.br\/wp-content\/uploads\/2017\/02\/noblle-consultoria.jpg","contentUrl":"https:\/\/noblleconsultoria.com.br\/wp-content\/uploads\/2017\/02\/noblle-consultoria.jpg","width":215,"height":121,"caption":"Noblle consultoria"},"image":{"@id":"https:\/\/noblleconsultoria.com.br\/#\/schema\/logo\/image\/"}}]}},"_links":{"self":[{"href":"https:\/\/noblleconsultoria.com.br\/index.php\/wp-json\/wp\/v2\/pages\/63"}],"collection":[{"href":"https:\/\/noblleconsultoria.com.br\/index.php\/wp-json\/wp\/v2\/pages"}],"about":[{"href":"https:\/\/noblleconsultoria.com.br\/index.php\/wp-json\/wp\/v2\/types\/page"}],"author":[{"embeddable":true,"href":"https:\/\/noblleconsultoria.com.br\/index.php\/wp-json\/wp\/v2\/users\/1"}],"replies":[{"embeddable":true,"href":"https:\/\/noblleconsultoria.com.br\/index.php\/wp-json\/wp\/v2\/comments?post=63"}],"version-history":[{"count":2,"href":"https:\/\/noblleconsultoria.com.br\/index.php\/wp-json\/wp\/v2\/pages\/63\/revisions"}],"predecessor-version":[{"id":280,"href":"https:\/\/noblleconsultoria.com.br\/index.php\/wp-json\/wp\/v2\/pages\/63\/revisions\/280"}],"wp:attachment":[{"href":"https:\/\/noblleconsultoria.com.br\/index.php\/wp-json\/wp\/v2\/media?parent=63"}],"curies":[{"name":"wp","href":"https:\/\/api.w.org\/{rel}","templated":true}]}}