{"id":68,"date":"2017-03-09T22:34:27","date_gmt":"2017-03-09T22:34:27","guid":{"rendered":"http:\/\/noblleconsultoria.com.br\/?page_id=68"},"modified":"2017-04-03T18:43:23","modified_gmt":"2017-04-03T18:43:23","slug":"cetesb","status":"publish","type":"page","link":"https:\/\/noblleconsultoria.com.br\/index.php\/cetesb\/","title":{"rendered":"Cetesb"},"content":{"rendered":"<h5><span style=\"color: #000000;\"><strong><img decoding=\"async\" loading=\"lazy\" class=\"size-full wp-image-281 aligncenter\" src=\"http:\/\/noblleconsultoria.com.br\/wp-content\/uploads\/2017\/03\/CETESB.jpg\" alt=\"\" width=\"558\" height=\"114\" srcset=\"https:\/\/noblleconsultoria.com.br\/wp-content\/uploads\/2017\/03\/CETESB.jpg 558w, https:\/\/noblleconsultoria.com.br\/wp-content\/uploads\/2017\/03\/CETESB-300x61.jpg 300w\" sizes=\"(max-width: 558px) 100vw, 558px\" \/>CETESB E Meio Ambiente<\/strong> <\/span><\/h5>\n<h5><span style=\"color: #000000;\"><strong>Assessoria Ambiental<\/strong><\/span><\/h5>\n<h5><span style=\"color: #000000;\"><strong>Licen\u00e7a de Opera\u00e7\u00e3o<\/strong><\/span><\/h5>\n<h5><span style=\"color: #000000;\"><strong>Licen\u00e7as Pr\u00e9via e de Instala\u00e7\u00e3o<\/strong><\/span><\/h5>\n<p>&nbsp;<\/p>\n<h2><span style=\"color: #000000;\">Assessoria Ambiental<\/span><\/h2>\n<p>Trabalhamos com amplo conhecimento espec\u00edfico, desenvolvendo solu\u00e7\u00f5es \u00fanicas e personalizadas que atendem as exig\u00eancias ambientais de empresas, ind\u00fastrias,\u00a0\u00f3rg\u00e3os\u00a0p\u00fablicos e demais agentes sociais. Sempre de forma eficaz e coerente com as necessidades econ\u00f4micas, os trabalhos desenvolvidos pela empresa atendem os requisitos legais e os par\u00e2metros da sustentabilidade ambiental.<\/p>\n<h2><span style=\"color: #000000;\">Licen\u00e7a de Opera\u00e7\u00e3o<\/span><\/h2>\n<p>Fazemos sua Certid\u00e3o de Opera\u00e7\u00e3o \u00e0 legisla\u00e7\u00e3o de uso, e funcionamento no Estado de S\u00e3o Paulo, atualizada, \u00a0tudo dentro dos crit\u00e9rios normativos do org\u00e3o emissor e perante a lei.<\/p>\n<h2><span style=\"color: #000000;\">Licen\u00e7as\u00a0 de Pr\u00e9via e de Instala\u00e7\u00e3o<\/span><strong><br \/>\n<\/strong><\/h2>\n<p>Trabalhamos com a instala\u00e7\u00e3o do empreendimento ou atividade de acordo com as especifica\u00e7\u00f5es constantes dos planos, programas e projetos aprovados, incluindo as medidas de controle ambiental e demais condicionantes, da qual constituem motivo determinante.<\/p>\n<p>&nbsp;<\/p>\n","protected":false},"excerpt":{"rendered":"<p>CETESB E Meio Ambiente Assessoria Ambiental Licen\u00e7a de Opera\u00e7\u00e3o Licen\u00e7as Pr\u00e9via e de Instala\u00e7\u00e3o &nbsp; Assessoria Ambiental Trabalhamos com amplo conhecimento espec\u00edfico, desenvolvendo solu\u00e7\u00f5es \u00fanicas e personalizadas que atendem as exig\u00eancias ambientais de empresas, ind\u00fastrias,\u00a0\u00f3rg\u00e3os\u00a0p\u00fablicos e demais agentes sociais. Sempre de forma eficaz e coerente com as necessidades econ\u00f4micas, os trabalhos desenvolvidos pela empresa atendem<\/p>\n","protected":false},"author":1,"featured_media":0,"parent":0,"menu_order":0,"comment_status":"closed","ping_status":"closed","template":"","meta":[],"yoast_head":"<!-- This site is optimized with the Yoast SEO plugin v19.11 - https:\/\/yoast.com\/wordpress\/plugins\/seo\/ -->\n<title>Cetesb - Noblle consultoria<\/title>\n<meta name=\"robots\" content=\"index, follow, max-snippet:-1, max-image-preview:large, max-video-preview:-1\" \/>\n<link rel=\"canonical\" href=\"https:\/\/noblleconsultoria.com.br\/index.php\/cetesb\/\" \/>\n<meta property=\"og:locale\" content=\"pt_BR\" \/>\n<meta property=\"og:type\" content=\"article\" \/>\n<meta property=\"og:title\" content=\"Cetesb - Noblle consultoria\" \/>\n<meta property=\"og:description\" content=\"CETESB E Meio Ambiente Assessoria Ambiental Licen\u00e7a de Opera\u00e7\u00e3o Licen\u00e7as Pr\u00e9via e de Instala\u00e7\u00e3o &nbsp; Assessoria Ambiental Trabalhamos com amplo conhecimento espec\u00edfico, desenvolvendo solu\u00e7\u00f5es \u00fanicas e personalizadas que atendem as exig\u00eancias ambientais de empresas, ind\u00fastrias,\u00a0\u00f3rg\u00e3os\u00a0p\u00fablicos e demais agentes sociais. Sempre de forma eficaz e coerente com as necessidades econ\u00f4micas, os trabalhos desenvolvidos pela empresa atendem\" \/>\n<meta property=\"og:url\" content=\"https:\/\/noblleconsultoria.com.br\/index.php\/cetesb\/\" \/>\n<meta property=\"og:site_name\" content=\"Noblle consultoria\" \/>\n<meta property=\"article:modified_time\" content=\"2017-04-03T18:43:23+00:00\" \/>\n<meta property=\"og:image\" content=\"http:\/\/noblleconsultoria.com.br\/wp-content\/uploads\/2017\/03\/CETESB.jpg\" \/>\n<meta name=\"twitter:card\" content=\"summary_large_image\" \/>\n<meta name=\"twitter:label1\" content=\"Est. tempo de leitura\" \/>\n\t<meta name=\"twitter:data1\" content=\"1 minuto\" \/>\n<script type=\"application\/ld+json\" class=\"yoast-schema-graph\">{\"@context\":\"https:\/\/schema.org\",\"@graph\":[{\"@type\":\"WebPage\",\"@id\":\"https:\/\/noblleconsultoria.com.br\/index.php\/cetesb\/\",\"url\":\"https:\/\/noblleconsultoria.com.br\/index.php\/cetesb\/\",\"name\":\"Cetesb - Noblle consultoria\",\"isPartOf\":{\"@id\":\"https:\/\/noblleconsultoria.com.br\/#website\"},\"datePublished\":\"2017-03-09T22:34:27+00:00\",\"dateModified\":\"2017-04-03T18:43:23+00:00\",\"breadcrumb\":{\"@id\":\"https:\/\/noblleconsultoria.com.br\/index.php\/cetesb\/#breadcrumb\"},\"inLanguage\":\"pt-BR\",\"potentialAction\":[{\"@type\":\"ReadAction\",\"target\":[\"https:\/\/noblleconsultoria.com.br\/index.php\/cetesb\/\"]}]},{\"@type\":\"BreadcrumbList\",\"@id\":\"https:\/\/noblleconsultoria.com.br\/index.php\/cetesb\/#breadcrumb\",\"itemListElement\":[{\"@type\":\"ListItem\",\"position\":1,\"name\":\"In\u00edcio\",\"item\":\"https:\/\/noblleconsultoria.com.br\/\"},{\"@type\":\"ListItem\",\"position\":2,\"name\":\"Cetesb\"}]},{\"@type\":\"WebSite\",\"@id\":\"https:\/\/noblleconsultoria.com.br\/#website\",\"url\":\"https:\/\/noblleconsultoria.com.br\/\",\"name\":\"Noblle consultoria\",\"description\":\"Regulariza\u00e7\u00e3o de im\u00f3vel\",\"publisher\":{\"@id\":\"https:\/\/noblleconsultoria.com.br\/#organization\"},\"potentialAction\":[{\"@type\":\"SearchAction\",\"target\":{\"@type\":\"EntryPoint\",\"urlTemplate\":\"https:\/\/noblleconsultoria.com.br\/?s={search_term_string}\"},\"query-input\":\"required name=search_term_string\"}],\"inLanguage\":\"pt-BR\"},{\"@type\":\"Organization\",\"@id\":\"https:\/\/noblleconsultoria.com.br\/#organization\",\"name\":\"Noblle consultoria\",\"url\":\"https:\/\/noblleconsultoria.com.br\/\",\"logo\":{\"@type\":\"ImageObject\",\"inLanguage\":\"pt-BR\",\"@id\":\"https:\/\/noblleconsultoria.com.br\/#\/schema\/logo\/image\/\",\"url\":\"https:\/\/noblleconsultoria.com.br\/wp-content\/uploads\/2017\/02\/noblle-consultoria.jpg\",\"contentUrl\":\"https:\/\/noblleconsultoria.com.br\/wp-content\/uploads\/2017\/02\/noblle-consultoria.jpg\",\"width\":215,\"height\":121,\"caption\":\"Noblle consultoria\"},\"image\":{\"@id\":\"https:\/\/noblleconsultoria.com.br\/#\/schema\/logo\/image\/\"}}]}<\/script>\n<!-- \/ Yoast SEO plugin. -->","yoast_head_json":{"title":"Cetesb - Noblle consultoria","robots":{"index":"index","follow":"follow","max-snippet":"max-snippet:-1","max-image-preview":"max-image-preview:large","max-video-preview":"max-video-preview:-1"},"canonical":"https:\/\/noblleconsultoria.com.br\/index.php\/cetesb\/","og_locale":"pt_BR","og_type":"article","og_title":"Cetesb - Noblle consultoria","og_description":"CETESB E Meio Ambiente Assessoria Ambiental Licen\u00e7a de Opera\u00e7\u00e3o Licen\u00e7as Pr\u00e9via e de Instala\u00e7\u00e3o &nbsp; Assessoria Ambiental Trabalhamos com amplo conhecimento espec\u00edfico, desenvolvendo solu\u00e7\u00f5es \u00fanicas e personalizadas que atendem as exig\u00eancias ambientais de empresas, ind\u00fastrias,\u00a0\u00f3rg\u00e3os\u00a0p\u00fablicos e demais agentes sociais. Sempre de forma eficaz e coerente com as necessidades econ\u00f4micas, os trabalhos desenvolvidos pela empresa atendem","og_url":"https:\/\/noblleconsultoria.com.br\/index.php\/cetesb\/","og_site_name":"Noblle consultoria","article_modified_time":"2017-04-03T18:43:23+00:00","og_image":[{"url":"http:\/\/noblleconsultoria.com.br\/wp-content\/uploads\/2017\/03\/CETESB.jpg"}],"twitter_card":"summary_large_image","twitter_misc":{"Est. tempo de leitura":"1 minuto"},"schema":{"@context":"https:\/\/schema.org","@graph":[{"@type":"WebPage","@id":"https:\/\/noblleconsultoria.com.br\/index.php\/cetesb\/","url":"https:\/\/noblleconsultoria.com.br\/index.php\/cetesb\/","name":"Cetesb - Noblle consultoria","isPartOf":{"@id":"https:\/\/noblleconsultoria.com.br\/#website"},"datePublished":"2017-03-09T22:34:27+00:00","dateModified":"2017-04-03T18:43:23+00:00","breadcrumb":{"@id":"https:\/\/noblleconsultoria.com.br\/index.php\/cetesb\/#breadcrumb"},"inLanguage":"pt-BR","potentialAction":[{"@type":"ReadAction","target":["https:\/\/noblleconsultoria.com.br\/index.php\/cetesb\/"]}]},{"@type":"BreadcrumbList","@id":"https:\/\/noblleconsultoria.com.br\/index.php\/cetesb\/#breadcrumb","itemListElement":[{"@type":"ListItem","position":1,"name":"In\u00edcio","item":"https:\/\/noblleconsultoria.com.br\/"},{"@type":"ListItem","position":2,"name":"Cetesb"}]},{"@type":"WebSite","@id":"https:\/\/noblleconsultoria.com.br\/#website","url":"https:\/\/noblleconsultoria.com.br\/","name":"Noblle consultoria","description":"Regulariza\u00e7\u00e3o de im\u00f3vel","publisher":{"@id":"https:\/\/noblleconsultoria.com.br\/#organization"},"potentialAction":[{"@type":"SearchAction","target":{"@type":"EntryPoint","urlTemplate":"https:\/\/noblleconsultoria.com.br\/?s={search_term_string}"},"query-input":"required name=search_term_string"}],"inLanguage":"pt-BR"},{"@type":"Organization","@id":"https:\/\/noblleconsultoria.com.br\/#organization","name":"Noblle consultoria","url":"https:\/\/noblleconsultoria.com.br\/","logo":{"@type":"ImageObject","inLanguage":"pt-BR","@id":"https:\/\/noblleconsultoria.com.br\/#\/schema\/logo\/image\/","url":"https:\/\/noblleconsultoria.com.br\/wp-content\/uploads\/2017\/02\/noblle-consultoria.jpg","contentUrl":"https:\/\/noblleconsultoria.com.br\/wp-content\/uploads\/2017\/02\/noblle-consultoria.jpg","width":215,"height":121,"caption":"Noblle consultoria"},"image":{"@id":"https:\/\/noblleconsultoria.com.br\/#\/schema\/logo\/image\/"}}]}},"_links":{"self":[{"href":"https:\/\/noblleconsultoria.com.br\/index.php\/wp-json\/wp\/v2\/pages\/68"}],"collection":[{"href":"https:\/\/noblleconsultoria.com.br\/index.php\/wp-json\/wp\/v2\/pages"}],"about":[{"href":"https:\/\/noblleconsultoria.com.br\/index.php\/wp-json\/wp\/v2\/types\/page"}],"author":[{"embeddable":true,"href":"https:\/\/noblleconsultoria.com.br\/index.php\/wp-json\/wp\/v2\/users\/1"}],"replies":[{"embeddable":true,"href":"https:\/\/noblleconsultoria.com.br\/index.php\/wp-json\/wp\/v2\/comments?post=68"}],"version-history":[{"count":13,"href":"https:\/\/noblleconsultoria.com.br\/index.php\/wp-json\/wp\/v2\/pages\/68\/revisions"}],"predecessor-version":[{"id":282,"href":"https:\/\/noblleconsultoria.com.br\/index.php\/wp-json\/wp\/v2\/pages\/68\/revisions\/282"}],"wp:attachment":[{"href":"https:\/\/noblleconsultoria.com.br\/index.php\/wp-json\/wp\/v2\/media?parent=68"}],"curies":[{"name":"wp","href":"https:\/\/api.w.org\/{rel}","templated":true}]}}