{"id":72,"date":"2017-03-09T22:36:36","date_gmt":"2017-03-09T22:36:36","guid":{"rendered":"http:\/\/noblleconsultoria.com.br\/?page_id=72"},"modified":"2017-04-03T18:45:58","modified_gmt":"2017-04-03T18:45:58","slug":"sehab-segur","status":"publish","type":"page","link":"https:\/\/noblleconsultoria.com.br\/index.php\/sehab-segur\/","title":{"rendered":"Sehab Segur"},"content":{"rendered":"<h2><span style=\"color: #000000;\"><u><img decoding=\"async\" loading=\"lazy\" class=\"wp-image-285 aligncenter\" src=\"http:\/\/noblleconsultoria.com.br\/wp-content\/uploads\/2017\/03\/sehab-segur_900x341.jpg\" alt=\"\" width=\"713\" height=\"270\" srcset=\"https:\/\/noblleconsultoria.com.br\/wp-content\/uploads\/2017\/03\/sehab-segur_900x341.jpg 900w, https:\/\/noblleconsultoria.com.br\/wp-content\/uploads\/2017\/03\/sehab-segur_900x341-300x114.jpg 300w, https:\/\/noblleconsultoria.com.br\/wp-content\/uploads\/2017\/03\/sehab-segur_900x341-768x291.jpg 768w\" sizes=\"(max-width: 713px) 100vw, 713px\" \/>SEHAB \u2013 SEGUR<\/u><\/span><\/h2>\n<p><span style=\"color: #000000;\"><strong>\u00a0<\/strong><\/span><\/p>\n<h2><span style=\"color: #000000;\">Acessibilidade <\/span><\/h2>\n<p><span style=\"color: #000000;\">Fazemos projetos personalizados\u00a0 com toda a seguran\u00e7a e conforme nossas normas, seguimos as id\u00e9ias da Comiss\u00e3o Permanente de Acessibilidade (CPA) que \u00e9 um \u00f3rg\u00e3o colegiado da Prefeitura do Munic\u00edpio de S\u00e3o Paulo vinculado \u00e0 SMPED e composto por representantes de diversas secretarias, \u00f3rg\u00e3os municipais e sociedade civil.<\/span><\/p>\n<p><span style=\"color: #000000;\">Tem papel consultivo e deliberativo nos assuntos que incluem acessibilidade em edifica\u00e7\u00f5es, logradouros, mobili\u00e1rio urbano, transporte e comunica\u00e7\u00e3o. Contando com engenheiros e arquitetos entre seus membros, realiza vistorias e an\u00e1lise de projetos e coordena a\u00e7\u00f5es integradas nas diversas secretarias da administra\u00e7\u00e3o municipal para a elimina\u00e7\u00e3o de barreiras arquitet\u00f4nicas e de comunica\u00e7\u00e3o na cidade.<\/span><\/p>\n<p><span style=\"color: #000000;\">. projeto de acessibilidade<\/span><\/p>\n<p><span style=\"color: #000000;\">. laudo de acessibilidade<\/span><\/p>\n<p><span style=\"color: #000000;\">. rrt de acessibilidade<\/span><\/p>\n<p><span style=\"color: #000000;\"><strong>\u00a0<\/strong><\/span><\/p>\n<h2><span style=\"color: #000000;\"><strong>AVS- Auto de Verifica\u00e7\u00e3o de Seguran\u00e7a<\/strong><\/span><\/h2>\n<p><span style=\"color: #000000;\"><strong>\u00a0<\/strong><\/span><\/p>\n<p><span style=\"color: #000000;\">O Auto de Verifica\u00e7\u00e3o de Seguran\u00e7a (AVS) \u00e9 um documento expedido conforme compet\u00eancias da Prefeitura., e seguem os padr\u00f5es normativos de seguran\u00e7a.<\/span><\/p>\n<p>&nbsp;<\/p>\n<h2><span style=\"color: #000000;\">Certificado de Manuten\u00e7\u00e3o<\/span><\/h2>\n<p><span style=\"color: #000000;\"><strong>\u00a0<\/strong><\/span><\/p>\n<p><span style=\"color: #000000;\">Fazemos com todos os detalhes seu documento que comprova a manuten\u00e7\u00e3o e reestrutura\u00e7\u00e3o das edifica\u00e7\u00f5es\u00a0conforme disposi\u00e7\u00e3o realizando com prazos e dentro das normas legais.<\/span><\/p>\n<p>&nbsp;<\/p>\n<h2><span style=\"color: #000000;\">Laudos T\u00e9cnicos e Atestados<\/span><\/h2>\n<p><span style=\"color: #000000;\"><strong>\u00a0<\/strong><\/span><\/p>\n<p><span style=\"color: #000000;\">Viabilizamos a emiss\u00e3o de atestado e Atestados para as grandes industrias, empresas, com\u00e9rcios e resid\u00eancia\u00a0 exigido pelo Corpo de Bombeiros, mediante a laudos conclusivos e\/ ou corretivos, bem como brigada de inc\u00eandio, gases inflam\u00e1veis, grupo moto-gerador, estruturas met\u00e1licas, pressuriza\u00e7\u00e3o de escada, shafts etc.<\/span><\/p>\n<p>&nbsp;<\/p>\n<h2><span style=\"color: #000000;\">Licen\u00e7a de Funcionamento de local de Reuni\u00e3o<\/span><\/h2>\n<p><span style=\"color: #000000;\"><strong>\u00a0<\/strong><\/span><\/p>\n<p><span style=\"color: #000000;\">De acordo com as normas da Prefeitura realizamos sua Licen\u00e7a para funcionamento de atividades geradoras de p\u00fablico, considerando todos os recintos abertos ou fechados destinados a reuni\u00f5es publicas.<\/span><\/p>\n<p>&nbsp;<\/p>\n<p><span style=\"color: #000000;\">Fazemos com todas especifica\u00e7\u00f5es seu projeto, sempre nos preocupando com a seguran\u00e7a e integridade de cada cliente, cumprindo com normas t\u00e9cnicas e atualizadas da Prefeitura.<\/span><\/p>\n","protected":false},"excerpt":{"rendered":"<p>SEHAB \u2013 SEGUR \u00a0 Acessibilidade Fazemos projetos personalizados\u00a0 com toda a seguran\u00e7a e conforme nossas normas, seguimos as id\u00e9ias da Comiss\u00e3o Permanente de Acessibilidade (CPA) que \u00e9 um \u00f3rg\u00e3o colegiado da Prefeitura do Munic\u00edpio de S\u00e3o Paulo vinculado \u00e0 SMPED e composto por representantes de diversas secretarias, \u00f3rg\u00e3os municipais e sociedade civil. Tem papel consultivo<\/p>\n","protected":false},"author":1,"featured_media":0,"parent":0,"menu_order":0,"comment_status":"closed","ping_status":"closed","template":"","meta":[],"yoast_head":"<!-- This site is optimized with the Yoast SEO plugin v19.11 - https:\/\/yoast.com\/wordpress\/plugins\/seo\/ -->\n<title>Sehab Segur - Noblle consultoria<\/title>\n<meta name=\"robots\" content=\"index, follow, max-snippet:-1, max-image-preview:large, max-video-preview:-1\" \/>\n<link rel=\"canonical\" href=\"http:\/\/noblleconsultoria.com.br\/index.php\/sehab-segur\/\" \/>\n<meta property=\"og:locale\" content=\"pt_BR\" \/>\n<meta property=\"og:type\" content=\"article\" \/>\n<meta property=\"og:title\" content=\"Sehab Segur - Noblle consultoria\" \/>\n<meta property=\"og:description\" content=\"SEHAB \u2013 SEGUR \u00a0 Acessibilidade Fazemos projetos personalizados\u00a0 com toda a seguran\u00e7a e conforme nossas normas, seguimos as id\u00e9ias da Comiss\u00e3o Permanente de Acessibilidade (CPA) que \u00e9 um \u00f3rg\u00e3o colegiado da Prefeitura do Munic\u00edpio de S\u00e3o Paulo vinculado \u00e0 SMPED e composto por representantes de diversas secretarias, \u00f3rg\u00e3os municipais e sociedade civil. Tem papel consultivo\" \/>\n<meta property=\"og:url\" content=\"http:\/\/noblleconsultoria.com.br\/index.php\/sehab-segur\/\" \/>\n<meta property=\"og:site_name\" content=\"Noblle consultoria\" \/>\n<meta property=\"article:modified_time\" content=\"2017-04-03T18:45:58+00:00\" \/>\n<meta property=\"og:image\" content=\"http:\/\/noblleconsultoria.com.br\/wp-content\/uploads\/2017\/03\/sehab-segur_900x341.jpg\" \/>\n<meta name=\"twitter:card\" content=\"summary_large_image\" \/>\n<meta name=\"twitter:label1\" content=\"Est. tempo de leitura\" \/>\n\t<meta name=\"twitter:data1\" content=\"2 minutos\" \/>\n<script type=\"application\/ld+json\" class=\"yoast-schema-graph\">{\"@context\":\"https:\/\/schema.org\",\"@graph\":[{\"@type\":\"WebPage\",\"@id\":\"http:\/\/noblleconsultoria.com.br\/index.php\/sehab-segur\/\",\"url\":\"http:\/\/noblleconsultoria.com.br\/index.php\/sehab-segur\/\",\"name\":\"Sehab Segur - Noblle consultoria\",\"isPartOf\":{\"@id\":\"https:\/\/noblleconsultoria.com.br\/#website\"},\"datePublished\":\"2017-03-09T22:36:36+00:00\",\"dateModified\":\"2017-04-03T18:45:58+00:00\",\"breadcrumb\":{\"@id\":\"http:\/\/noblleconsultoria.com.br\/index.php\/sehab-segur\/#breadcrumb\"},\"inLanguage\":\"pt-BR\",\"potentialAction\":[{\"@type\":\"ReadAction\",\"target\":[\"http:\/\/noblleconsultoria.com.br\/index.php\/sehab-segur\/\"]}]},{\"@type\":\"BreadcrumbList\",\"@id\":\"http:\/\/noblleconsultoria.com.br\/index.php\/sehab-segur\/#breadcrumb\",\"itemListElement\":[{\"@type\":\"ListItem\",\"position\":1,\"name\":\"In\u00edcio\",\"item\":\"https:\/\/noblleconsultoria.com.br\/\"},{\"@type\":\"ListItem\",\"position\":2,\"name\":\"Sehab Segur\"}]},{\"@type\":\"WebSite\",\"@id\":\"https:\/\/noblleconsultoria.com.br\/#website\",\"url\":\"https:\/\/noblleconsultoria.com.br\/\",\"name\":\"Noblle consultoria\",\"description\":\"Regulariza\u00e7\u00e3o de im\u00f3vel\",\"publisher\":{\"@id\":\"https:\/\/noblleconsultoria.com.br\/#organization\"},\"potentialAction\":[{\"@type\":\"SearchAction\",\"target\":{\"@type\":\"EntryPoint\",\"urlTemplate\":\"https:\/\/noblleconsultoria.com.br\/?s={search_term_string}\"},\"query-input\":\"required name=search_term_string\"}],\"inLanguage\":\"pt-BR\"},{\"@type\":\"Organization\",\"@id\":\"https:\/\/noblleconsultoria.com.br\/#organization\",\"name\":\"Noblle consultoria\",\"url\":\"https:\/\/noblleconsultoria.com.br\/\",\"logo\":{\"@type\":\"ImageObject\",\"inLanguage\":\"pt-BR\",\"@id\":\"https:\/\/noblleconsultoria.com.br\/#\/schema\/logo\/image\/\",\"url\":\"https:\/\/noblleconsultoria.com.br\/wp-content\/uploads\/2017\/02\/noblle-consultoria.jpg\",\"contentUrl\":\"https:\/\/noblleconsultoria.com.br\/wp-content\/uploads\/2017\/02\/noblle-consultoria.jpg\",\"width\":215,\"height\":121,\"caption\":\"Noblle consultoria\"},\"image\":{\"@id\":\"https:\/\/noblleconsultoria.com.br\/#\/schema\/logo\/image\/\"}}]}<\/script>\n<!-- \/ Yoast SEO plugin. -->","yoast_head_json":{"title":"Sehab Segur - Noblle consultoria","robots":{"index":"index","follow":"follow","max-snippet":"max-snippet:-1","max-image-preview":"max-image-preview:large","max-video-preview":"max-video-preview:-1"},"canonical":"http:\/\/noblleconsultoria.com.br\/index.php\/sehab-segur\/","og_locale":"pt_BR","og_type":"article","og_title":"Sehab Segur - Noblle consultoria","og_description":"SEHAB \u2013 SEGUR \u00a0 Acessibilidade Fazemos projetos personalizados\u00a0 com toda a seguran\u00e7a e conforme nossas normas, seguimos as id\u00e9ias da Comiss\u00e3o Permanente de Acessibilidade (CPA) que \u00e9 um \u00f3rg\u00e3o colegiado da Prefeitura do Munic\u00edpio de S\u00e3o Paulo vinculado \u00e0 SMPED e composto por representantes de diversas secretarias, \u00f3rg\u00e3os municipais e sociedade civil. Tem papel consultivo","og_url":"http:\/\/noblleconsultoria.com.br\/index.php\/sehab-segur\/","og_site_name":"Noblle consultoria","article_modified_time":"2017-04-03T18:45:58+00:00","og_image":[{"url":"http:\/\/noblleconsultoria.com.br\/wp-content\/uploads\/2017\/03\/sehab-segur_900x341.jpg"}],"twitter_card":"summary_large_image","twitter_misc":{"Est. tempo de leitura":"2 minutos"},"schema":{"@context":"https:\/\/schema.org","@graph":[{"@type":"WebPage","@id":"http:\/\/noblleconsultoria.com.br\/index.php\/sehab-segur\/","url":"http:\/\/noblleconsultoria.com.br\/index.php\/sehab-segur\/","name":"Sehab Segur - Noblle consultoria","isPartOf":{"@id":"https:\/\/noblleconsultoria.com.br\/#website"},"datePublished":"2017-03-09T22:36:36+00:00","dateModified":"2017-04-03T18:45:58+00:00","breadcrumb":{"@id":"http:\/\/noblleconsultoria.com.br\/index.php\/sehab-segur\/#breadcrumb"},"inLanguage":"pt-BR","potentialAction":[{"@type":"ReadAction","target":["http:\/\/noblleconsultoria.com.br\/index.php\/sehab-segur\/"]}]},{"@type":"BreadcrumbList","@id":"http:\/\/noblleconsultoria.com.br\/index.php\/sehab-segur\/#breadcrumb","itemListElement":[{"@type":"ListItem","position":1,"name":"In\u00edcio","item":"https:\/\/noblleconsultoria.com.br\/"},{"@type":"ListItem","position":2,"name":"Sehab Segur"}]},{"@type":"WebSite","@id":"https:\/\/noblleconsultoria.com.br\/#website","url":"https:\/\/noblleconsultoria.com.br\/","name":"Noblle consultoria","description":"Regulariza\u00e7\u00e3o de im\u00f3vel","publisher":{"@id":"https:\/\/noblleconsultoria.com.br\/#organization"},"potentialAction":[{"@type":"SearchAction","target":{"@type":"EntryPoint","urlTemplate":"https:\/\/noblleconsultoria.com.br\/?s={search_term_string}"},"query-input":"required name=search_term_string"}],"inLanguage":"pt-BR"},{"@type":"Organization","@id":"https:\/\/noblleconsultoria.com.br\/#organization","name":"Noblle consultoria","url":"https:\/\/noblleconsultoria.com.br\/","logo":{"@type":"ImageObject","inLanguage":"pt-BR","@id":"https:\/\/noblleconsultoria.com.br\/#\/schema\/logo\/image\/","url":"https:\/\/noblleconsultoria.com.br\/wp-content\/uploads\/2017\/02\/noblle-consultoria.jpg","contentUrl":"https:\/\/noblleconsultoria.com.br\/wp-content\/uploads\/2017\/02\/noblle-consultoria.jpg","width":215,"height":121,"caption":"Noblle consultoria"},"image":{"@id":"https:\/\/noblleconsultoria.com.br\/#\/schema\/logo\/image\/"}}]}},"_links":{"self":[{"href":"https:\/\/noblleconsultoria.com.br\/index.php\/wp-json\/wp\/v2\/pages\/72"}],"collection":[{"href":"https:\/\/noblleconsultoria.com.br\/index.php\/wp-json\/wp\/v2\/pages"}],"about":[{"href":"https:\/\/noblleconsultoria.com.br\/index.php\/wp-json\/wp\/v2\/types\/page"}],"author":[{"embeddable":true,"href":"https:\/\/noblleconsultoria.com.br\/index.php\/wp-json\/wp\/v2\/users\/1"}],"replies":[{"embeddable":true,"href":"https:\/\/noblleconsultoria.com.br\/index.php\/wp-json\/wp\/v2\/comments?post=72"}],"version-history":[{"count":7,"href":"https:\/\/noblleconsultoria.com.br\/index.php\/wp-json\/wp\/v2\/pages\/72\/revisions"}],"predecessor-version":[{"id":286,"href":"https:\/\/noblleconsultoria.com.br\/index.php\/wp-json\/wp\/v2\/pages\/72\/revisions\/286"}],"wp:attachment":[{"href":"https:\/\/noblleconsultoria.com.br\/index.php\/wp-json\/wp\/v2\/media?parent=72"}],"curies":[{"name":"wp","href":"https:\/\/api.w.org\/{rel}","templated":true}]}}