{"id":92,"date":"2017-03-09T23:52:48","date_gmt":"2017-03-09T23:52:48","guid":{"rendered":"http:\/\/noblleconsultoria.com.br\/?page_id=92"},"modified":"2017-04-03T18:54:25","modified_gmt":"2017-04-03T18:54:25","slug":"sehab-resid-serv-com","status":"publish","type":"page","link":"https:\/\/noblleconsultoria.com.br\/index.php\/sehab-resid-serv-com\/","title":{"rendered":"Sehab &#8211; Resid &#8211; Serv &#8211; com"},"content":{"rendered":"<h2><span style=\"color: #000000;\"><img decoding=\"async\" loading=\"lazy\" class=\"wp-image-293 aligncenter\" src=\"http:\/\/noblleconsultoria.com.br\/wp-content\/uploads\/2017\/03\/SEHAB_900x250.jpg\" alt=\"\" width=\"799\" height=\"222\" srcset=\"https:\/\/noblleconsultoria.com.br\/wp-content\/uploads\/2017\/03\/SEHAB_900x250.jpg 900w, https:\/\/noblleconsultoria.com.br\/wp-content\/uploads\/2017\/03\/SEHAB_900x250-300x83.jpg 300w, https:\/\/noblleconsultoria.com.br\/wp-content\/uploads\/2017\/03\/SEHAB_900x250-768x213.jpg 768w\" sizes=\"(max-width: 799px) 100vw, 799px\" \/>Projeto Novo <\/span><\/h2>\n<p><span style=\"color: #000000;\">Idealizamos seu sonho desde o in\u00edcio, trabalharemos para a realiza\u00e7\u00e3o de seu novo projeto com efici\u00eancia e rapidez.<\/span><\/p>\n<h2><span style=\"color: #000000;\">Projeto Modificativo<\/span><\/h2>\n<p><span style=\"color: #000000;\">Fazemos a altera\u00e7\u00e3o do seu projeto anteriormente aprovado, durante a vig\u00eancia do Alvar\u00e1, para outro uso conforme sua necessidade.<\/span><\/p>\n<h2><span style=\"color: #000000;\">Mudan\u00e7a de Uso <\/span><\/h2>\n<p><span style=\"color: #000000;\">Fazemos altera\u00e7\u00e3o da atividade de uma edifica\u00e7\u00e3o regularmente existente que atenda \u00e0s disposi\u00e7\u00f5es do zoneamento, desde que n\u00e3o haja necessidade de altera\u00e7\u00f5es f\u00edsica do im\u00f3vel, pois se enquadraria com reforma, e sempre seguindo as normas t\u00e9cnicas da legisla\u00e7\u00e3o vigente.\u00a0\u00a0\u00a0\u00a0 <\/span><\/p>\n<h2><span style=\"color: #000000;\">Reforma<\/span><\/h2>\n<p><span style=\"color: #000000;\">Realizamos seu Alvar\u00e1 de Aprova\u00e7\u00e3o de Reforma perante as Prefeitura seguindo as seguintes modifica\u00e7\u00f5es, com ou sem altera\u00e7\u00e3o do uso e \u00e1rea:<\/span><\/p>\n<ul>\n<li><span style=\"color: #000000;\">\u00c1rea edificada (supress\u00e3o ou acr\u00e9scimo)<\/span><\/li>\n<li><span style=\"color: #000000;\">Estrutura<\/span><\/li>\n<li><span style=\"color: #000000;\">Coeficiente de aproveitamento<\/span><\/li>\n<li><span style=\"color: #000000;\">Taxa de ocupa\u00e7\u00e3o<\/span><\/li>\n<li><span style=\"color: #000000;\">Largura da via<\/span><\/li>\n<li><span style=\"color: #000000;\">Tipo de via<\/span><\/li>\n<li><span style=\"color: #000000;\">Etc.<\/span><\/li>\n<\/ul>\n<p>&nbsp;<\/p>\n<h2><span style=\"color: #000000;\">Regulariza\u00e7\u00e3o<\/span><\/h2>\n<p><span style=\"color: #000000;\">Realizamos o Levantamento de sua edifica\u00e7\u00e3o para fins de regulariza\u00e7\u00e3o, por\u00e9m \u00e9 necess\u00e1rio saber se existe lei que regulamenta a edifica\u00e7\u00e3o em casos de diverg\u00eancia com a legisla\u00e7\u00e3o municipal, pois cada caso \u00e9 um caso, \u00a0ou se ser\u00e1 necess\u00e1rio modificar a edifica\u00e7\u00e3o existente para que ela possa se adequar a lei. Para dar o conforto e a praticidade para solucionar sua demanda.<\/span><\/p>\n<p>&nbsp;<\/p>\n<h2><span style=\"color: #000000;\">Desdobro e Unifica\u00e7\u00e3o de Lote<\/span><\/h2>\n<p><span style=\"color: #000000;\">Fazemos seu projeto de divis\u00e3o de terreno, oriundo de parcelamento aprovado, regularizado, inscrito no Competente Cart\u00f3rio de Registro de Im\u00f3veis, com frente para rua oficial j\u00e1 existente, n\u00e3o implicando na abertura de novas vias e nem no prolongamento das vias j\u00e1 existentes. <\/span><\/p>\n<p><span style=\"color: #000000;\">Org\u00e3os competentes respons\u00e1veis em S. Paulo : \u00a0SubPrefeitura e SEHAB.<\/span><\/p>\n","protected":false},"excerpt":{"rendered":"<p>Projeto Novo Idealizamos seu sonho desde o in\u00edcio, trabalharemos para a realiza\u00e7\u00e3o de seu novo projeto com efici\u00eancia e rapidez. Projeto Modificativo Fazemos a altera\u00e7\u00e3o do seu projeto anteriormente aprovado, durante a vig\u00eancia do Alvar\u00e1, para outro uso conforme sua necessidade. Mudan\u00e7a de Uso Fazemos altera\u00e7\u00e3o da atividade de uma edifica\u00e7\u00e3o regularmente existente que atenda<\/p>\n","protected":false},"author":1,"featured_media":0,"parent":0,"menu_order":0,"comment_status":"closed","ping_status":"closed","template":"","meta":[],"yoast_head":"<!-- This site is optimized with the Yoast SEO plugin v19.11 - https:\/\/yoast.com\/wordpress\/plugins\/seo\/ -->\n<title>Sehab - Resid - Serv - com - Noblle consultoria<\/title>\n<meta name=\"robots\" content=\"index, follow, max-snippet:-1, max-image-preview:large, max-video-preview:-1\" \/>\n<link rel=\"canonical\" href=\"http:\/\/noblleconsultoria.com.br\/index.php\/sehab-resid-serv-com\/\" \/>\n<meta property=\"og:locale\" content=\"pt_BR\" \/>\n<meta property=\"og:type\" content=\"article\" \/>\n<meta property=\"og:title\" content=\"Sehab - Resid - Serv - com - Noblle consultoria\" \/>\n<meta property=\"og:description\" content=\"Projeto Novo Idealizamos seu sonho desde o in\u00edcio, trabalharemos para a realiza\u00e7\u00e3o de seu novo projeto com efici\u00eancia e rapidez. Projeto Modificativo Fazemos a altera\u00e7\u00e3o do seu projeto anteriormente aprovado, durante a vig\u00eancia do Alvar\u00e1, para outro uso conforme sua necessidade. Mudan\u00e7a de Uso Fazemos altera\u00e7\u00e3o da atividade de uma edifica\u00e7\u00e3o regularmente existente que atenda\" \/>\n<meta property=\"og:url\" content=\"http:\/\/noblleconsultoria.com.br\/index.php\/sehab-resid-serv-com\/\" \/>\n<meta property=\"og:site_name\" content=\"Noblle consultoria\" \/>\n<meta property=\"article:modified_time\" content=\"2017-04-03T18:54:25+00:00\" \/>\n<meta property=\"og:image\" content=\"http:\/\/noblleconsultoria.com.br\/wp-content\/uploads\/2017\/03\/SEHAB_900x250.jpg\" \/>\n<meta name=\"twitter:card\" content=\"summary_large_image\" \/>\n<meta name=\"twitter:label1\" content=\"Est. tempo de leitura\" \/>\n\t<meta name=\"twitter:data1\" content=\"1 minuto\" \/>\n<script type=\"application\/ld+json\" class=\"yoast-schema-graph\">{\"@context\":\"https:\/\/schema.org\",\"@graph\":[{\"@type\":\"WebPage\",\"@id\":\"http:\/\/noblleconsultoria.com.br\/index.php\/sehab-resid-serv-com\/\",\"url\":\"http:\/\/noblleconsultoria.com.br\/index.php\/sehab-resid-serv-com\/\",\"name\":\"Sehab - Resid - Serv - com - Noblle consultoria\",\"isPartOf\":{\"@id\":\"https:\/\/noblleconsultoria.com.br\/#website\"},\"datePublished\":\"2017-03-09T23:52:48+00:00\",\"dateModified\":\"2017-04-03T18:54:25+00:00\",\"breadcrumb\":{\"@id\":\"http:\/\/noblleconsultoria.com.br\/index.php\/sehab-resid-serv-com\/#breadcrumb\"},\"inLanguage\":\"pt-BR\",\"potentialAction\":[{\"@type\":\"ReadAction\",\"target\":[\"http:\/\/noblleconsultoria.com.br\/index.php\/sehab-resid-serv-com\/\"]}]},{\"@type\":\"BreadcrumbList\",\"@id\":\"http:\/\/noblleconsultoria.com.br\/index.php\/sehab-resid-serv-com\/#breadcrumb\",\"itemListElement\":[{\"@type\":\"ListItem\",\"position\":1,\"name\":\"In\u00edcio\",\"item\":\"https:\/\/noblleconsultoria.com.br\/\"},{\"@type\":\"ListItem\",\"position\":2,\"name\":\"Sehab &#8211; Resid &#8211; Serv &#8211; com\"}]},{\"@type\":\"WebSite\",\"@id\":\"https:\/\/noblleconsultoria.com.br\/#website\",\"url\":\"https:\/\/noblleconsultoria.com.br\/\",\"name\":\"Noblle consultoria\",\"description\":\"Regulariza\u00e7\u00e3o de im\u00f3vel\",\"publisher\":{\"@id\":\"https:\/\/noblleconsultoria.com.br\/#organization\"},\"potentialAction\":[{\"@type\":\"SearchAction\",\"target\":{\"@type\":\"EntryPoint\",\"urlTemplate\":\"https:\/\/noblleconsultoria.com.br\/?s={search_term_string}\"},\"query-input\":\"required name=search_term_string\"}],\"inLanguage\":\"pt-BR\"},{\"@type\":\"Organization\",\"@id\":\"https:\/\/noblleconsultoria.com.br\/#organization\",\"name\":\"Noblle consultoria\",\"url\":\"https:\/\/noblleconsultoria.com.br\/\",\"logo\":{\"@type\":\"ImageObject\",\"inLanguage\":\"pt-BR\",\"@id\":\"https:\/\/noblleconsultoria.com.br\/#\/schema\/logo\/image\/\",\"url\":\"https:\/\/noblleconsultoria.com.br\/wp-content\/uploads\/2017\/02\/noblle-consultoria.jpg\",\"contentUrl\":\"https:\/\/noblleconsultoria.com.br\/wp-content\/uploads\/2017\/02\/noblle-consultoria.jpg\",\"width\":215,\"height\":121,\"caption\":\"Noblle consultoria\"},\"image\":{\"@id\":\"https:\/\/noblleconsultoria.com.br\/#\/schema\/logo\/image\/\"}}]}<\/script>\n<!-- \/ Yoast SEO plugin. -->","yoast_head_json":{"title":"Sehab - Resid - Serv - com - Noblle consultoria","robots":{"index":"index","follow":"follow","max-snippet":"max-snippet:-1","max-image-preview":"max-image-preview:large","max-video-preview":"max-video-preview:-1"},"canonical":"http:\/\/noblleconsultoria.com.br\/index.php\/sehab-resid-serv-com\/","og_locale":"pt_BR","og_type":"article","og_title":"Sehab - Resid - Serv - com - Noblle consultoria","og_description":"Projeto Novo Idealizamos seu sonho desde o in\u00edcio, trabalharemos para a realiza\u00e7\u00e3o de seu novo projeto com efici\u00eancia e rapidez. Projeto Modificativo Fazemos a altera\u00e7\u00e3o do seu projeto anteriormente aprovado, durante a vig\u00eancia do Alvar\u00e1, para outro uso conforme sua necessidade. Mudan\u00e7a de Uso Fazemos altera\u00e7\u00e3o da atividade de uma edifica\u00e7\u00e3o regularmente existente que atenda","og_url":"http:\/\/noblleconsultoria.com.br\/index.php\/sehab-resid-serv-com\/","og_site_name":"Noblle consultoria","article_modified_time":"2017-04-03T18:54:25+00:00","og_image":[{"url":"http:\/\/noblleconsultoria.com.br\/wp-content\/uploads\/2017\/03\/SEHAB_900x250.jpg"}],"twitter_card":"summary_large_image","twitter_misc":{"Est. tempo de leitura":"1 minuto"},"schema":{"@context":"https:\/\/schema.org","@graph":[{"@type":"WebPage","@id":"http:\/\/noblleconsultoria.com.br\/index.php\/sehab-resid-serv-com\/","url":"http:\/\/noblleconsultoria.com.br\/index.php\/sehab-resid-serv-com\/","name":"Sehab - Resid - Serv - com - Noblle consultoria","isPartOf":{"@id":"https:\/\/noblleconsultoria.com.br\/#website"},"datePublished":"2017-03-09T23:52:48+00:00","dateModified":"2017-04-03T18:54:25+00:00","breadcrumb":{"@id":"http:\/\/noblleconsultoria.com.br\/index.php\/sehab-resid-serv-com\/#breadcrumb"},"inLanguage":"pt-BR","potentialAction":[{"@type":"ReadAction","target":["http:\/\/noblleconsultoria.com.br\/index.php\/sehab-resid-serv-com\/"]}]},{"@type":"BreadcrumbList","@id":"http:\/\/noblleconsultoria.com.br\/index.php\/sehab-resid-serv-com\/#breadcrumb","itemListElement":[{"@type":"ListItem","position":1,"name":"In\u00edcio","item":"https:\/\/noblleconsultoria.com.br\/"},{"@type":"ListItem","position":2,"name":"Sehab &#8211; Resid &#8211; Serv &#8211; com"}]},{"@type":"WebSite","@id":"https:\/\/noblleconsultoria.com.br\/#website","url":"https:\/\/noblleconsultoria.com.br\/","name":"Noblle consultoria","description":"Regulariza\u00e7\u00e3o de im\u00f3vel","publisher":{"@id":"https:\/\/noblleconsultoria.com.br\/#organization"},"potentialAction":[{"@type":"SearchAction","target":{"@type":"EntryPoint","urlTemplate":"https:\/\/noblleconsultoria.com.br\/?s={search_term_string}"},"query-input":"required name=search_term_string"}],"inLanguage":"pt-BR"},{"@type":"Organization","@id":"https:\/\/noblleconsultoria.com.br\/#organization","name":"Noblle consultoria","url":"https:\/\/noblleconsultoria.com.br\/","logo":{"@type":"ImageObject","inLanguage":"pt-BR","@id":"https:\/\/noblleconsultoria.com.br\/#\/schema\/logo\/image\/","url":"https:\/\/noblleconsultoria.com.br\/wp-content\/uploads\/2017\/02\/noblle-consultoria.jpg","contentUrl":"https:\/\/noblleconsultoria.com.br\/wp-content\/uploads\/2017\/02\/noblle-consultoria.jpg","width":215,"height":121,"caption":"Noblle consultoria"},"image":{"@id":"https:\/\/noblleconsultoria.com.br\/#\/schema\/logo\/image\/"}}]}},"_links":{"self":[{"href":"https:\/\/noblleconsultoria.com.br\/index.php\/wp-json\/wp\/v2\/pages\/92"}],"collection":[{"href":"https:\/\/noblleconsultoria.com.br\/index.php\/wp-json\/wp\/v2\/pages"}],"about":[{"href":"https:\/\/noblleconsultoria.com.br\/index.php\/wp-json\/wp\/v2\/types\/page"}],"author":[{"embeddable":true,"href":"https:\/\/noblleconsultoria.com.br\/index.php\/wp-json\/wp\/v2\/users\/1"}],"replies":[{"embeddable":true,"href":"https:\/\/noblleconsultoria.com.br\/index.php\/wp-json\/wp\/v2\/comments?post=92"}],"version-history":[{"count":2,"href":"https:\/\/noblleconsultoria.com.br\/index.php\/wp-json\/wp\/v2\/pages\/92\/revisions"}],"predecessor-version":[{"id":294,"href":"https:\/\/noblleconsultoria.com.br\/index.php\/wp-json\/wp\/v2\/pages\/92\/revisions\/294"}],"wp:attachment":[{"href":"https:\/\/noblleconsultoria.com.br\/index.php\/wp-json\/wp\/v2\/media?parent=92"}],"curies":[{"name":"wp","href":"https:\/\/api.w.org\/{rel}","templated":true}]}}