{"id":99,"date":"2017-03-09T23:55:17","date_gmt":"2017-03-09T23:55:17","guid":{"rendered":"http:\/\/noblleconsultoria.com.br\/?page_id=99"},"modified":"2017-04-03T18:53:26","modified_gmt":"2017-04-03T18:53:26","slug":"anvisa","status":"publish","type":"page","link":"https:\/\/noblleconsultoria.com.br\/index.php\/anvisa\/","title":{"rendered":"Anvisa"},"content":{"rendered":"<h2><span style=\"color: #000000;\"><span style=\"font-family: georgia,palatino;\"><img decoding=\"async\" loading=\"lazy\" class=\"size-full wp-image-291 aligncenter\" src=\"http:\/\/noblleconsultoria.com.br\/wp-content\/uploads\/2017\/03\/Vigil\u00e2ncia-Sanit\u00e1ria-ANVISA.jpg\" alt=\"\" width=\"580\" height=\"198\" srcset=\"https:\/\/noblleconsultoria.com.br\/wp-content\/uploads\/2017\/03\/Vigil\u00e2ncia-Sanit\u00e1ria-ANVISA.jpg 580w, https:\/\/noblleconsultoria.com.br\/wp-content\/uploads\/2017\/03\/Vigil\u00e2ncia-Sanit\u00e1ria-ANVISA-300x102.jpg 300w\" sizes=\"(max-width: 580px) 100vw, 580px\" \/>Vigil\u00e2ncia Sanit\u00e1ria<\/span><\/span><\/h2>\n<div><span style=\"color: #000000;\">\u00a0 SEMAB\/ ANVISA<\/span><\/div>\n<div><span style=\"color: #000000;\">\u00a0 Aprova\u00e7\u00e3o de Projetos<\/span><\/div>\n<div><span style=\"color: #000000;\">\u00a0 Licen\u00e7a de Funcionamento<\/span><\/div>\n<div>\n<div><\/div>\n<div><\/div>\n<div><\/div>\n<div><span style=\"color: #000000; font-family: verdana,geneva; font-size: large;\">Aprovamos seu projeto sobre a regulamenta\u00e7\u00e3o dos procedimentos de an\u00e1lise,<\/span><\/div>\n<div><span style=\"color: #000000;\"><br \/>\n<\/span><\/div>\n<div><span style=\"color: #000000;\">avalia\u00e7\u00e3o e aprova\u00e7\u00e3o dos projetos f\u00edsicos de estabelecimentos de sa\u00fade no\u00a0<\/span><\/div>\n<div><span style=\"color: #000000;\"><br \/>\n<\/span><\/div>\n<div><span style=\"color: #000000;\">Sistema\u00a0Nacional de Vigil\u00e2ncia Sanit\u00e1ria.<\/span><\/div>\n<div>\n<hr \/>\n<\/div>\n<\/div>\n","protected":false},"excerpt":{"rendered":"<p>Vigil\u00e2ncia Sanit\u00e1ria \u00a0 SEMAB\/ ANVISA \u00a0 Aprova\u00e7\u00e3o de Projetos \u00a0 Licen\u00e7a de Funcionamento Aprovamos seu projeto sobre a regulamenta\u00e7\u00e3o dos procedimentos de an\u00e1lise, avalia\u00e7\u00e3o e aprova\u00e7\u00e3o dos projetos f\u00edsicos de estabelecimentos de sa\u00fade no\u00a0 Sistema\u00a0Nacional de Vigil\u00e2ncia Sanit\u00e1ria.<\/p>\n","protected":false},"author":1,"featured_media":0,"parent":0,"menu_order":0,"comment_status":"closed","ping_status":"closed","template":"","meta":[],"yoast_head":"<!-- This site is optimized with the Yoast SEO plugin v19.11 - https:\/\/yoast.com\/wordpress\/plugins\/seo\/ -->\n<title>Anvisa - Noblle consultoria<\/title>\n<meta name=\"robots\" content=\"index, follow, max-snippet:-1, max-image-preview:large, max-video-preview:-1\" \/>\n<link rel=\"canonical\" href=\"http:\/\/noblleconsultoria.com.br\/index.php\/anvisa\/\" \/>\n<meta property=\"og:locale\" content=\"pt_BR\" \/>\n<meta property=\"og:type\" content=\"article\" \/>\n<meta property=\"og:title\" content=\"Anvisa - Noblle consultoria\" \/>\n<meta property=\"og:description\" content=\"Vigil\u00e2ncia Sanit\u00e1ria \u00a0 SEMAB\/ ANVISA \u00a0 Aprova\u00e7\u00e3o de Projetos \u00a0 Licen\u00e7a de Funcionamento Aprovamos seu projeto sobre a regulamenta\u00e7\u00e3o dos procedimentos de an\u00e1lise, avalia\u00e7\u00e3o e aprova\u00e7\u00e3o dos projetos f\u00edsicos de estabelecimentos de sa\u00fade no\u00a0 Sistema\u00a0Nacional de Vigil\u00e2ncia Sanit\u00e1ria.\" \/>\n<meta property=\"og:url\" content=\"http:\/\/noblleconsultoria.com.br\/index.php\/anvisa\/\" \/>\n<meta property=\"og:site_name\" content=\"Noblle consultoria\" \/>\n<meta property=\"article:modified_time\" content=\"2017-04-03T18:53:26+00:00\" \/>\n<meta name=\"twitter:card\" content=\"summary_large_image\" \/>\n<script type=\"application\/ld+json\" class=\"yoast-schema-graph\">{\"@context\":\"https:\/\/schema.org\",\"@graph\":[{\"@type\":\"WebPage\",\"@id\":\"http:\/\/noblleconsultoria.com.br\/index.php\/anvisa\/\",\"url\":\"http:\/\/noblleconsultoria.com.br\/index.php\/anvisa\/\",\"name\":\"Anvisa - Noblle consultoria\",\"isPartOf\":{\"@id\":\"https:\/\/noblleconsultoria.com.br\/#website\"},\"datePublished\":\"2017-03-09T23:55:17+00:00\",\"dateModified\":\"2017-04-03T18:53:26+00:00\",\"breadcrumb\":{\"@id\":\"http:\/\/noblleconsultoria.com.br\/index.php\/anvisa\/#breadcrumb\"},\"inLanguage\":\"pt-BR\",\"potentialAction\":[{\"@type\":\"ReadAction\",\"target\":[\"http:\/\/noblleconsultoria.com.br\/index.php\/anvisa\/\"]}]},{\"@type\":\"BreadcrumbList\",\"@id\":\"http:\/\/noblleconsultoria.com.br\/index.php\/anvisa\/#breadcrumb\",\"itemListElement\":[{\"@type\":\"ListItem\",\"position\":1,\"name\":\"In\u00edcio\",\"item\":\"https:\/\/noblleconsultoria.com.br\/\"},{\"@type\":\"ListItem\",\"position\":2,\"name\":\"Anvisa\"}]},{\"@type\":\"WebSite\",\"@id\":\"https:\/\/noblleconsultoria.com.br\/#website\",\"url\":\"https:\/\/noblleconsultoria.com.br\/\",\"name\":\"Noblle consultoria\",\"description\":\"Regulariza\u00e7\u00e3o de im\u00f3vel\",\"publisher\":{\"@id\":\"https:\/\/noblleconsultoria.com.br\/#organization\"},\"potentialAction\":[{\"@type\":\"SearchAction\",\"target\":{\"@type\":\"EntryPoint\",\"urlTemplate\":\"https:\/\/noblleconsultoria.com.br\/?s={search_term_string}\"},\"query-input\":\"required name=search_term_string\"}],\"inLanguage\":\"pt-BR\"},{\"@type\":\"Organization\",\"@id\":\"https:\/\/noblleconsultoria.com.br\/#organization\",\"name\":\"Noblle consultoria\",\"url\":\"https:\/\/noblleconsultoria.com.br\/\",\"logo\":{\"@type\":\"ImageObject\",\"inLanguage\":\"pt-BR\",\"@id\":\"https:\/\/noblleconsultoria.com.br\/#\/schema\/logo\/image\/\",\"url\":\"https:\/\/noblleconsultoria.com.br\/wp-content\/uploads\/2017\/02\/noblle-consultoria.jpg\",\"contentUrl\":\"https:\/\/noblleconsultoria.com.br\/wp-content\/uploads\/2017\/02\/noblle-consultoria.jpg\",\"width\":215,\"height\":121,\"caption\":\"Noblle consultoria\"},\"image\":{\"@id\":\"https:\/\/noblleconsultoria.com.br\/#\/schema\/logo\/image\/\"}}]}<\/script>\n<!-- \/ Yoast SEO plugin. -->","yoast_head_json":{"title":"Anvisa - Noblle consultoria","robots":{"index":"index","follow":"follow","max-snippet":"max-snippet:-1","max-image-preview":"max-image-preview:large","max-video-preview":"max-video-preview:-1"},"canonical":"http:\/\/noblleconsultoria.com.br\/index.php\/anvisa\/","og_locale":"pt_BR","og_type":"article","og_title":"Anvisa - Noblle consultoria","og_description":"Vigil\u00e2ncia Sanit\u00e1ria \u00a0 SEMAB\/ ANVISA \u00a0 Aprova\u00e7\u00e3o de Projetos \u00a0 Licen\u00e7a de Funcionamento Aprovamos seu projeto sobre a regulamenta\u00e7\u00e3o dos procedimentos de an\u00e1lise, avalia\u00e7\u00e3o e aprova\u00e7\u00e3o dos projetos f\u00edsicos de estabelecimentos de sa\u00fade no\u00a0 Sistema\u00a0Nacional de Vigil\u00e2ncia Sanit\u00e1ria.","og_url":"http:\/\/noblleconsultoria.com.br\/index.php\/anvisa\/","og_site_name":"Noblle consultoria","article_modified_time":"2017-04-03T18:53:26+00:00","twitter_card":"summary_large_image","schema":{"@context":"https:\/\/schema.org","@graph":[{"@type":"WebPage","@id":"http:\/\/noblleconsultoria.com.br\/index.php\/anvisa\/","url":"http:\/\/noblleconsultoria.com.br\/index.php\/anvisa\/","name":"Anvisa - Noblle consultoria","isPartOf":{"@id":"https:\/\/noblleconsultoria.com.br\/#website"},"datePublished":"2017-03-09T23:55:17+00:00","dateModified":"2017-04-03T18:53:26+00:00","breadcrumb":{"@id":"http:\/\/noblleconsultoria.com.br\/index.php\/anvisa\/#breadcrumb"},"inLanguage":"pt-BR","potentialAction":[{"@type":"ReadAction","target":["http:\/\/noblleconsultoria.com.br\/index.php\/anvisa\/"]}]},{"@type":"BreadcrumbList","@id":"http:\/\/noblleconsultoria.com.br\/index.php\/anvisa\/#breadcrumb","itemListElement":[{"@type":"ListItem","position":1,"name":"In\u00edcio","item":"https:\/\/noblleconsultoria.com.br\/"},{"@type":"ListItem","position":2,"name":"Anvisa"}]},{"@type":"WebSite","@id":"https:\/\/noblleconsultoria.com.br\/#website","url":"https:\/\/noblleconsultoria.com.br\/","name":"Noblle consultoria","description":"Regulariza\u00e7\u00e3o de im\u00f3vel","publisher":{"@id":"https:\/\/noblleconsultoria.com.br\/#organization"},"potentialAction":[{"@type":"SearchAction","target":{"@type":"EntryPoint","urlTemplate":"https:\/\/noblleconsultoria.com.br\/?s={search_term_string}"},"query-input":"required name=search_term_string"}],"inLanguage":"pt-BR"},{"@type":"Organization","@id":"https:\/\/noblleconsultoria.com.br\/#organization","name":"Noblle consultoria","url":"https:\/\/noblleconsultoria.com.br\/","logo":{"@type":"ImageObject","inLanguage":"pt-BR","@id":"https:\/\/noblleconsultoria.com.br\/#\/schema\/logo\/image\/","url":"https:\/\/noblleconsultoria.com.br\/wp-content\/uploads\/2017\/02\/noblle-consultoria.jpg","contentUrl":"https:\/\/noblleconsultoria.com.br\/wp-content\/uploads\/2017\/02\/noblle-consultoria.jpg","width":215,"height":121,"caption":"Noblle consultoria"},"image":{"@id":"https:\/\/noblleconsultoria.com.br\/#\/schema\/logo\/image\/"}}]}},"_links":{"self":[{"href":"https:\/\/noblleconsultoria.com.br\/index.php\/wp-json\/wp\/v2\/pages\/99"}],"collection":[{"href":"https:\/\/noblleconsultoria.com.br\/index.php\/wp-json\/wp\/v2\/pages"}],"about":[{"href":"https:\/\/noblleconsultoria.com.br\/index.php\/wp-json\/wp\/v2\/types\/page"}],"author":[{"embeddable":true,"href":"https:\/\/noblleconsultoria.com.br\/index.php\/wp-json\/wp\/v2\/users\/1"}],"replies":[{"embeddable":true,"href":"https:\/\/noblleconsultoria.com.br\/index.php\/wp-json\/wp\/v2\/comments?post=99"}],"version-history":[{"count":2,"href":"https:\/\/noblleconsultoria.com.br\/index.php\/wp-json\/wp\/v2\/pages\/99\/revisions"}],"predecessor-version":[{"id":292,"href":"https:\/\/noblleconsultoria.com.br\/index.php\/wp-json\/wp\/v2\/pages\/99\/revisions\/292"}],"wp:attachment":[{"href":"https:\/\/noblleconsultoria.com.br\/index.php\/wp-json\/wp\/v2\/media?parent=99"}],"curies":[{"name":"wp","href":"https:\/\/api.w.org\/{rel}","templated":true}]}}